{"id":229813,"date":"2025-03-22T16:04:50","date_gmt":"2025-03-22T16:04:50","guid":{"rendered":"https:\/\/aromasentia.com\/product\/chakra-drop-banner-rainbow-183x35cm\/"},"modified":"2025-12-30T20:01:39","modified_gmt":"2025-12-30T20:01:39","slug":"batikwandtuecher-aus-bali-chakra-banner-regenbogenfarben-183x35cm","status":"publish","type":"product","link":"https:\/\/aromasentia.com\/de\/batikwandtuecher-aus-bali-chakra-banner-regenbogenfarben-183x35cm\/","title":{"rendered":"Batikwandt\u00fccher aus Bali Chakra-Banner &#8211; Regenbogenfarben 183x35cm"},"content":{"rendered":"<p>Atemberaubende und wundersch\u00f6ne Kunstwerke entstehen, indem das Design zun\u00e4chst mit hei\u00dfem Wachs direkt auf den Stoff gezeichnet und anschlie\u00dfend mit nat\u00fcrlichen Farbstoffen sorgf\u00e4ltig gestaltet wird. Anschlie\u00dfend wird der Stoff gespannt und in der Sonne getrocknet. Nach dem Auswaschen des Wachses erstrahlt das fertige Design in leuchtenden Farben. Entstanden auf Bali, in der K\u00fcnstler-Enklave Ubud. Diese Batik-Wandkunst eignet sich perfekt, um jedem Raum positive Energie zu verleihen.<\/p>\n","protected":false},"excerpt":{"rendered":"<p>Atemberaubende und wundersch\u00f6ne Kunstwerke entstehen, indem das Design zun\u00e4chst mit hei\u00dfem Wachs direkt auf den Stoff gezeichnet und anschlie\u00dfend mit nat\u00fcrlichen Farbstoffen sorgf\u00e4ltig gestaltet wird. Anschlie\u00dfend wird der Stoff gespannt und in der Sonne getrocknet. Nach dem Auswaschen des Wachses erstrahlt das fertige Design in leuchtenden Farben. Entstanden auf Bali, in der K\u00fcnstler-Enklave Ubud. Diese [&hellip;]<\/p>\n","protected":false},"featured_media":360727,"comment_status":"closed","ping_status":"open","template":"","meta":{"_angie_page":false},"product_brand":[],"product_cat":[14451,16872,18111],"product_tag":[],"class_list":{"0":"post-229813","1":"product","2":"type-product","3":"status-publish","4":"has-post-thumbnail","6":"product_cat-haus-und-gartendeko","7":"product_cat-textilien","8":"product_cat-wandbehange","9":"pa_collection-bali-wax-batik-wall-hangings-de","10":"pa_made-in-indonesien","12":"first","13":"instock","14":"purchasable","15":"product-type-simple"},"supplier_id":null,"supplier_sku":"Bwax-13","barcode":null,"atum_controlled":true,"out_stock_date":null,"out_stock_threshold":null,"inheritable":false,"inbound_stock":null,"stock_on_hold":0,"sold_today":0,"sales_last_days":0,"reserved_stock":null,"customer_returns":null,"warehouse_damage":null,"lost_in_post":null,"other_logs":null,"out_stock_days":0,"lost_sales":0,"has_location":null,"update_date":"2026-04-27T06:55:48","atum_locations":[],"atum_stock_status":"instock","restock_status":false,"low_stock_amount":"","sales_update_date":"2025-10-09T03:27:03","calc_backorders":null,"_links":{"self":[{"href":"https:\/\/aromasentia.com\/de\/wp-json\/wp\/v2\/product\/229813","targetHints":{"allow":["GET"]}}],"collection":[{"href":"https:\/\/aromasentia.com\/de\/wp-json\/wp\/v2\/product"}],"about":[{"href":"https:\/\/aromasentia.com\/de\/wp-json\/wp\/v2\/types\/product"}],"replies":[{"embeddable":true,"href":"https:\/\/aromasentia.com\/de\/wp-json\/wp\/v2\/comments?post=229813"}],"version-history":[{"count":0,"href":"https:\/\/aromasentia.com\/de\/wp-json\/wp\/v2\/product\/229813\/revisions"}],"wp:featuredmedia":[{"embeddable":true,"href":"https:\/\/aromasentia.com\/de\/wp-json\/wp\/v2\/media\/360727"}],"wp:attachment":[{"href":"https:\/\/aromasentia.com\/de\/wp-json\/wp\/v2\/media?parent=229813"}],"wp:term":[{"taxonomy":"product_brand","embeddable":true,"href":"https:\/\/aromasentia.com\/de\/wp-json\/wp\/v2\/product_brand?post=229813"},{"taxonomy":"product_cat","embeddable":true,"href":"https:\/\/aromasentia.com\/de\/wp-json\/wp\/v2\/product_cat?post=229813"},{"taxonomy":"product_tag","embeddable":true,"href":"https:\/\/aromasentia.com\/de\/wp-json\/wp\/v2\/product_tag?post=229813"}],"curies":[{"name":"wp","href":"https:\/\/api.w.org\/{rel}","templated":true}]}}