{"id":229805,"date":"2025-03-22T16:04:50","date_gmt":"2025-03-22T16:04:50","guid":{"rendered":"https:\/\/aromasentia.com\/product\/flower-of-life-and-love-107x103cm\/"},"modified":"2025-12-30T20:01:39","modified_gmt":"2025-12-30T20:01:39","slug":"batikwandtuecher-aus-bali-blume-des-lebens-und-der-liebe-107x103cm","status":"publish","type":"product","link":"https:\/\/aromasentia.com\/de\/batikwandtuecher-aus-bali-blume-des-lebens-und-der-liebe-107x103cm\/","title":{"rendered":"Batikwandt\u00fccher aus Bali Blume des Lebens und der Liebe 107x103cm"},"content":{"rendered":"<p>Werfen Sie einen Blick auf unsere erstaunlichen Wert Blume des Lebens und der Liebe Wandkunst wird eine erstaunliche Erg\u00e4nzung zu Ihrem Gesch\u00e4ft zu machen. &nbsp;<\/p>\n<p>Diese atemberaubende und wundersch\u00f6n gemacht Kunst wird durch erste Zeichnung das Design in hei\u00dfem Wachs direkt auf den Stoff, dann mit nat\u00fcrlichen Farbstoffen das Kunstwerk sorgf\u00e4ltig erstellt wird. Sp\u00e4ter wird der Stoff aufgespannt und in der Sonne getrocknet. Nachdem das Wachs ausgewaschen wurde, wird das endg\u00fcltige Design mit lebendigen, leuchtenden Farben lebendig.<\/p>\n<p>Diese Wandkunst wurde auf der Insel Bali in der k\u00fcnstlerischen Enklave Ubud geschaffen und ist perfekt, um positive Energie in jeden Raum zu bringen. Es w\u00e4re ein sch\u00f6nes Herzst\u00fcck an einer Wohnzimmerwand, Ihre Kunden werden seinem einzigartigen Charme nicht widerstehen k\u00f6nnen.<\/p>\n<p>Bestellen Sie noch heute, um Ihrem Gesch\u00e4ft einzigartige Kunst hinzuzuf\u00fcgen.<\/p>\n<p>\n","protected":false},"excerpt":{"rendered":"<p>Werfen Sie einen Blick auf unsere erstaunlichen Wert Blume des Lebens und der Liebe Wandkunst wird eine erstaunliche Erg\u00e4nzung zu Ihrem Gesch\u00e4ft zu machen. &nbsp; Diese atemberaubende und wundersch\u00f6n gemacht Kunst wird durch erste Zeichnung das Design in hei\u00dfem Wachs direkt auf den Stoff, dann mit nat\u00fcrlichen Farbstoffen das Kunstwerk sorgf\u00e4ltig erstellt wird. Sp\u00e4ter wird [&hellip;]<\/p>\n","protected":false},"featured_media":360711,"comment_status":"closed","ping_status":"open","template":"","meta":{"_angie_page":false},"product_brand":[],"product_cat":[14451,16872,18111],"product_tag":[],"class_list":{"0":"post-229805","1":"product","2":"type-product","3":"status-publish","4":"has-post-thumbnail","6":"product_cat-haus-und-gartendeko","7":"product_cat-textilien","8":"product_cat-wandbehange","9":"pa_collection-bali-wax-batik-wall-hangings-de","10":"pa_made-in-indonesien","12":"first","13":"instock","14":"purchasable","15":"product-type-simple"},"supplier_id":null,"supplier_sku":"Bwax-10","barcode":null,"atum_controlled":true,"out_stock_date":null,"out_stock_threshold":null,"inheritable":false,"inbound_stock":null,"stock_on_hold":0,"sold_today":0,"sales_last_days":0,"reserved_stock":null,"customer_returns":null,"warehouse_damage":null,"lost_in_post":null,"other_logs":null,"out_stock_days":0,"lost_sales":0,"has_location":null,"update_date":"2026-04-27T06:55:48","atum_locations":[],"atum_stock_status":"instock","restock_status":false,"low_stock_amount":"","sales_update_date":"2026-01-30T01:25:24","calc_backorders":null,"_links":{"self":[{"href":"https:\/\/aromasentia.com\/de\/wp-json\/wp\/v2\/product\/229805","targetHints":{"allow":["GET"]}}],"collection":[{"href":"https:\/\/aromasentia.com\/de\/wp-json\/wp\/v2\/product"}],"about":[{"href":"https:\/\/aromasentia.com\/de\/wp-json\/wp\/v2\/types\/product"}],"replies":[{"embeddable":true,"href":"https:\/\/aromasentia.com\/de\/wp-json\/wp\/v2\/comments?post=229805"}],"version-history":[{"count":0,"href":"https:\/\/aromasentia.com\/de\/wp-json\/wp\/v2\/product\/229805\/revisions"}],"wp:featuredmedia":[{"embeddable":true,"href":"https:\/\/aromasentia.com\/de\/wp-json\/wp\/v2\/media\/360711"}],"wp:attachment":[{"href":"https:\/\/aromasentia.com\/de\/wp-json\/wp\/v2\/media?parent=229805"}],"wp:term":[{"taxonomy":"product_brand","embeddable":true,"href":"https:\/\/aromasentia.com\/de\/wp-json\/wp\/v2\/product_brand?post=229805"},{"taxonomy":"product_cat","embeddable":true,"href":"https:\/\/aromasentia.com\/de\/wp-json\/wp\/v2\/product_cat?post=229805"},{"taxonomy":"product_tag","embeddable":true,"href":"https:\/\/aromasentia.com\/de\/wp-json\/wp\/v2\/product_tag?post=229805"}],"curies":[{"name":"wp","href":"https:\/\/api.w.org\/{rel}","templated":true}]}}