{"id":229777,"date":"2025-03-22T16:04:50","date_gmt":"2025-03-22T16:04:50","guid":{"rendered":"https:\/\/aromasentia.com\/product\/bali-patio-parasol-cotton-orange-decor-2m\/"},"modified":"2025-12-30T20:01:32","modified_gmt":"2025-12-30T20:01:32","slug":"bali-patio-parasol-cotton-orange-decor-2m","status":"publish","type":"product","link":"https:\/\/aromasentia.com\/de\/bali-patio-parasol-cotton-orange-decor-2m\/","title":{"rendered":"Bali Patio Parasol &#8211; Cotton &#8211; Orange Decor &#8211; 2m"},"content":{"rendered":"<p><span style=\"color: rgb(75, 80, 88);\">Der Bali Home Decor Sonnenschirm wird sorgf\u00e4ltig von Hand aus hochwertigem Canvas-Stoff gefertigt und ist somit langlebig und strapazierf\u00e4hig. Die nat\u00fcrliche Farbe strahlt nat\u00fcrliche Sch\u00f6nheit aus und passt perfekt zu verschiedenen Einrichtungsstilen und Farbpaletten. Der neutrale Farbton schafft eine ruhige und beruhigende Atmosph\u00e4re und verleiht Ihrem Zuhause einen Hauch von Ruhe.<\/span><\/p>\n<p><span style=\"color: rgb(75, 80, 88);\"><strong>Ma\u00dfe:<\/strong><\/span><\/p>\n<p><span style=\"color: rgb(75, 80, 88);\">H\u00f6he: 260 cm<\/span><\/p>\n<p><span style=\"color: rgb(75, 80, 88);\">Breite: 200 cm<\/span><\/p>\n","protected":false},"excerpt":{"rendered":"<p>Der Bali Home Decor Sonnenschirm wird sorgf\u00e4ltig von Hand aus hochwertigem Canvas-Stoff gefertigt und ist somit langlebig und strapazierf\u00e4hig. Die nat\u00fcrliche Farbe strahlt nat\u00fcrliche Sch\u00f6nheit aus und passt perfekt zu verschiedenen Einrichtungsstilen und Farbpaletten. Der neutrale Farbton schafft eine ruhige und beruhigende Atmosph\u00e4re und verleiht Ihrem Zuhause einen Hauch von Ruhe. Ma\u00dfe: H\u00f6he: 260 cm [&hellip;]<\/p>\n","protected":false},"featured_media":360416,"comment_status":"closed","ping_status":"open","template":"","meta":{"_angie_page":false},"product_brand":[],"product_cat":[14451,16883],"product_tag":[],"class_list":{"0":"post-229777","1":"product","2":"type-product","3":"status-publish","4":"has-post-thumbnail","6":"product_cat-haus-und-gartendeko","7":"product_cat-mobel","8":"pa_collection-barrel-tables-stools-de","9":"pa_made-in-indonesien","11":"first","12":"instock","13":"purchasable","14":"product-type-simple"},"supplier_id":null,"supplier_sku":"BPAR-06","barcode":null,"atum_controlled":true,"out_stock_date":null,"out_stock_threshold":null,"inheritable":false,"inbound_stock":null,"stock_on_hold":0,"sold_today":0,"sales_last_days":0,"reserved_stock":null,"customer_returns":null,"warehouse_damage":null,"lost_in_post":null,"other_logs":null,"out_stock_days":0,"lost_sales":0,"has_location":null,"update_date":"2026-04-27T06:55:40","atum_locations":[],"atum_stock_status":"instock","restock_status":false,"low_stock_amount":"","sales_update_date":"2025-10-09T03:26:58","calc_backorders":null,"_links":{"self":[{"href":"https:\/\/aromasentia.com\/de\/wp-json\/wp\/v2\/product\/229777","targetHints":{"allow":["GET"]}}],"collection":[{"href":"https:\/\/aromasentia.com\/de\/wp-json\/wp\/v2\/product"}],"about":[{"href":"https:\/\/aromasentia.com\/de\/wp-json\/wp\/v2\/types\/product"}],"replies":[{"embeddable":true,"href":"https:\/\/aromasentia.com\/de\/wp-json\/wp\/v2\/comments?post=229777"}],"version-history":[{"count":0,"href":"https:\/\/aromasentia.com\/de\/wp-json\/wp\/v2\/product\/229777\/revisions"}],"wp:featuredmedia":[{"embeddable":true,"href":"https:\/\/aromasentia.com\/de\/wp-json\/wp\/v2\/media\/360416"}],"wp:attachment":[{"href":"https:\/\/aromasentia.com\/de\/wp-json\/wp\/v2\/media?parent=229777"}],"wp:term":[{"taxonomy":"product_brand","embeddable":true,"href":"https:\/\/aromasentia.com\/de\/wp-json\/wp\/v2\/product_brand?post=229777"},{"taxonomy":"product_cat","embeddable":true,"href":"https:\/\/aromasentia.com\/de\/wp-json\/wp\/v2\/product_cat?post=229777"},{"taxonomy":"product_tag","embeddable":true,"href":"https:\/\/aromasentia.com\/de\/wp-json\/wp\/v2\/product_tag?post=229777"}],"curies":[{"name":"wp","href":"https:\/\/api.w.org\/{rel}","templated":true}]}}