{"id":229761,"date":"2025-03-22T16:04:50","date_gmt":"2025-03-22T16:04:50","guid":{"rendered":"https:\/\/aromasentia.com\/product\/bali-home-decor-parasol-canvas-natural-40cm\/"},"modified":"2025-12-30T20:01:32","modified_gmt":"2025-12-30T20:01:32","slug":"bali-home-decor-sonnenschirm-leinwand-natur-40-cm","status":"publish","type":"product","link":"https:\/\/aromasentia.com\/de\/bali-home-decor-sonnenschirm-leinwand-natur-40-cm\/","title":{"rendered":"Bali Home Decor Sonnenschirm \u2013 Leinwand \u2013 Natur \u2013 40 cm"},"content":{"rendered":"<p>Der Bali Home Decor Sonnenschirm in einem zeitlosen Naturton wertet Ihr Zuhause mit Eleganz und Stil auf. <\/p>\n<p>Der Bali Home Decor Sonnenschirm wird in aufw\u00e4ndiger Handarbeit aus hochwertigem Canvas-Stoff hergestellt, der Langlebigkeit und Haltbarkeit garantiert. Die nat\u00fcrliche Farbe strahlt einen Sinn f\u00fcr organische Sch\u00f6nheit aus und passt m\u00fchelos zu verschiedenen Einrichtungsthemen und Farbpaletten. Der neutrale Ton schafft ein ruhiges und beruhigendes Ambiente und verleiht Ihrem Innenraum einen Hauch von Gelassenheit.<\/p>\n<p><strong>Ma\u00dfe:<\/strong><\/p>\n<p>H\u00f6he: 68cm<\/p>\n<p>Breite: 40cm<\/p>\n<p><\/p>\n<p>Bitte beachten Sie: Diese Sonnenschirme sind nicht f\u00fcr den Gebrauch im Freien oder als funktionale Schattenspender gedacht. Sie sind f\u00fcr dekorative Zwecke gedacht.<\/p>\n","protected":false},"excerpt":{"rendered":"<p>Der Bali Home Decor Sonnenschirm in einem zeitlosen Naturton wertet Ihr Zuhause mit Eleganz und Stil auf. Der Bali Home Decor Sonnenschirm wird in aufw\u00e4ndiger Handarbeit aus hochwertigem Canvas-Stoff hergestellt, der Langlebigkeit und Haltbarkeit garantiert. Die nat\u00fcrliche Farbe strahlt einen Sinn f\u00fcr organische Sch\u00f6nheit aus und passt m\u00fchelos zu verschiedenen Einrichtungsthemen und Farbpaletten. Der neutrale [&hellip;]<\/p>\n","protected":false},"featured_media":360324,"comment_status":"closed","ping_status":"open","template":"","meta":{"_angie_page":false},"product_brand":[],"product_cat":[16895,14451],"product_tag":[],"class_list":{"0":"post-229761","1":"product","2":"type-product","3":"status-publish","4":"has-post-thumbnail","6":"product_cat-dekoration","7":"product_cat-haus-und-gartendeko","8":"pa_collection-bali-decor-parasols-de","9":"pa_made-in-indonesien","11":"first","12":"instock","13":"purchasable","14":"product-type-simple"},"supplier_id":null,"supplier_sku":"BPAR-08","barcode":null,"atum_controlled":true,"out_stock_date":null,"out_stock_threshold":null,"inheritable":false,"inbound_stock":null,"stock_on_hold":0,"sold_today":0,"sales_last_days":0,"reserved_stock":null,"customer_returns":null,"warehouse_damage":null,"lost_in_post":null,"other_logs":null,"out_stock_days":0,"lost_sales":0,"has_location":null,"update_date":"2026-05-04T00:02:51","atum_locations":[],"atum_stock_status":"instock","restock_status":false,"low_stock_amount":"","sales_update_date":"2026-01-30T01:25:24","calc_backorders":null,"_links":{"self":[{"href":"https:\/\/aromasentia.com\/de\/wp-json\/wp\/v2\/product\/229761","targetHints":{"allow":["GET"]}}],"collection":[{"href":"https:\/\/aromasentia.com\/de\/wp-json\/wp\/v2\/product"}],"about":[{"href":"https:\/\/aromasentia.com\/de\/wp-json\/wp\/v2\/types\/product"}],"replies":[{"embeddable":true,"href":"https:\/\/aromasentia.com\/de\/wp-json\/wp\/v2\/comments?post=229761"}],"version-history":[{"count":0,"href":"https:\/\/aromasentia.com\/de\/wp-json\/wp\/v2\/product\/229761\/revisions"}],"wp:featuredmedia":[{"embeddable":true,"href":"https:\/\/aromasentia.com\/de\/wp-json\/wp\/v2\/media\/360324"}],"wp:attachment":[{"href":"https:\/\/aromasentia.com\/de\/wp-json\/wp\/v2\/media?parent=229761"}],"wp:term":[{"taxonomy":"product_brand","embeddable":true,"href":"https:\/\/aromasentia.com\/de\/wp-json\/wp\/v2\/product_brand?post=229761"},{"taxonomy":"product_cat","embeddable":true,"href":"https:\/\/aromasentia.com\/de\/wp-json\/wp\/v2\/product_cat?post=229761"},{"taxonomy":"product_tag","embeddable":true,"href":"https:\/\/aromasentia.com\/de\/wp-json\/wp\/v2\/product_tag?post=229761"}],"curies":[{"name":"wp","href":"https:\/\/api.w.org\/{rel}","templated":true}]}}