{"id":229745,"date":"2025-03-22T16:04:50","date_gmt":"2025-03-22T16:04:50","guid":{"rendered":"https:\/\/aromasentia.com\/product\/boho-comfort-throws-125x150cm-ruby-two-tone\/"},"modified":"2025-12-30T20:01:24","modified_gmt":"2025-12-30T20:01:24","slug":"boho-comfort-aoeberwuerfe-125-x-150-cm-rubinrot-zweifarbig","status":"publish","type":"product","link":"https:\/\/aromasentia.com\/de\/boho-comfort-aoeberwuerfe-125-x-150-cm-rubinrot-zweifarbig\/","title":{"rendered":"Boho Comfort-\u00c3\u0153berw\u00fcrfe \u2013 125 x 150 cm  \u2013 Rubinrot, zweifarbig"},"content":{"rendered":"<p><span style=\"color: rgb(75, 80, 88);\">Wir stellen unsere Boho Comfort Throws vor \u2013 die ultimative M\u00f6glichkeit, Ihrem Sortiment eine Prise Boho-Charme zu verleihen und Kunden anzusprechen, die sich sowohl nach Stil als auch nach Gem\u00fctlichkeit sehnen. Bei diesen \u00dcberw\u00fcrfen geht es darum, Komfort und \u00c4sthetik nahtlos zu verbinden.<\/span><\/p>\n<p><span style=\"color: rgb(75, 80, 88);\"><strong>Die mit Liebe gefertigten Boho Comfort Throws bestehen aus 100 % Baumwolle.<\/strong><\/span><\/p>\n<p><span style=\"color: rgb(75, 80, 88);\">Tauchen Sie ein in ein Meer der Entspannung mit unserem <strong>Ruby Two Tone Boho Comfort Throw<\/strong>. Der satte Rubinton schafft eine gem\u00fctliche, einladende Atmosph\u00e4re, w\u00e4hrend das zweifarbige Design f\u00fcr optische Abwechslung sorgt. <strong>Mit den Ma\u00dfen 125 x 150 cm (ohne Fransen)<\/strong> ist es perfekt f\u00fcr alle, die Komfort und Lebendigkeit suchen.<\/span><\/p>\n<p><span style=\"color: rgb(141, 186, 216);\"><strong>Holen Sie sich Boho-Vibes und werten Sie das Inventar Ihres Gesch\u00e4fts noch heute mit diesen unwiderstehlichen \u00dcberw\u00fcrfen auf!<\/strong><\/span><\/p>\n","protected":false},"excerpt":{"rendered":"<p>Wir stellen unsere Boho Comfort Throws vor \u2013 die ultimative M\u00f6glichkeit, Ihrem Sortiment eine Prise Boho-Charme zu verleihen und Kunden anzusprechen, die sich sowohl nach Stil als auch nach Gem\u00fctlichkeit sehnen. Bei diesen \u00dcberw\u00fcrfen geht es darum, Komfort und \u00c4sthetik nahtlos zu verbinden. Die mit Liebe gefertigten Boho Comfort Throws bestehen aus 100 % Baumwolle. [&hellip;]<\/p>\n","protected":false},"featured_media":360168,"comment_status":"closed","ping_status":"open","template":"","meta":{"_angie_page":false},"product_brand":[],"product_cat":[14451,16872,17949],"product_tag":[],"class_list":{"0":"post-229745","1":"product","2":"type-product","3":"status-publish","4":"has-post-thumbnail","6":"product_cat-haus-und-gartendeko","7":"product_cat-textilien","8":"product_cat-wohndecken","9":"pa_collection-bali-decor-parasols-de","10":"pa_made-in-indien","12":"first","13":"instock","14":"purchasable","15":"product-type-simple"},"supplier_id":null,"supplier_sku":"BOHOT-04","barcode":null,"atum_controlled":true,"out_stock_date":null,"out_stock_threshold":null,"inheritable":false,"inbound_stock":null,"stock_on_hold":0,"sold_today":0,"sales_last_days":0,"reserved_stock":null,"customer_returns":null,"warehouse_damage":null,"lost_in_post":null,"other_logs":null,"out_stock_days":0,"lost_sales":0,"has_location":null,"update_date":"2026-04-27T06:55:25","atum_locations":[],"atum_stock_status":"instock","restock_status":false,"low_stock_amount":"","sales_update_date":"2025-10-09T03:26:47","calc_backorders":null,"_links":{"self":[{"href":"https:\/\/aromasentia.com\/de\/wp-json\/wp\/v2\/product\/229745","targetHints":{"allow":["GET"]}}],"collection":[{"href":"https:\/\/aromasentia.com\/de\/wp-json\/wp\/v2\/product"}],"about":[{"href":"https:\/\/aromasentia.com\/de\/wp-json\/wp\/v2\/types\/product"}],"replies":[{"embeddable":true,"href":"https:\/\/aromasentia.com\/de\/wp-json\/wp\/v2\/comments?post=229745"}],"version-history":[{"count":0,"href":"https:\/\/aromasentia.com\/de\/wp-json\/wp\/v2\/product\/229745\/revisions"}],"wp:featuredmedia":[{"embeddable":true,"href":"https:\/\/aromasentia.com\/de\/wp-json\/wp\/v2\/media\/360168"}],"wp:attachment":[{"href":"https:\/\/aromasentia.com\/de\/wp-json\/wp\/v2\/media?parent=229745"}],"wp:term":[{"taxonomy":"product_brand","embeddable":true,"href":"https:\/\/aromasentia.com\/de\/wp-json\/wp\/v2\/product_brand?post=229745"},{"taxonomy":"product_cat","embeddable":true,"href":"https:\/\/aromasentia.com\/de\/wp-json\/wp\/v2\/product_cat?post=229745"},{"taxonomy":"product_tag","embeddable":true,"href":"https:\/\/aromasentia.com\/de\/wp-json\/wp\/v2\/product_tag?post=229745"}],"curies":[{"name":"wp","href":"https:\/\/api.w.org\/{rel}","templated":true}]}}