{"id":229733,"date":"2025-03-22T16:04:50","date_gmt":"2025-03-22T16:04:50","guid":{"rendered":"https:\/\/aromasentia.com\/product\/boho-comfort-throws-125x150cm-navy-zigzag\/"},"modified":"2025-12-30T20:01:24","modified_gmt":"2025-12-30T20:01:24","slug":"boho-komfortueberwuerfe-125-x-150-cm-marineblaues-zickzackmuster","status":"publish","type":"product","link":"https:\/\/aromasentia.com\/de\/boho-komfortueberwuerfe-125-x-150-cm-marineblaues-zickzackmuster\/","title":{"rendered":"Boho-Komfort\u00fcberw\u00fcrfe \u2013 125 x 150 cm \u2013 Marineblaues Zickzackmuster"},"content":{"rendered":"<p><span style=\"color: rgb(75, 80, 88);\">Wir stellen unsere Boho Comfort Throws vor \u2013 die ultimative M\u00f6glichkeit, Ihrem Sortiment einen Hauch von Boho-Charme zu verleihen und Kunden anzusprechen, die Wert auf Stil und Gem\u00fctlichkeit legen. Bei diesen \u00dcberw\u00fcrfen geht es darum, Komfort und \u00c4sthetik nahtlos zu vereinen.<\/span><\/p>\n<p><span style=\"color: rgb(75, 80, 88);\"><strong>Die mit Liebe gefertigten Boho Comfort Throws bestehen aus 100 % Baumwolle.<\/strong><\/span><\/p>\n<p><span style=\"color: rgb(75, 80, 88);\">Tauchen Sie ein in ein Meer der Entspannung mit unserem <strong>Navy Zigzag Boho Comfort Throw<\/strong>. Sein satter Marineton und das komplizierte Zickzackmuster sorgen f\u00fcr einen eleganten, nautisch inspirierten Look. <strong>Mit den Ma\u00dfen 125 x 150 cm (ohne Fransen)<\/strong> ist diese Decke gro\u00dfz\u00fcgig bemessen f\u00fcr maximalen Komfort und Stil.<\/span><\/p>\n<p><span style=\"color: rgb(141, 186, 216);\"><strong>Holen Sie sich Boho-Vibes und werten Sie das Inventar Ihres Gesch\u00e4fts noch heute mit diesen unwiderstehlichen Decken auf!<\/strong><\/span><\/p>\n","protected":false},"excerpt":{"rendered":"<p>Wir stellen unsere Boho Comfort Throws vor \u2013 die ultimative M\u00f6glichkeit, Ihrem Sortiment einen Hauch von Boho-Charme zu verleihen und Kunden anzusprechen, die Wert auf Stil und Gem\u00fctlichkeit legen. Bei diesen \u00dcberw\u00fcrfen geht es darum, Komfort und \u00c4sthetik nahtlos zu vereinen. Die mit Liebe gefertigten Boho Comfort Throws bestehen aus 100 % Baumwolle. Tauchen Sie [&hellip;]<\/p>\n","protected":false},"featured_media":360037,"comment_status":"closed","ping_status":"open","template":"","meta":{"_angie_page":false},"product_brand":[],"product_cat":[14451,16872,17949],"product_tag":[],"class_list":{"0":"post-229733","1":"product","2":"type-product","3":"status-publish","4":"has-post-thumbnail","6":"product_cat-haus-und-gartendeko","7":"product_cat-textilien","8":"product_cat-wohndecken","9":"pa_collection-boho-comfort-throws-de","10":"pa_made-in-indien","12":"first","13":"instock","14":"purchasable","15":"product-type-simple"},"supplier_id":null,"supplier_sku":"BOHOT-01","barcode":null,"atum_controlled":true,"out_stock_date":null,"out_stock_threshold":null,"inheritable":false,"inbound_stock":null,"stock_on_hold":0,"sold_today":0,"sales_last_days":0,"reserved_stock":null,"customer_returns":null,"warehouse_damage":null,"lost_in_post":null,"other_logs":null,"out_stock_days":0,"lost_sales":0,"has_location":null,"update_date":"2026-04-27T06:55:25","atum_locations":[],"atum_stock_status":"instock","restock_status":false,"low_stock_amount":"","sales_update_date":"2026-01-30T01:25:45","calc_backorders":null,"_links":{"self":[{"href":"https:\/\/aromasentia.com\/de\/wp-json\/wp\/v2\/product\/229733","targetHints":{"allow":["GET"]}}],"collection":[{"href":"https:\/\/aromasentia.com\/de\/wp-json\/wp\/v2\/product"}],"about":[{"href":"https:\/\/aromasentia.com\/de\/wp-json\/wp\/v2\/types\/product"}],"replies":[{"embeddable":true,"href":"https:\/\/aromasentia.com\/de\/wp-json\/wp\/v2\/comments?post=229733"}],"version-history":[{"count":0,"href":"https:\/\/aromasentia.com\/de\/wp-json\/wp\/v2\/product\/229733\/revisions"}],"wp:featuredmedia":[{"embeddable":true,"href":"https:\/\/aromasentia.com\/de\/wp-json\/wp\/v2\/media\/360037"}],"wp:attachment":[{"href":"https:\/\/aromasentia.com\/de\/wp-json\/wp\/v2\/media?parent=229733"}],"wp:term":[{"taxonomy":"product_brand","embeddable":true,"href":"https:\/\/aromasentia.com\/de\/wp-json\/wp\/v2\/product_brand?post=229733"},{"taxonomy":"product_cat","embeddable":true,"href":"https:\/\/aromasentia.com\/de\/wp-json\/wp\/v2\/product_cat?post=229733"},{"taxonomy":"product_tag","embeddable":true,"href":"https:\/\/aromasentia.com\/de\/wp-json\/wp\/v2\/product_tag?post=229733"}],"curies":[{"name":"wp","href":"https:\/\/api.w.org\/{rel}","templated":true}]}}