{"id":229705,"date":"2025-03-22T16:04:50","date_gmt":"2025-03-22T16:04:50","guid":{"rendered":"https:\/\/aromasentia.com\/product\/greek-clay-plant-pot-cream-12cm\/"},"modified":"2025-12-30T20:01:17","modified_gmt":"2025-12-30T20:01:17","slug":"griechischer-blumentopf-aus-ton-creme-12-cm","status":"publish","type":"product","link":"https:\/\/aromasentia.com\/de\/griechischer-blumentopf-aus-ton-creme-12-cm\/","title":{"rendered":"Griechischer Blumentopf aus Ton \u2013 Creme 12 cm"},"content":{"rendered":"<p><span style=\"color: rgb(75, 80, 88);\">Versch\u00f6nern Sie Ihre Pflanzenpr\u00e4sentation mit unserem <strong>Griechischen Tontopf<\/strong> in Creme. Er wurde sorgf\u00e4ltig entworfen, um Ihrem Wohnraum einen Hauch zeitloser Eleganz zu verleihen. Dieser raffinierte 12-cm-Topf verbindet nahtlos klassisches griechisches Design mit einem Hauch moderner Eleganz.<\/span><\/p>\n<p><span style=\"color: rgb(75, 80, 88);\">Dieser cremefarbene Tontopf wurde mit h\u00f6chster Pr\u00e4zision handgefertigt und verleiht jeder Umgebung ein Gef\u00fchl der Ruhe. Das Streifenmuster unterstreicht die Sch\u00f6nheit der Schlichtheit und macht ihn zur perfekten Erg\u00e4nzung f\u00fcr eine Vielzahl von Pflanzen. Ob auf Ihrer Fensterbank, einem Regal oder einem Tisch platziert, dieser Topf steigert m\u00fchelos die \u00e4sthetische Wirkung Ihrer gr\u00fcnen Begleiter.<\/span><\/p>\n<p><span style=\"color: rgb(75, 80, 88);\"><strong>Die Vasen bestehen aus Terrakotta, einer Art Ton, und sind in verschiedenen Formen und Gr\u00f6\u00dfen erh\u00e4ltlich.&nbsp;<\/strong>Die Vasen sind mit verschiedenen Mustern verziert, die vom reichen kulturellen Erbe Indonesiens inspiriert sind. Die Designs reichen von einfachen geometrischen Mustern bis hin zu nat\u00fcrlichen Motiven. Bemalt in neutralen Farben \u2013 Wei\u00df, Creme und Schwarz.<\/span><\/p>\n<p><span style=\"color: rgb(75, 80, 88);\">Lombok-Keramikvasen sind ein Zeugnis indonesischer T\u00f6pferkunst und werden von Sammlern und Liebhabern gesch\u00e4tzt.<\/span><\/p>\n<p><span style=\"color: rgb(75, 80, 88);\"><strong>BITTE BEACHTEN:<\/strong> Diese Vasen dienen nur zu Dekorationszwecken, da sie nicht wasserdicht sind und nur f\u00fcr die Verwendung mit getrockneten Blumen vorgesehen sind.<\/span><\/p>\n","protected":false},"excerpt":{"rendered":"<p>Versch\u00f6nern Sie Ihre Pflanzenpr\u00e4sentation mit unserem Griechischen Tontopf in Creme. Er wurde sorgf\u00e4ltig entworfen, um Ihrem Wohnraum einen Hauch zeitloser Eleganz zu verleihen. Dieser raffinierte 12-cm-Topf verbindet nahtlos klassisches griechisches Design mit einem Hauch moderner Eleganz. Dieser cremefarbene Tontopf wurde mit h\u00f6chster Pr\u00e4zision handgefertigt und verleiht jeder Umgebung ein Gef\u00fchl der Ruhe. Das Streifenmuster unterstreicht [&hellip;]<\/p>\n","protected":false},"featured_media":359758,"comment_status":"closed","ping_status":"open","template":"","meta":{"_angie_page":false},"product_brand":[],"product_cat":[14451,16979],"product_tag":[],"class_list":{"0":"post-229705","1":"product","2":"type-product","3":"status-publish","4":"has-post-thumbnail","6":"product_cat-haus-und-gartendeko","7":"product_cat-statuen-und-figuren","8":"pa_collection-feng-shui-buddha-set-de","9":"pa_made-in-indonesien","11":"first","12":"instock","13":"purchasable","14":"product-type-simple"},"supplier_id":null,"supplier_sku":"BCV-16","barcode":null,"atum_controlled":true,"out_stock_date":null,"out_stock_threshold":null,"inheritable":false,"inbound_stock":null,"stock_on_hold":0,"sold_today":0,"sales_last_days":0,"reserved_stock":null,"customer_returns":null,"warehouse_damage":null,"lost_in_post":null,"other_logs":null,"out_stock_days":0,"lost_sales":0,"has_location":null,"update_date":"2026-04-27T06:54:41","atum_locations":[],"atum_stock_status":"instock","restock_status":false,"low_stock_amount":"","sales_update_date":"2026-01-30T01:24:25","calc_backorders":null,"_links":{"self":[{"href":"https:\/\/aromasentia.com\/de\/wp-json\/wp\/v2\/product\/229705","targetHints":{"allow":["GET"]}}],"collection":[{"href":"https:\/\/aromasentia.com\/de\/wp-json\/wp\/v2\/product"}],"about":[{"href":"https:\/\/aromasentia.com\/de\/wp-json\/wp\/v2\/types\/product"}],"replies":[{"embeddable":true,"href":"https:\/\/aromasentia.com\/de\/wp-json\/wp\/v2\/comments?post=229705"}],"version-history":[{"count":0,"href":"https:\/\/aromasentia.com\/de\/wp-json\/wp\/v2\/product\/229705\/revisions"}],"wp:featuredmedia":[{"embeddable":true,"href":"https:\/\/aromasentia.com\/de\/wp-json\/wp\/v2\/media\/359758"}],"wp:attachment":[{"href":"https:\/\/aromasentia.com\/de\/wp-json\/wp\/v2\/media?parent=229705"}],"wp:term":[{"taxonomy":"product_brand","embeddable":true,"href":"https:\/\/aromasentia.com\/de\/wp-json\/wp\/v2\/product_brand?post=229705"},{"taxonomy":"product_cat","embeddable":true,"href":"https:\/\/aromasentia.com\/de\/wp-json\/wp\/v2\/product_cat?post=229705"},{"taxonomy":"product_tag","embeddable":true,"href":"https:\/\/aromasentia.com\/de\/wp-json\/wp\/v2\/product_tag?post=229705"}],"curies":[{"name":"wp","href":"https:\/\/api.w.org\/{rel}","templated":true}]}}