{"id":229701,"date":"2025-03-22T16:04:50","date_gmt":"2025-03-22T16:04:50","guid":{"rendered":"https:\/\/aromasentia.com\/product\/greek-clay-plant-pot-with-handles-cream-15cm\/"},"modified":"2025-12-30T20:01:17","modified_gmt":"2025-12-30T20:01:17","slug":"griechischer-blumentopf-aus-ton-mit-griffen-creme-15-cm","status":"publish","type":"product","link":"https:\/\/aromasentia.com\/de\/griechischer-blumentopf-aus-ton-mit-griffen-creme-15-cm\/","title":{"rendered":"Griechischer Blumentopf aus Ton mit Griffen \u2013 Creme 15 cm"},"content":{"rendered":"<p><span style=\"color: rgb(75, 80, 88);\">Der cremefarbene <strong>Griechische Ton-Blumentopf<\/strong><strong>mit Griffen<\/strong> vereint klassische Eleganz mit praktischem Design. Dieser 15 cm gro\u00dfe Blumentopf wurde sorgf\u00e4ltig in Indonesien hergestellt und unterstreicht den Reiz griechischer \u00c4sthetik. Dank der durchdachten Griffe bietet er zus\u00e4tzlichen Komfort.<\/span><\/p>\n<p><span style=\"color: rgb(75, 80, 88);\">Der Cremeton verleiht Ihrer Pflanzenpr\u00e4sentation eine raffinierte Note und f\u00fcgt sich m\u00fchelos in verschiedene Einrichtungsstile ein. Die integrierten Griffe verleihen dem Topf nicht nur einen besonderen Reiz, sondern erleichtern auch die Mobilit\u00e4t, sodass Sie Ihre Pflanzen ganz nach Ihren W\u00fcnschen verschieben und neu anordnen k\u00f6nnen.<\/span><\/p>\n<p><span style=\"color: rgb(75, 80, 88);\"><strong>Die Vasen bestehen aus Terrakotta, einer Tonart, und sind in verschiedenen Formen und Gr\u00f6\u00dfen erh\u00e4ltlich.&nbsp;<\/strong>Die Vasen sind mit verschiedenen Mustern verziert, die vom reichen kulturellen Erbe Indonesiens inspiriert sind. Die Designs reichen von einfachen geometrischen Mustern bis hin zu nat\u00fcrlichen Motiven. Bemalt in neutralen Farben \u2013 Wei\u00df, Creme und Schwarz.<\/span><\/p>\n<p><span style=\"color: rgb(75, 80, 88);\">Lombok-Keramikvasen sind ein Zeugnis indonesischer T\u00f6pferkunst und werden von Sammlern und Liebhabern gesch\u00e4tzt.<\/span><\/p>\n<p><span style=\"color: rgb(75, 80, 88);\"><strong>BITTE BEACHTEN:<\/strong> Diese Vasen dienen nur zu Dekorationszwecken, da sie nicht wasserdicht sind und nur f\u00fcr die Verwendung mit getrockneten Blumen vorgesehen sind.<\/span><\/p>\n","protected":false},"excerpt":{"rendered":"<p>Der cremefarbene Griechische Ton-Blumentopfmit Griffen vereint klassische Eleganz mit praktischem Design. Dieser 15 cm gro\u00dfe Blumentopf wurde sorgf\u00e4ltig in Indonesien hergestellt und unterstreicht den Reiz griechischer \u00c4sthetik. Dank der durchdachten Griffe bietet er zus\u00e4tzlichen Komfort. Der Cremeton verleiht Ihrer Pflanzenpr\u00e4sentation eine raffinierte Note und f\u00fcgt sich m\u00fchelos in verschiedene Einrichtungsstile ein. Die integrierten Griffe verleihen [&hellip;]<\/p>\n","protected":false},"featured_media":359741,"comment_status":"closed","ping_status":"open","template":"","meta":{"_angie_page":false},"product_brand":[],"product_cat":[14451,16979],"product_tag":[],"class_list":{"0":"post-229701","1":"product","2":"type-product","3":"status-publish","4":"has-post-thumbnail","6":"product_cat-haus-und-gartendeko","7":"product_cat-statuen-und-figuren","8":"pa_collection-feng-shui-buddha-set-de","9":"pa_made-in-indonesien","11":"first","12":"instock","13":"purchasable","14":"product-type-simple"},"supplier_id":null,"supplier_sku":"BCV-15","barcode":null,"atum_controlled":true,"out_stock_date":null,"out_stock_threshold":null,"inheritable":false,"inbound_stock":null,"stock_on_hold":0,"sold_today":0,"sales_last_days":0,"reserved_stock":null,"customer_returns":null,"warehouse_damage":null,"lost_in_post":null,"other_logs":null,"out_stock_days":0,"lost_sales":0,"has_location":null,"update_date":"2026-04-27T06:54:41","atum_locations":[],"atum_stock_status":"instock","restock_status":false,"low_stock_amount":"","sales_update_date":"2026-01-30T01:25:38","calc_backorders":null,"_links":{"self":[{"href":"https:\/\/aromasentia.com\/de\/wp-json\/wp\/v2\/product\/229701","targetHints":{"allow":["GET"]}}],"collection":[{"href":"https:\/\/aromasentia.com\/de\/wp-json\/wp\/v2\/product"}],"about":[{"href":"https:\/\/aromasentia.com\/de\/wp-json\/wp\/v2\/types\/product"}],"replies":[{"embeddable":true,"href":"https:\/\/aromasentia.com\/de\/wp-json\/wp\/v2\/comments?post=229701"}],"version-history":[{"count":0,"href":"https:\/\/aromasentia.com\/de\/wp-json\/wp\/v2\/product\/229701\/revisions"}],"wp:featuredmedia":[{"embeddable":true,"href":"https:\/\/aromasentia.com\/de\/wp-json\/wp\/v2\/media\/359741"}],"wp:attachment":[{"href":"https:\/\/aromasentia.com\/de\/wp-json\/wp\/v2\/media?parent=229701"}],"wp:term":[{"taxonomy":"product_brand","embeddable":true,"href":"https:\/\/aromasentia.com\/de\/wp-json\/wp\/v2\/product_brand?post=229701"},{"taxonomy":"product_cat","embeddable":true,"href":"https:\/\/aromasentia.com\/de\/wp-json\/wp\/v2\/product_cat?post=229701"},{"taxonomy":"product_tag","embeddable":true,"href":"https:\/\/aromasentia.com\/de\/wp-json\/wp\/v2\/product_tag?post=229701"}],"curies":[{"name":"wp","href":"https:\/\/api.w.org\/{rel}","templated":true}]}}