{"id":229677,"date":"2025-03-22T16:04:50","date_gmt":"2025-03-22T16:04:50","guid":{"rendered":"https:\/\/aromasentia.com\/product\/round-donut-shaped-vase-cream-23cm\/"},"modified":"2025-12-30T20:01:17","modified_gmt":"2025-12-30T20:01:17","slug":"runde-vase-in-donutform-creme-23-cm","status":"publish","type":"product","link":"https:\/\/aromasentia.com\/de\/runde-vase-in-donutform-creme-23-cm\/","title":{"rendered":"Runde Vase in Donutform \u2013 Creme 23 cm"},"content":{"rendered":"<p><span style=\"color: rgb(75, 80, 88);\"><strong>Die runde, cremefarbene Donut-Vase mit 23 cm Durchmesser ist eine kompaktere Version des klassischen Designs<\/strong> und stellt eine praktische und dennoch elegante Wahl dar. Das beruhigende cremefarbene Finish verst\u00e4rkt ihre zeitlose Ausstrahlung und macht sie zu einer vielseitigen und charmanten Erg\u00e4nzung f\u00fcr jede Sammlung.<\/span> <\/p>\n<p><span style=\"color: rgb(75, 80, 88);\"><strong>Die Vasen bestehen aus Terrakotta, einer Tonart, und sind in verschiedenen Formen und Gr\u00f6\u00dfen erh\u00e4ltlich.&nbsp;<\/strong>Die Vasen sind mit verschiedenen Mustern verziert, die vom reichen kulturellen Erbe Indonesiens inspiriert sind. Die Designs reichen von einfachen geometrischen Mustern bis hin zu nat\u00fcrlichen Motiven. Bemalt in neutralen Farben \u2013 Wei\u00df, Creme und Schwarz.<\/span><\/p>\n<p><span style=\"color: rgb(75, 80, 88);\">Lombok-Keramikvasen sind ein Zeugnis indonesischer T\u00f6pferkunst und werden von Sammlern und Liebhabern gesch\u00e4tzt.<\/span><\/p>\n<p><span style=\"color: rgb(75, 80, 88);\"><strong>BITTE BEACHTEN:<\/strong> Diese Vasen dienen nur zu Dekorationszwecken, da sie nicht wasserdicht sind und nur f\u00fcr die Verwendung mit getrockneten Blumen vorgesehen sind.<\/span><\/p>\n","protected":false},"excerpt":{"rendered":"<p>Die runde, cremefarbene Donut-Vase mit 23 cm Durchmesser ist eine kompaktere Version des klassischen Designs und stellt eine praktische und dennoch elegante Wahl dar. Das beruhigende cremefarbene Finish verst\u00e4rkt ihre zeitlose Ausstrahlung und macht sie zu einer vielseitigen und charmanten Erg\u00e4nzung f\u00fcr jede Sammlung. Die Vasen bestehen aus Terrakotta, einer Tonart, und sind in verschiedenen [&hellip;]<\/p>\n","protected":false},"featured_media":359559,"comment_status":"closed","ping_status":"open","template":"","meta":{"_angie_page":false},"product_brand":[],"product_cat":[16895,14451,17385],"product_tag":[],"class_list":{"0":"post-229677","1":"product","2":"type-product","3":"status-publish","4":"has-post-thumbnail","6":"product_cat-dekoration","7":"product_cat-haus-und-gartendeko","8":"product_cat-vasen","9":"pa_collection-ceramic-vases-from-lombok-de","10":"pa_made-in-indonesien","12":"first","13":"instock","14":"purchasable","15":"product-type-simple"},"supplier_id":null,"supplier_sku":"BCV-09","barcode":null,"atum_controlled":true,"out_stock_date":null,"out_stock_threshold":null,"inheritable":false,"inbound_stock":null,"stock_on_hold":0,"sold_today":0,"sales_last_days":0,"reserved_stock":null,"customer_returns":null,"warehouse_damage":null,"lost_in_post":null,"other_logs":null,"out_stock_days":0,"lost_sales":0,"has_location":null,"update_date":"2026-04-27T06:54:41","atum_locations":[],"atum_stock_status":"instock","restock_status":false,"low_stock_amount":"","sales_update_date":"2025-10-09T03:26:11","calc_backorders":null,"_links":{"self":[{"href":"https:\/\/aromasentia.com\/de\/wp-json\/wp\/v2\/product\/229677","targetHints":{"allow":["GET"]}}],"collection":[{"href":"https:\/\/aromasentia.com\/de\/wp-json\/wp\/v2\/product"}],"about":[{"href":"https:\/\/aromasentia.com\/de\/wp-json\/wp\/v2\/types\/product"}],"replies":[{"embeddable":true,"href":"https:\/\/aromasentia.com\/de\/wp-json\/wp\/v2\/comments?post=229677"}],"version-history":[{"count":0,"href":"https:\/\/aromasentia.com\/de\/wp-json\/wp\/v2\/product\/229677\/revisions"}],"wp:featuredmedia":[{"embeddable":true,"href":"https:\/\/aromasentia.com\/de\/wp-json\/wp\/v2\/media\/359559"}],"wp:attachment":[{"href":"https:\/\/aromasentia.com\/de\/wp-json\/wp\/v2\/media?parent=229677"}],"wp:term":[{"taxonomy":"product_brand","embeddable":true,"href":"https:\/\/aromasentia.com\/de\/wp-json\/wp\/v2\/product_brand?post=229677"},{"taxonomy":"product_cat","embeddable":true,"href":"https:\/\/aromasentia.com\/de\/wp-json\/wp\/v2\/product_cat?post=229677"},{"taxonomy":"product_tag","embeddable":true,"href":"https:\/\/aromasentia.com\/de\/wp-json\/wp\/v2\/product_tag?post=229677"}],"curies":[{"name":"wp","href":"https:\/\/api.w.org\/{rel}","templated":true}]}}