{"id":229673,"date":"2025-03-22T16:04:50","date_gmt":"2025-03-22T16:04:50","guid":{"rendered":"https:\/\/aromasentia.com\/product\/round-donut-shaped-vase-cream-18cm\/"},"modified":"2025-12-30T20:01:09","modified_gmt":"2025-12-30T20:01:09","slug":"runde-vase-in-donutform-creme-18-cm","status":"publish","type":"product","link":"https:\/\/aromasentia.com\/de\/runde-vase-in-donutform-creme-18-cm\/","title":{"rendered":"Runde Vase in Donutform \u2013 Creme 18 cm"},"content":{"rendered":"<p><span style=\"color: rgb(75, 80, 88);\"><strong>F\u00fcr eine kompaktere und sch\u00f6nere Wahl ist die runde, donutf\u00f6rmige Vase in Creme mit 18 cm Durchmesser perfekt.&nbsp;<\/strong>Ihre bescheidene Gr\u00f6\u00dfe und die einfache Cremefarbe verleihen ihr einen Hauch von dezentem Charme. Diese Vase ist perfekt, wenn Sie eine kleinere, aber ebenso ansprechende Option f\u00fcr Kunden anbieten m\u00f6chten, die Eleganz in einem kleineren Paket zu sch\u00e4tzen wissen.<\/span><\/p>\n<p><span style=\"color: rgb(75, 80, 88);\"><strong>Die Vasen bestehen aus Terrakotta, einer Art Ton, und werden in verschiedene Formen und Gr\u00f6\u00dfen gebracht.<\/strong>Die Vasen sind mit verschiedenen Mustern verziert, die vom reichen kulturellen Erbe Indonesiens inspiriert sind. Die Designs reichen von einfachen geometrischen Mustern bis hin zu Naturmotiven. Bemalt in neutralen Farben \u2013 Wei\u00df, Creme und Schwarz.<\/span><\/p>\n<p><span style=\"color: rgb(75, 80, 88);\">Lombok-Keramikvasen sind ein Zeugnis indonesischer T\u00f6pferkunst und werden von Sammlern und Liebhabern gesch\u00e4tzt.<\/span><\/p>\n<p><span style=\"color: rgb(75, 80, 88);\"><strong>BITTE BEACHTEN: <\/strong>Diese Vasen dienen nur zu Dekorationszwecken, da sie nicht wasserdicht sind und nur f\u00fcr die Verwendung mit getrockneten Blumen vorgesehen sind.<\/span><\/p>\n","protected":false},"excerpt":{"rendered":"<p>F\u00fcr eine kompaktere und sch\u00f6nere Wahl ist die runde, donutf\u00f6rmige Vase in Creme mit 18 cm Durchmesser perfekt.&nbsp;Ihre bescheidene Gr\u00f6\u00dfe und die einfache Cremefarbe verleihen ihr einen Hauch von dezentem Charme. Diese Vase ist perfekt, wenn Sie eine kleinere, aber ebenso ansprechende Option f\u00fcr Kunden anbieten m\u00f6chten, die Eleganz in einem kleineren Paket zu sch\u00e4tzen [&hellip;]<\/p>\n","protected":false},"featured_media":359518,"comment_status":"closed","ping_status":"open","template":"","meta":[],"product_brand":[],"product_cat":[16895,14451,17385],"product_tag":[],"class_list":{"0":"post-229673","1":"product","2":"type-product","3":"status-publish","4":"has-post-thumbnail","6":"product_cat-dekoration","7":"product_cat-haus-und-gartendeko","8":"product_cat-vasen","9":"pa_collection-ceramic-vases-from-lombok-de","10":"pa_made-in-indonesien","12":"first","13":"instock","14":"purchasable","15":"product-type-simple"},"supplier_id":null,"supplier_sku":"BCV-08","barcode":null,"atum_controlled":true,"out_stock_date":null,"out_stock_threshold":null,"inheritable":false,"inbound_stock":null,"stock_on_hold":0,"sold_today":0,"sales_last_days":0,"reserved_stock":null,"customer_returns":null,"warehouse_damage":null,"lost_in_post":null,"other_logs":null,"out_stock_days":0,"lost_sales":0,"has_location":null,"update_date":"2026-02-04T10:32:09","atum_locations":[],"atum_stock_status":"instock","restock_status":false,"low_stock_amount":"","sales_update_date":"2025-10-09T03:26:11","calc_backorders":null,"_links":{"self":[{"href":"https:\/\/aromasentia.com\/de\/wp-json\/wp\/v2\/product\/229673","targetHints":{"allow":["GET"]}}],"collection":[{"href":"https:\/\/aromasentia.com\/de\/wp-json\/wp\/v2\/product"}],"about":[{"href":"https:\/\/aromasentia.com\/de\/wp-json\/wp\/v2\/types\/product"}],"replies":[{"embeddable":true,"href":"https:\/\/aromasentia.com\/de\/wp-json\/wp\/v2\/comments?post=229673"}],"version-history":[{"count":0,"href":"https:\/\/aromasentia.com\/de\/wp-json\/wp\/v2\/product\/229673\/revisions"}],"wp:featuredmedia":[{"embeddable":true,"href":"https:\/\/aromasentia.com\/de\/wp-json\/wp\/v2\/media\/359518"}],"wp:attachment":[{"href":"https:\/\/aromasentia.com\/de\/wp-json\/wp\/v2\/media?parent=229673"}],"wp:term":[{"taxonomy":"product_brand","embeddable":true,"href":"https:\/\/aromasentia.com\/de\/wp-json\/wp\/v2\/product_brand?post=229673"},{"taxonomy":"product_cat","embeddable":true,"href":"https:\/\/aromasentia.com\/de\/wp-json\/wp\/v2\/product_cat?post=229673"},{"taxonomy":"product_tag","embeddable":true,"href":"https:\/\/aromasentia.com\/de\/wp-json\/wp\/v2\/product_tag?post=229673"}],"curies":[{"name":"wp","href":"https:\/\/api.w.org\/{rel}","templated":true}]}}