{"id":229657,"date":"2025-03-22T16:04:50","date_gmt":"2025-03-22T16:04:50","guid":{"rendered":"https:\/\/aromasentia.com\/product\/greek-taper-vase-chocolate\/"},"modified":"2025-12-30T20:01:09","modified_gmt":"2025-12-30T20:01:09","slug":"griechische-konusvase-schokolade","status":"publish","type":"product","link":"https:\/\/aromasentia.com\/de\/griechische-konusvase-schokolade\/","title":{"rendered":"Griechische Konusvase &#8211; Schokolade"},"content":{"rendered":"<p><span style=\"color: rgb(75, 80, 88);\"><strong>Lombok Keramikvasen<\/strong> sind wundersch\u00f6ne und einzigartige Kunstwerke, handgefertigt auf der Insel Lombok.&nbsp;<\/span><\/p>\n<p><span style=\"color: rgb(75, 80, 88);\">Die Vasen bestehen aus Terrakotta, einer Art Ton, und sind in verschiedenen Formen und Gr\u00f6\u00dfen erh\u00e4ltlich. Die Vasen sind mit verschiedenen Mustern verziert, die vom reichen kulturellen Erbe Indonesiens inspiriert sind. Die Designs reichen von einfachen geometrischen Mustern bis hin zu nat\u00fcrlichen Motiven. Die Vasen sind in neutralen Farben bemalt \u2013 Wei\u00df, Creme und Schwarz.<\/span><\/p>\n<p><span style=\"color: rgb(75, 80, 88);\">Die fertigen Produkte sind funktionale Kunstwerke, die zum Aufbewahren von Blumen, Pflanzen oder anderen Dekorationsgegenst\u00e4nden verwendet werden k\u00f6nnen. Sie sind nicht nur \u00e4sthetisch ansprechend, sondern auch robust und langlebig und eignen sich daher ideal f\u00fcr den Innen- und Au\u00dfenbereich. Lombok-Keramikvasen sind ein sch\u00f6nes Beispiel f\u00fcr die traditionelle indonesische T\u00f6pferkunst und werden von Sammlern und Liebhabern gleicherma\u00dfen gesch\u00e4tzt.&nbsp;<\/span><\/p>\n<p><span style=\"color: rgb(75, 80, 88);\"><strong>Durchmesser des Halses innen: ca. 4 cm<\/strong><\/span><\/p>\n","protected":false},"excerpt":{"rendered":"<p>Lombok Keramikvasen sind wundersch\u00f6ne und einzigartige Kunstwerke, handgefertigt auf der Insel Lombok.&nbsp; Die Vasen bestehen aus Terrakotta, einer Art Ton, und sind in verschiedenen Formen und Gr\u00f6\u00dfen erh\u00e4ltlich. Die Vasen sind mit verschiedenen Mustern verziert, die vom reichen kulturellen Erbe Indonesiens inspiriert sind. Die Designs reichen von einfachen geometrischen Mustern bis hin zu nat\u00fcrlichen Motiven. [&hellip;]<\/p>\n","protected":false},"featured_media":359394,"comment_status":"closed","ping_status":"open","template":"","meta":{"_angie_page":false},"product_brand":[],"product_cat":[16895,14451,17385],"product_tag":[],"class_list":{"0":"post-229657","1":"product","2":"type-product","3":"status-publish","4":"has-post-thumbnail","6":"product_cat-dekoration","7":"product_cat-haus-und-gartendeko","8":"product_cat-vasen","9":"pa_collection-ceramic-vases-from-lombok-de","10":"pa_made-in-indonesien","12":"first","13":"instock","14":"purchasable","15":"product-type-simple"},"supplier_id":null,"supplier_sku":"BCV-04","barcode":null,"atum_controlled":true,"out_stock_date":null,"out_stock_threshold":null,"inheritable":false,"inbound_stock":null,"stock_on_hold":0,"sold_today":0,"sales_last_days":0,"reserved_stock":null,"customer_returns":null,"warehouse_damage":null,"lost_in_post":null,"other_logs":null,"out_stock_days":0,"lost_sales":0,"has_location":null,"update_date":"2026-04-27T06:54:36","atum_locations":[],"atum_stock_status":"instock","restock_status":false,"low_stock_amount":"","sales_update_date":"2026-01-30T01:24:42","calc_backorders":null,"_links":{"self":[{"href":"https:\/\/aromasentia.com\/de\/wp-json\/wp\/v2\/product\/229657","targetHints":{"allow":["GET"]}}],"collection":[{"href":"https:\/\/aromasentia.com\/de\/wp-json\/wp\/v2\/product"}],"about":[{"href":"https:\/\/aromasentia.com\/de\/wp-json\/wp\/v2\/types\/product"}],"replies":[{"embeddable":true,"href":"https:\/\/aromasentia.com\/de\/wp-json\/wp\/v2\/comments?post=229657"}],"version-history":[{"count":0,"href":"https:\/\/aromasentia.com\/de\/wp-json\/wp\/v2\/product\/229657\/revisions"}],"wp:featuredmedia":[{"embeddable":true,"href":"https:\/\/aromasentia.com\/de\/wp-json\/wp\/v2\/media\/359394"}],"wp:attachment":[{"href":"https:\/\/aromasentia.com\/de\/wp-json\/wp\/v2\/media?parent=229657"}],"wp:term":[{"taxonomy":"product_brand","embeddable":true,"href":"https:\/\/aromasentia.com\/de\/wp-json\/wp\/v2\/product_brand?post=229657"},{"taxonomy":"product_cat","embeddable":true,"href":"https:\/\/aromasentia.com\/de\/wp-json\/wp\/v2\/product_cat?post=229657"},{"taxonomy":"product_tag","embeddable":true,"href":"https:\/\/aromasentia.com\/de\/wp-json\/wp\/v2\/product_tag?post=229657"}],"curies":[{"name":"wp","href":"https:\/\/api.w.org\/{rel}","templated":true}]}}