{"id":229593,"date":"2025-03-22T16:05:00","date_gmt":"2025-03-22T16:05:00","guid":{"rendered":"https:\/\/aromasentia.com\/product\/printed-cotton-cushion-cover-we-are-flowers-pink\/"},"modified":"2025-12-30T20:00:55","modified_gmt":"2025-12-30T20:00:55","slug":"printed-cotton-cushion-cover-we-are-flowers-pink","status":"publish","type":"product","link":"https:\/\/aromasentia.com\/de\/printed-cotton-cushion-cover-we-are-flowers-pink\/","title":{"rendered":"Printed Cotton Cushion Cover &#8211; We are Flowers &#8211; Pink"},"content":{"rendered":"<p><span style=\"color: rgb(75, 80, 88);\">&quot; Wir sind Wellen desselben Meeres, Bl\u00e4tter desselben Baumes und Blumen desselben Gartens.\u201c<\/span><\/p>\n<p><span style=\"color: rgb(75, 80, 88);\">Inspiriert vom Zitat des ber\u00fchmten r\u00f6mischen Philosophen Seneca pr\u00e4sentieren wir Ihnen diese Kissenbez\u00fcge mit Gedichten aus 100 % handgefertigter Baumwolle.<\/span><span style=\"color: rgb(141, 186, 216);\"><strong>Aroma Sentia<\/strong><\/span><span style=\"color: rgb(141, 186, 216);\"><strong>Bedruckter Kissenbezug aus Baumwolle \u2013 \u201eWir sind Blumen\u201c \u2013 Rosa.<\/strong><\/span><\/p>\n<p><span style=\"color: rgb(75, 80, 88);\">&nbsp;passen mit praktischem Rei\u00dfverschluss auf der R\u00fcckseite zu jedem Stil; sie eignen sich auch hervorragend f\u00fcr B&#038;Bs, Boutique-Hotels oder Ruher\u00e4ume.&nbsp;<\/span><\/p>\n<p><span style=\"color: rgb(75, 80, 88);\">Wir liefern auch <a href=\"https:\/\/aromasentia.com\/inner\">Kissenf\u00fcllungen aus 100 % recycelter PET-Faser.&nbsp;<\/a><\/span><\/p>\n<p><span style=\"color: rgb(75, 80, 88);\">Perfektes Mix-and-Match-Produkt; eine h\u00fcbsche Pr\u00e4sentation sorgt in jedem modernen E-Shop-Geschenkeladen f\u00fcr hohe Ums\u00e4tze. Wenn Sie dieses Zitat m\u00f6gen, k\u00f6nnten Ihnen auch unsere Designer-Notizb\u00fccher gefallen.<\/span><\/p>\n<p><span style=\"color: rgb(75, 80, 88);\">* 9 Designs in 3 Druckvarianten * Kissengr\u00f6\u00dfe 45 x 45 cm&nbsp;<\/strong>* 100 % Baumwolle * Hergestellt in Indien von einem kleinen Familienunternehmen *<\/span><\/p>\n<p><span style=\"color: rgb(141, 186, 216);\"><strong>Wenn Sie Haushaltswaren verkaufen, ist dies ein unverzichtbarer Artikel. Erweitern Sie Ihr Angebot, machen Sie Werbung und erzielen Sie noch heute Ums\u00e4tze.<\/strong><\/span><\/p>\n","protected":false},"excerpt":{"rendered":"<p>&quot; Wir sind Wellen desselben Meeres, Bl\u00e4tter desselben Baumes und Blumen desselben Gartens.\u201c Inspiriert vom Zitat des ber\u00fchmten r\u00f6mischen Philosophen Seneca pr\u00e4sentieren wir Ihnen diese Kissenbez\u00fcge mit Gedichten aus 100 % handgefertigter Baumwolle.Aroma SentiaBedruckter Kissenbezug aus Baumwolle \u2013 \u201eWir sind Blumen\u201c \u2013 Rosa. &nbsp;passen mit praktischem Rei\u00dfverschluss auf der R\u00fcckseite zu jedem Stil; sie eignen [&hellip;]<\/p>\n","protected":false},"featured_media":365211,"comment_status":"closed","ping_status":"open","template":"","meta":[],"product_brand":[],"product_cat":[14451,17813,16872],"product_tag":[],"class_list":{"0":"post-229593","1":"product","2":"type-product","3":"status-publish","4":"has-post-thumbnail","6":"product_cat-haus-und-gartendeko","7":"product_cat-kissenbezuge","8":"product_cat-textilien","9":"pa_collection-poem-cotton-cushion-cover-de","10":"pa_made-in-indien","12":"first","13":"instock","14":"purchasable","15":"product-type-simple"},"supplier_id":null,"supplier_sku":"CushN-03B","barcode":null,"atum_controlled":true,"out_stock_date":null,"out_stock_threshold":null,"inheritable":false,"inbound_stock":null,"stock_on_hold":0,"sold_today":0,"sales_last_days":0,"reserved_stock":null,"customer_returns":null,"warehouse_damage":null,"lost_in_post":null,"other_logs":null,"out_stock_days":0,"lost_sales":0,"has_location":null,"update_date":"2026-01-30T01:24:34","atum_locations":[],"atum_stock_status":"instock","restock_status":false,"low_stock_amount":"","sales_update_date":"2026-01-30T01:24:34","calc_backorders":null,"_links":{"self":[{"href":"https:\/\/aromasentia.com\/de\/wp-json\/wp\/v2\/product\/229593","targetHints":{"allow":["GET"]}}],"collection":[{"href":"https:\/\/aromasentia.com\/de\/wp-json\/wp\/v2\/product"}],"about":[{"href":"https:\/\/aromasentia.com\/de\/wp-json\/wp\/v2\/types\/product"}],"replies":[{"embeddable":true,"href":"https:\/\/aromasentia.com\/de\/wp-json\/wp\/v2\/comments?post=229593"}],"version-history":[{"count":0,"href":"https:\/\/aromasentia.com\/de\/wp-json\/wp\/v2\/product\/229593\/revisions"}],"wp:featuredmedia":[{"embeddable":true,"href":"https:\/\/aromasentia.com\/de\/wp-json\/wp\/v2\/media\/365211"}],"wp:attachment":[{"href":"https:\/\/aromasentia.com\/de\/wp-json\/wp\/v2\/media?parent=229593"}],"wp:term":[{"taxonomy":"product_brand","embeddable":true,"href":"https:\/\/aromasentia.com\/de\/wp-json\/wp\/v2\/product_brand?post=229593"},{"taxonomy":"product_cat","embeddable":true,"href":"https:\/\/aromasentia.com\/de\/wp-json\/wp\/v2\/product_cat?post=229593"},{"taxonomy":"product_tag","embeddable":true,"href":"https:\/\/aromasentia.com\/de\/wp-json\/wp\/v2\/product_tag?post=229593"}],"curies":[{"name":"wp","href":"https:\/\/api.w.org\/{rel}","templated":true}]}}