{"id":229521,"date":"2025-03-22T16:05:00","date_gmt":"2025-03-22T16:05:00","guid":{"rendered":"https:\/\/aromasentia.com\/product\/cotton-pario-towel-100x180-cm-sunny-yellow\/"},"modified":"2025-12-30T20:00:47","modified_gmt":"2025-12-30T20:00:47","slug":"pareo-strandtuch-100x180-cm-sonniges-gelb","status":"publish","type":"product","link":"https:\/\/aromasentia.com\/de\/pareo-strandtuch-100x180-cm-sonniges-gelb\/","title":{"rendered":"Pareo Strandtuch &#8211; 100&#215;180 cm &#8211; Sonniges Gelb"},"content":{"rendered":"<p>Handgefertigter indischer Baumwollpareo. Diese nat\u00fcrlichen Baumwollfasern absorbieren Wasser effektiver und sind sanft zur Haut. Mit dem nahenden Sommer und den k\u00fchlen Abenden werden sich diese Pareos garantiert verkaufen.<\/p>\n<p><\/p>\n<p>Der Pareo hat die perfekte Gr\u00f6\u00dfe, um ihn um die Taille zu wickeln. Jedes Design ist mit Juteschnur umwickelt und mit einem Etikett versehen. Sie sind leicht, schnelltrocknend, tragbar und modisch.<\/p>\n<p><\/p>\n<p>Sie k\u00f6nnen sowohl sportlich als auch elegant sein, ideal als Strandtuch oder Picknickdecke. Vielseitig einsetzbar.<\/p>\n<p><\/p>\n<p>Enth\u00fcllen Sie die Twist-Funktion und bestellen Sie noch heute diesen einzigartigen Pareo.<\/p>\n<p><\/p>\n<p>Gr\u00f6\u00dfe: L\u00e4nge 100 cm, Breite 180 cm: Material: Baumwolle, Polyester: Hergestellt in Indien<\/p>\n","protected":false},"excerpt":{"rendered":"<p>Handgefertigter indischer Baumwollpareo. Diese nat\u00fcrlichen Baumwollfasern absorbieren Wasser effektiver und sind sanft zur Haut. Mit dem nahenden Sommer und den k\u00fchlen Abenden werden sich diese Pareos garantiert verkaufen. Der Pareo hat die perfekte Gr\u00f6\u00dfe, um ihn um die Taille zu wickeln. Jedes Design ist mit Juteschnur umwickelt und mit einem Etikett versehen. Sie sind leicht, [&hellip;]<\/p>\n","protected":false},"featured_media":363865,"comment_status":"closed","ping_status":"open","template":"","meta":{"_angie_page":false},"product_brand":[],"product_cat":[14451,16872,17949],"product_tag":[],"class_list":{"0":"post-229521","1":"product","2":"type-product","3":"status-publish","4":"has-post-thumbnail","6":"product_cat-haus-und-gartendeko","7":"product_cat-textilien","8":"product_cat-wohndecken","9":"pa_collection-cotton-pareo-throws-and-towels-de","10":"pa_made-in-indien","12":"first","13":"instock","14":"purchasable","15":"product-type-simple"},"supplier_id":null,"supplier_sku":"CPT-04","barcode":null,"atum_controlled":true,"out_stock_date":null,"out_stock_threshold":null,"inheritable":false,"inbound_stock":null,"stock_on_hold":0,"sold_today":0,"sales_last_days":0,"reserved_stock":null,"customer_returns":null,"warehouse_damage":null,"lost_in_post":null,"other_logs":null,"out_stock_days":0,"lost_sales":0,"has_location":null,"update_date":"2026-04-27T06:58:25","atum_locations":[],"atum_stock_status":"instock","restock_status":false,"low_stock_amount":"","sales_update_date":"2026-02-06T00:00:46","calc_backorders":null,"_links":{"self":[{"href":"https:\/\/aromasentia.com\/de\/wp-json\/wp\/v2\/product\/229521","targetHints":{"allow":["GET"]}}],"collection":[{"href":"https:\/\/aromasentia.com\/de\/wp-json\/wp\/v2\/product"}],"about":[{"href":"https:\/\/aromasentia.com\/de\/wp-json\/wp\/v2\/types\/product"}],"replies":[{"embeddable":true,"href":"https:\/\/aromasentia.com\/de\/wp-json\/wp\/v2\/comments?post=229521"}],"version-history":[{"count":0,"href":"https:\/\/aromasentia.com\/de\/wp-json\/wp\/v2\/product\/229521\/revisions"}],"wp:featuredmedia":[{"embeddable":true,"href":"https:\/\/aromasentia.com\/de\/wp-json\/wp\/v2\/media\/363865"}],"wp:attachment":[{"href":"https:\/\/aromasentia.com\/de\/wp-json\/wp\/v2\/media?parent=229521"}],"wp:term":[{"taxonomy":"product_brand","embeddable":true,"href":"https:\/\/aromasentia.com\/de\/wp-json\/wp\/v2\/product_brand?post=229521"},{"taxonomy":"product_cat","embeddable":true,"href":"https:\/\/aromasentia.com\/de\/wp-json\/wp\/v2\/product_cat?post=229521"},{"taxonomy":"product_tag","embeddable":true,"href":"https:\/\/aromasentia.com\/de\/wp-json\/wp\/v2\/product_tag?post=229521"}],"curies":[{"name":"wp","href":"https:\/\/api.w.org\/{rel}","templated":true}]}}