{"id":229497,"date":"2025-03-22T16:05:00","date_gmt":"2025-03-22T16:05:00","guid":{"rendered":"https:\/\/aromasentia.com\/product\/coconut-capiz-windchimes-pink-and-white-mix-shapes-35cm\/"},"modified":"2025-12-30T20:00:40","modified_gmt":"2025-12-30T20:00:40","slug":"coconut-capiz-windchimes-pink-and-white-mix-shapes-35cm","status":"publish","type":"product","link":"https:\/\/aromasentia.com\/de\/coconut-capiz-windchimes-pink-and-white-mix-shapes-35cm\/","title":{"rendered":"Coconut &#038; Capiz Windchimes &#8211; Pink and White Mix Shapes &#8211; 35cm"},"content":{"rendered":"<p><span style=\"color: rgb(75, 80, 88);\">Schauen Sie sich dieses Kunstwerk an. Das atemberaubende <strong>Kokosnuss- und Capiz-Windspiel \u2013 Rosa und Wei\u00df \u2013 35 cm<\/strong> ist handgefertigt aus Capiz-Glas.<\/span><\/p>\n<p><span style=\"color: rgb(75, 80, 88);\">Viele Menschen glauben, dass sie die Umgebung vor b\u00f6sen Geistern und negativer Energie sch\u00fctzen.<\/span><\/p>\n<p><span style=\"color: rgb(75, 80, 88);\">H\u00e4ngen Sie dieses einzigartige Dekorationsst\u00fcck im Haus oder, f\u00fcr eine bessere Wirkung, auf die Veranda oder in den Garten. Sie klirren angenehm in der Brise aneinander, der Klang bringt Ruhe in jeden Raum.<\/span><\/p>\n<p><span style=\"color: rgb(75, 80, 88);\">Schaffen Sie einen sch\u00f6nen und lebendigen Raum in Ihrem Haus oder Garten.<\/span><\/p>\n<p><span style=\"color: rgb(75, 80, 88);\">Bestellen Sie jetzt und finden Sie Ihren Zen-Zustand.<\/span><\/p>\n","protected":false},"excerpt":{"rendered":"<p>Schauen Sie sich dieses Kunstwerk an. Das atemberaubende Kokosnuss- und Capiz-Windspiel \u2013 Rosa und Wei\u00df \u2013 35 cm ist handgefertigt aus Capiz-Glas. Viele Menschen glauben, dass sie die Umgebung vor b\u00f6sen Geistern und negativer Energie sch\u00fctzen. H\u00e4ngen Sie dieses einzigartige Dekorationsst\u00fcck im Haus oder, f\u00fcr eine bessere Wirkung, auf die Veranda oder in den Garten. [&hellip;]<\/p>\n","protected":false},"featured_media":363515,"comment_status":"closed","ping_status":"open","template":"","meta":[],"product_brand":[],"product_cat":[14451,17981],"product_tag":[],"class_list":{"0":"post-229497","1":"product","2":"type-product","3":"status-publish","4":"has-post-thumbnail","6":"product_cat-haus-und-gartendeko","7":"product_cat-windspiele","8":"pa_collection-driftwood-chime-de","9":"pa_made-in-indonesien","11":"first","12":"instock","13":"purchasable","14":"product-type-simple"},"supplier_id":null,"supplier_sku":"Copi-12","barcode":null,"atum_controlled":true,"out_stock_date":null,"out_stock_threshold":null,"inheritable":false,"inbound_stock":null,"stock_on_hold":0,"sold_today":0,"sales_last_days":0,"reserved_stock":null,"customer_returns":null,"warehouse_damage":null,"lost_in_post":null,"other_logs":null,"out_stock_days":0,"lost_sales":0,"has_location":null,"update_date":"2026-02-11T08:29:40","atum_locations":[],"atum_stock_status":"instock","restock_status":false,"low_stock_amount":"","sales_update_date":"2026-01-30T01:24:30","calc_backorders":null,"_links":{"self":[{"href":"https:\/\/aromasentia.com\/de\/wp-json\/wp\/v2\/product\/229497","targetHints":{"allow":["GET"]}}],"collection":[{"href":"https:\/\/aromasentia.com\/de\/wp-json\/wp\/v2\/product"}],"about":[{"href":"https:\/\/aromasentia.com\/de\/wp-json\/wp\/v2\/types\/product"}],"replies":[{"embeddable":true,"href":"https:\/\/aromasentia.com\/de\/wp-json\/wp\/v2\/comments?post=229497"}],"version-history":[{"count":0,"href":"https:\/\/aromasentia.com\/de\/wp-json\/wp\/v2\/product\/229497\/revisions"}],"wp:featuredmedia":[{"embeddable":true,"href":"https:\/\/aromasentia.com\/de\/wp-json\/wp\/v2\/media\/363515"}],"wp:attachment":[{"href":"https:\/\/aromasentia.com\/de\/wp-json\/wp\/v2\/media?parent=229497"}],"wp:term":[{"taxonomy":"product_brand","embeddable":true,"href":"https:\/\/aromasentia.com\/de\/wp-json\/wp\/v2\/product_brand?post=229497"},{"taxonomy":"product_cat","embeddable":true,"href":"https:\/\/aromasentia.com\/de\/wp-json\/wp\/v2\/product_cat?post=229497"},{"taxonomy":"product_tag","embeddable":true,"href":"https:\/\/aromasentia.com\/de\/wp-json\/wp\/v2\/product_tag?post=229497"}],"curies":[{"name":"wp","href":"https:\/\/api.w.org\/{rel}","templated":true}]}}