{"id":229485,"date":"2025-03-22T16:05:00","date_gmt":"2025-03-22T16:05:00","guid":{"rendered":"https:\/\/aromasentia.com\/product\/rainbow-large-leaf-chime\/"},"modified":"2025-12-30T20:00:40","modified_gmt":"2025-12-30T20:00:40","slug":"regenbogen-grosses-blattspiel","status":"publish","type":"product","link":"https:\/\/aromasentia.com\/de\/regenbogen-grosses-blattspiel\/","title":{"rendered":"Regenbogen gro\u00dfes Blattspiel"},"content":{"rendered":"<p>Bringen Sie die Natur ins Haus mit diesen wundersch\u00f6nen <strong>Treibholz-Spielen<\/strong>. Handgefertigt von kleinen Familienbetrieben in Bali, mit Materialien vom Strand wie Treibholz und Capiz-Glas. Capiz ist eine bekannte Muschel, die einen angenehmen Klang erzeugt, wenn sie im Wind weht und gegen eine andere schl\u00e4gt.<\/p>\n<p>Viele Menschen glauben, dass Windspiele die Umgebung vor b\u00f6sen Geistern und negativer Energie sch\u00fctzen. Diese Driftwood Chimes sind bereit, in jedem Raum zu h\u00e4ngen und schafft eine sanfte, beruhigende Atmosph\u00e4re, Ihre Kunden k\u00f6nnen es im Innen-oder Au\u00dfenbereich zu verwenden; Sie klirren zusammen sch\u00f6n in der Brise, wird der Klang Ruhe zu jedem Raum zu bringen. Vielleicht gef\u00e4llt Ihnen auch <a href=\"https:\/\/aromasentia.com\/birdb\"><strong>Vogelh\u00e4uschen aus Seegras.<\/strong><\/a><\/p>\n<p>Mit <strong>Ancient Wisdom Wholesale Driftwood Chime<\/strong> k\u00f6nnen Sie heute einen Blickfang in Ihrem Gesch\u00e4ft schaffen, sie werden helfen, Kunden in Ihr Gesch\u00e4ft zu locken.&nbsp;<\/p>\n<ul style=\"padding: 0px; color: rgb(114, 114, 114); font-family: Raleway, sans-serif; font-size: 15px; font-style: normal; font-variant-ligatures: normal; font-variant-caps: normal; font-weight: 400; letter-spacing: normal; orphans: 2; text-align: start; text-indent: 0px; text-transform: none; white-space: normal; widows: 2; word-spacing: 0px; -webkit-text-stroke-width: 0px; background-color: rgb(255, 255, 255); text-decoration-thickness: initial; text-decoration-style: initial; text-decoration-color: initial;\">\n<li>Hergestellt aus Capiz und Treibholz<\/li>\n<li>Handgefertigt<\/li>\n<li>Vorzeigbar<\/li>\n<\/ul>\n<p>L\u00e4nge (vom Stock): 46cm, Breite: 30cm, Griffl\u00e4nge: 21 cm<\/p>\n<p>&nbsp;<strong>Lassen Sie Ihre Kassen klingeln und bestellen Sie noch heute.<\/strong><\/p>\n","protected":false},"excerpt":{"rendered":"<p>Bringen Sie die Natur ins Haus mit diesen wundersch\u00f6nen Treibholz-Spielen. Handgefertigt von kleinen Familienbetrieben in Bali, mit Materialien vom Strand wie Treibholz und Capiz-Glas. Capiz ist eine bekannte Muschel, die einen angenehmen Klang erzeugt, wenn sie im Wind weht und gegen eine andere schl\u00e4gt. Viele Menschen glauben, dass Windspiele die Umgebung vor b\u00f6sen Geistern und [&hellip;]<\/p>\n","protected":false},"featured_media":363448,"comment_status":"closed","ping_status":"open","template":"","meta":[],"product_brand":[],"product_cat":[14451,17981],"product_tag":[],"class_list":{"0":"post-229485","1":"product","2":"type-product","3":"status-publish","4":"has-post-thumbnail","6":"product_cat-haus-und-gartendeko","7":"product_cat-windspiele","8":"pa_collection-driftwood-chime-de","9":"pa_made-in-indonesien","11":"first","12":"instock","13":"purchasable","14":"product-type-simple"},"supplier_id":null,"supplier_sku":"Copi-08","barcode":null,"atum_controlled":true,"out_stock_date":null,"out_stock_threshold":null,"inheritable":false,"inbound_stock":null,"stock_on_hold":0,"sold_today":0,"sales_last_days":0,"reserved_stock":null,"customer_returns":null,"warehouse_damage":null,"lost_in_post":null,"other_logs":null,"out_stock_days":0,"lost_sales":0,"has_location":null,"update_date":"2026-02-10T08:27:07","atum_locations":[],"atum_stock_status":"instock","restock_status":false,"low_stock_amount":"","sales_update_date":"2026-01-30T01:24:30","calc_backorders":null,"_links":{"self":[{"href":"https:\/\/aromasentia.com\/de\/wp-json\/wp\/v2\/product\/229485","targetHints":{"allow":["GET"]}}],"collection":[{"href":"https:\/\/aromasentia.com\/de\/wp-json\/wp\/v2\/product"}],"about":[{"href":"https:\/\/aromasentia.com\/de\/wp-json\/wp\/v2\/types\/product"}],"replies":[{"embeddable":true,"href":"https:\/\/aromasentia.com\/de\/wp-json\/wp\/v2\/comments?post=229485"}],"version-history":[{"count":0,"href":"https:\/\/aromasentia.com\/de\/wp-json\/wp\/v2\/product\/229485\/revisions"}],"wp:featuredmedia":[{"embeddable":true,"href":"https:\/\/aromasentia.com\/de\/wp-json\/wp\/v2\/media\/363448"}],"wp:attachment":[{"href":"https:\/\/aromasentia.com\/de\/wp-json\/wp\/v2\/media?parent=229485"}],"wp:term":[{"taxonomy":"product_brand","embeddable":true,"href":"https:\/\/aromasentia.com\/de\/wp-json\/wp\/v2\/product_brand?post=229485"},{"taxonomy":"product_cat","embeddable":true,"href":"https:\/\/aromasentia.com\/de\/wp-json\/wp\/v2\/product_cat?post=229485"},{"taxonomy":"product_tag","embeddable":true,"href":"https:\/\/aromasentia.com\/de\/wp-json\/wp\/v2\/product_tag?post=229485"}],"curies":[{"name":"wp","href":"https:\/\/api.w.org\/{rel}","templated":true}]}}