{"id":229457,"date":"2025-03-22T16:05:00","date_gmt":"2025-03-22T16:05:00","guid":{"rendered":"https:\/\/aromasentia.com\/product\/pearl-driftwood-chime\/"},"modified":"2025-12-30T20:00:32","modified_gmt":"2025-12-30T20:00:32","slug":"perlmutt-glockenspiel-aus-treibholz","status":"publish","type":"product","link":"https:\/\/aromasentia.com\/de\/perlmutt-glockenspiel-aus-treibholz\/","title":{"rendered":"Perlmutt Glockenspiel aus Treibholz"},"content":{"rendered":"<p>Werfen Sie einen Blick auf dieses Kunstwerk, das direkt aus Indonesien importiert wurde. Das atemberaubende <strong><span style=\"color: rgb(141, 186, 216);\">Perlen-Treibholz-Glockenspiel<\/span><\/strong> ist handgefertigt aus Capiz-Glas.<\/p>\n<p>Viele Menschen glauben, dass es die Umgebung vor b\u00f6sen Geistern und negativer Energie sch\u00fctzt.<\/p>\n<p>H\u00e4ngen Sie dieses einzigartige Dekorationsst\u00fcck im Haus oder, f\u00fcr eine noch bessere Wirkung, auf die Veranda oder in den Garten. Die Glockenspiele klirren im Wind aneinander, und ihr Klang bringt Ruhe in jeden Raum.<\/p>\n<p>Sorgen Sie mit Treibholz-Glockenspielen in verschiedenen Farben f\u00fcr eine sch\u00f6ne und lebendige Pr\u00e4sentation in Ihrem Gesch\u00e4ft.<\/p>\n<p><strong><span style=\"color: rgb(141, 186, 216);\">Bestellen Sie jetzt und finden Sie Ruhe.<\/span><\/strong><\/p>\n","protected":false},"excerpt":{"rendered":"<p>Werfen Sie einen Blick auf dieses Kunstwerk, das direkt aus Indonesien importiert wurde. Das atemberaubende Perlen-Treibholz-Glockenspiel ist handgefertigt aus Capiz-Glas. Viele Menschen glauben, dass es die Umgebung vor b\u00f6sen Geistern und negativer Energie sch\u00fctzt. H\u00e4ngen Sie dieses einzigartige Dekorationsst\u00fcck im Haus oder, f\u00fcr eine noch bessere Wirkung, auf die Veranda oder in den Garten. Die [&hellip;]<\/p>\n","protected":false},"featured_media":363353,"comment_status":"closed","ping_status":"open","template":"","meta":[],"product_brand":[],"product_cat":[14451,17981],"product_tag":[],"class_list":{"0":"post-229457","1":"product","2":"type-product","3":"status-publish","4":"has-post-thumbnail","6":"product_cat-haus-und-gartendeko","7":"product_cat-windspiele","8":"pa_collection-driftwood-chime-de","9":"pa_made-in-indonesien","11":"first","12":"instock","13":"purchasable","14":"product-type-simple"},"supplier_id":null,"supplier_sku":"Copi-01","barcode":null,"atum_controlled":true,"out_stock_date":null,"out_stock_threshold":null,"inheritable":false,"inbound_stock":null,"stock_on_hold":0,"sold_today":0,"sales_last_days":0,"reserved_stock":null,"customer_returns":null,"warehouse_damage":null,"lost_in_post":null,"other_logs":null,"out_stock_days":0,"lost_sales":0,"has_location":null,"update_date":"2026-02-06T00:01:33","atum_locations":[],"atum_stock_status":"instock","restock_status":false,"low_stock_amount":"","sales_update_date":"2026-02-06T00:01:33","calc_backorders":null,"_links":{"self":[{"href":"https:\/\/aromasentia.com\/de\/wp-json\/wp\/v2\/product\/229457","targetHints":{"allow":["GET"]}}],"collection":[{"href":"https:\/\/aromasentia.com\/de\/wp-json\/wp\/v2\/product"}],"about":[{"href":"https:\/\/aromasentia.com\/de\/wp-json\/wp\/v2\/types\/product"}],"replies":[{"embeddable":true,"href":"https:\/\/aromasentia.com\/de\/wp-json\/wp\/v2\/comments?post=229457"}],"version-history":[{"count":0,"href":"https:\/\/aromasentia.com\/de\/wp-json\/wp\/v2\/product\/229457\/revisions"}],"wp:featuredmedia":[{"embeddable":true,"href":"https:\/\/aromasentia.com\/de\/wp-json\/wp\/v2\/media\/363353"}],"wp:attachment":[{"href":"https:\/\/aromasentia.com\/de\/wp-json\/wp\/v2\/media?parent=229457"}],"wp:term":[{"taxonomy":"product_brand","embeddable":true,"href":"https:\/\/aromasentia.com\/de\/wp-json\/wp\/v2\/product_brand?post=229457"},{"taxonomy":"product_cat","embeddable":true,"href":"https:\/\/aromasentia.com\/de\/wp-json\/wp\/v2\/product_cat?post=229457"},{"taxonomy":"product_tag","embeddable":true,"href":"https:\/\/aromasentia.com\/de\/wp-json\/wp\/v2\/product_tag?post=229457"}],"curies":[{"name":"wp","href":"https:\/\/api.w.org\/{rel}","templated":true}]}}