{"id":229433,"date":"2025-03-22T16:05:00","date_gmt":"2025-03-22T16:05:00","guid":{"rendered":"https:\/\/aromasentia.com\/product\/coconut-dragon-wind-chimes\/"},"modified":"2025-12-30T20:00:25","modified_gmt":"2025-12-30T20:00:25","slug":"kokosnuss-drachen-windspiel","status":"publish","type":"product","link":"https:\/\/aromasentia.com\/de\/kokosnuss-drachen-windspiel\/","title":{"rendered":"Kokosnuss-Drachen Windspiel"},"content":{"rendered":"<p>Dieses <strong>Gro\u00dfhandels-Kokosnuss-Drachen-Windspiel<\/strong> ist ein wundersch\u00f6nes Dekorationsst\u00fcck, das sowohl f\u00fcr den Innen- als auch f\u00fcr den Au\u00dfenbereich geeignet ist.<\/p>\n<p>Diese sch\u00f6nen Kokosnuss-Windspiele wurden in Indonesien in sensationeller Handarbeit hergestellt und haben ein nat\u00fcrliches Drachen-Design.<\/p>\n<p>Eine einfach erstaunliche, preisg\u00fcnstige Erg\u00e4nzung f\u00fcr jedes Haus oder jeden Garten. Es werden wunderbare Naturt\u00f6ne erzeugt, die Ihnen absolute Ruhe schenken.<\/p>\n<p>Es hat eine L\u00e4nge von 50 cm und eine Fl\u00fcgelspannweite von ca. 30cm und h\u00e4ngt 40 cm von seinem Haken herunter.<\/p>\n<p><strong>Bestellen Sie noch heute und sehen Sie zu, wie sie aus Ihrem Gesch\u00e4ft fliegen.<\/strong><\/p>\n","protected":false},"excerpt":{"rendered":"<p>Dieses Gro\u00dfhandels-Kokosnuss-Drachen-Windspiel ist ein wundersch\u00f6nes Dekorationsst\u00fcck, das sowohl f\u00fcr den Innen- als auch f\u00fcr den Au\u00dfenbereich geeignet ist. Diese sch\u00f6nen Kokosnuss-Windspiele wurden in Indonesien in sensationeller Handarbeit hergestellt und haben ein nat\u00fcrliches Drachen-Design. Eine einfach erstaunliche, preisg\u00fcnstige Erg\u00e4nzung f\u00fcr jedes Haus oder jeden Garten. Es werden wunderbare Naturt\u00f6ne erzeugt, die Ihnen absolute Ruhe schenken. Es [&hellip;]<\/p>\n","protected":false},"featured_media":363203,"comment_status":"closed","ping_status":"open","template":"","meta":[],"product_brand":[],"product_cat":[14451],"product_tag":[],"class_list":{"0":"post-229433","1":"product","2":"type-product","3":"status-publish","4":"has-post-thumbnail","6":"product_cat-haus-und-gartendeko","7":"pa_collection-coconut-dragon-mobiles-de","8":"pa_made-in-indonesien","10":"first","11":"instock","12":"purchasable","13":"product-type-simple"},"supplier_id":null,"supplier_sku":"CocoD-06","barcode":null,"atum_controlled":true,"out_stock_date":null,"out_stock_threshold":null,"inheritable":false,"inbound_stock":null,"stock_on_hold":0,"sold_today":0,"sales_last_days":0,"reserved_stock":null,"customer_returns":null,"warehouse_damage":null,"lost_in_post":null,"other_logs":null,"out_stock_days":0,"lost_sales":0,"has_location":null,"update_date":"2026-01-30T01:25:25","atum_locations":[],"atum_stock_status":"instock","restock_status":false,"low_stock_amount":"","sales_update_date":"2026-01-30T01:25:25","calc_backorders":null,"_links":{"self":[{"href":"https:\/\/aromasentia.com\/de\/wp-json\/wp\/v2\/product\/229433","targetHints":{"allow":["GET"]}}],"collection":[{"href":"https:\/\/aromasentia.com\/de\/wp-json\/wp\/v2\/product"}],"about":[{"href":"https:\/\/aromasentia.com\/de\/wp-json\/wp\/v2\/types\/product"}],"replies":[{"embeddable":true,"href":"https:\/\/aromasentia.com\/de\/wp-json\/wp\/v2\/comments?post=229433"}],"version-history":[{"count":0,"href":"https:\/\/aromasentia.com\/de\/wp-json\/wp\/v2\/product\/229433\/revisions"}],"wp:featuredmedia":[{"embeddable":true,"href":"https:\/\/aromasentia.com\/de\/wp-json\/wp\/v2\/media\/363203"}],"wp:attachment":[{"href":"https:\/\/aromasentia.com\/de\/wp-json\/wp\/v2\/media?parent=229433"}],"wp:term":[{"taxonomy":"product_brand","embeddable":true,"href":"https:\/\/aromasentia.com\/de\/wp-json\/wp\/v2\/product_brand?post=229433"},{"taxonomy":"product_cat","embeddable":true,"href":"https:\/\/aromasentia.com\/de\/wp-json\/wp\/v2\/product_cat?post=229433"},{"taxonomy":"product_tag","embeddable":true,"href":"https:\/\/aromasentia.com\/de\/wp-json\/wp\/v2\/product_tag?post=229433"}],"curies":[{"name":"wp","href":"https:\/\/api.w.org\/{rel}","templated":true}]}}