{"id":229429,"date":"2025-03-22T16:05:00","date_gmt":"2025-03-22T16:05:00","guid":{"rendered":"https:\/\/aromasentia.com\/product\/lrg-nat-coconut-dragon-mobile-46cm\/"},"modified":"2025-12-30T20:00:25","modified_gmt":"2025-12-30T20:00:25","slug":"kokosnuss-drachenmobiles-naturfarben-50cm","status":"publish","type":"product","link":"https:\/\/aromasentia.com\/de\/kokosnuss-drachenmobiles-naturfarben-50cm\/","title":{"rendered":"Kokosnuss-Drachenmobiles naturfarben 50cm"},"content":{"rendered":"<p>Dieses handwerkliche <strong>Gro\u00dfhandel<\/strong><strong>&nbsp;Large Natural&nbsp;<\/strong><strong>Kokosnuss Drachen Mobile<\/strong> wird eine brillante Erg\u00e4nzung f\u00fcr Ihr Gesch\u00e4ft sein.<\/p>\n<p>Hergestellt in Indonesien hat dieses sch\u00f6ne Drachen-Mobile eine Fl\u00fcgelspannweite von ca. 46 cm und eine L\u00e4nge von ca. 40 cm und h\u00e4ngt 40 cm vom Haken herunter.<\/p>\n<p>H\u00e4ngen Sie diesen sch\u00f6nen fliegenden Drachen einfach drinnen oder drau\u00dfen auf&#8230; vorzugsweise in Ihrem Garten und beobachten Sie ihn beim Herumfliegen. &nbsp;<\/p>\n<p><strong>Bestellen Sie noch heute und beobachten Sie, wie sie aus Ihrem Gesch\u00e4ft fliegen.<\/strong><\/p>\n","protected":false},"excerpt":{"rendered":"<p>Dieses handwerkliche Gro\u00dfhandel&nbsp;Large Natural&nbsp;Kokosnuss Drachen Mobile wird eine brillante Erg\u00e4nzung f\u00fcr Ihr Gesch\u00e4ft sein. Hergestellt in Indonesien hat dieses sch\u00f6ne Drachen-Mobile eine Fl\u00fcgelspannweite von ca. 46 cm und eine L\u00e4nge von ca. 40 cm und h\u00e4ngt 40 cm vom Haken herunter. H\u00e4ngen Sie diesen sch\u00f6nen fliegenden Drachen einfach drinnen oder drau\u00dfen auf&#8230; vorzugsweise in Ihrem [&hellip;]<\/p>\n","protected":false},"featured_media":363194,"comment_status":"closed","ping_status":"open","template":"","meta":[],"product_brand":[],"product_cat":[14451],"product_tag":[],"class_list":{"0":"post-229429","1":"product","2":"type-product","3":"status-publish","4":"has-post-thumbnail","6":"product_cat-haus-und-gartendeko","7":"pa_collection-coconut-dragon-mobiles-de","8":"pa_made-in-indonesien","10":"first","11":"instock","12":"purchasable","13":"product-type-simple"},"supplier_id":null,"supplier_sku":"CocoD-04","barcode":null,"atum_controlled":true,"out_stock_date":null,"out_stock_threshold":null,"inheritable":false,"inbound_stock":null,"stock_on_hold":0,"sold_today":0,"sales_last_days":0,"reserved_stock":null,"customer_returns":null,"warehouse_damage":null,"lost_in_post":null,"other_logs":null,"out_stock_days":0,"lost_sales":0,"has_location":null,"update_date":"2026-02-06T00:02:33","atum_locations":[],"atum_stock_status":"instock","restock_status":false,"low_stock_amount":"","sales_update_date":"2026-02-06T00:02:33","calc_backorders":null,"_links":{"self":[{"href":"https:\/\/aromasentia.com\/de\/wp-json\/wp\/v2\/product\/229429","targetHints":{"allow":["GET"]}}],"collection":[{"href":"https:\/\/aromasentia.com\/de\/wp-json\/wp\/v2\/product"}],"about":[{"href":"https:\/\/aromasentia.com\/de\/wp-json\/wp\/v2\/types\/product"}],"replies":[{"embeddable":true,"href":"https:\/\/aromasentia.com\/de\/wp-json\/wp\/v2\/comments?post=229429"}],"version-history":[{"count":0,"href":"https:\/\/aromasentia.com\/de\/wp-json\/wp\/v2\/product\/229429\/revisions"}],"wp:featuredmedia":[{"embeddable":true,"href":"https:\/\/aromasentia.com\/de\/wp-json\/wp\/v2\/media\/363194"}],"wp:attachment":[{"href":"https:\/\/aromasentia.com\/de\/wp-json\/wp\/v2\/media?parent=229429"}],"wp:term":[{"taxonomy":"product_brand","embeddable":true,"href":"https:\/\/aromasentia.com\/de\/wp-json\/wp\/v2\/product_brand?post=229429"},{"taxonomy":"product_cat","embeddable":true,"href":"https:\/\/aromasentia.com\/de\/wp-json\/wp\/v2\/product_cat?post=229429"},{"taxonomy":"product_tag","embeddable":true,"href":"https:\/\/aromasentia.com\/de\/wp-json\/wp\/v2\/product_tag?post=229429"}],"curies":[{"name":"wp","href":"https:\/\/api.w.org\/{rel}","templated":true}]}}