{"id":229421,"date":"2025-03-22T16:05:00","date_gmt":"2025-03-22T16:05:00","guid":{"rendered":"https:\/\/aromasentia.com\/product\/lrg-red-coconut-dragon-mobile-46cm\/"},"modified":"2025-12-30T20:00:25","modified_gmt":"2025-12-30T20:00:25","slug":"kokosnuss-drachenmobiles-rot-46cm","status":"publish","type":"product","link":"https:\/\/aromasentia.com\/de\/kokosnuss-drachenmobiles-rot-46cm\/","title":{"rendered":"Kokosnuss-Drachenmobiles rot 46cm"},"content":{"rendered":"<p>Diese Auswahl an kunstvollen Kokosnuss-Drachen-Mobiles ist ein toller Blickfang.<\/p>\n<p>Stellen Sie sich vor, wie sie im Garten herumfliegen. Diese Kokosnuss-Drachen haben eine Fl\u00fcgelspannweite von ca. 37 cm x 30 cm und h\u00e4ngen 40 cm von ihrem Haken herunter. Ein wirklich beeindruckender Drache, der nicht trainiert werden muss.<\/p>\n<p>Sie werden in Indonesien von Kunsthandwerkerfamilien mit Sorgfalt und Liebe handgefertigt.<\/p>\n<p>H\u00e4ngen Sie diesen wundersch\u00f6nen fliegenden Drachen drinnen oder drau\u00dfen auf &#8230; am besten im Garten, und beobachten Sie, wie er umherfliegt.<\/p>\n","protected":false},"excerpt":{"rendered":"<p>Diese Auswahl an kunstvollen Kokosnuss-Drachen-Mobiles ist ein toller Blickfang. Stellen Sie sich vor, wie sie im Garten herumfliegen. Diese Kokosnuss-Drachen haben eine Fl\u00fcgelspannweite von ca. 37 cm x 30 cm und h\u00e4ngen 40 cm von ihrem Haken herunter. Ein wirklich beeindruckender Drache, der nicht trainiert werden muss. Sie werden in Indonesien von Kunsthandwerkerfamilien mit Sorgfalt [&hellip;]<\/p>\n","protected":false},"featured_media":363144,"comment_status":"closed","ping_status":"open","template":"","meta":[],"product_brand":[],"product_cat":[14451],"product_tag":[],"class_list":{"0":"post-229421","1":"product","2":"type-product","3":"status-publish","4":"has-post-thumbnail","6":"product_cat-haus-und-gartendeko","7":"pa_collection-coconut-dragon-mobiles-de","8":"pa_made-in-indonesien","10":"first","11":"instock","12":"purchasable","13":"product-type-simple"},"supplier_id":null,"supplier_sku":"CocoD-05","barcode":null,"atum_controlled":true,"out_stock_date":null,"out_stock_threshold":null,"inheritable":false,"inbound_stock":null,"stock_on_hold":0,"sold_today":0,"sales_last_days":0,"reserved_stock":null,"customer_returns":null,"warehouse_damage":null,"lost_in_post":null,"other_logs":null,"out_stock_days":0,"lost_sales":0,"has_location":null,"update_date":"2026-02-07T18:39:22","atum_locations":[],"atum_stock_status":"instock","restock_status":false,"low_stock_amount":"","sales_update_date":"2026-02-06T00:01:26","calc_backorders":null,"_links":{"self":[{"href":"https:\/\/aromasentia.com\/de\/wp-json\/wp\/v2\/product\/229421","targetHints":{"allow":["GET"]}}],"collection":[{"href":"https:\/\/aromasentia.com\/de\/wp-json\/wp\/v2\/product"}],"about":[{"href":"https:\/\/aromasentia.com\/de\/wp-json\/wp\/v2\/types\/product"}],"replies":[{"embeddable":true,"href":"https:\/\/aromasentia.com\/de\/wp-json\/wp\/v2\/comments?post=229421"}],"version-history":[{"count":0,"href":"https:\/\/aromasentia.com\/de\/wp-json\/wp\/v2\/product\/229421\/revisions"}],"wp:featuredmedia":[{"embeddable":true,"href":"https:\/\/aromasentia.com\/de\/wp-json\/wp\/v2\/media\/363144"}],"wp:attachment":[{"href":"https:\/\/aromasentia.com\/de\/wp-json\/wp\/v2\/media?parent=229421"}],"wp:term":[{"taxonomy":"product_brand","embeddable":true,"href":"https:\/\/aromasentia.com\/de\/wp-json\/wp\/v2\/product_brand?post=229421"},{"taxonomy":"product_cat","embeddable":true,"href":"https:\/\/aromasentia.com\/de\/wp-json\/wp\/v2\/product_cat?post=229421"},{"taxonomy":"product_tag","embeddable":true,"href":"https:\/\/aromasentia.com\/de\/wp-json\/wp\/v2\/product_tag?post=229421"}],"curies":[{"name":"wp","href":"https:\/\/api.w.org\/{rel}","templated":true}]}}