{"id":229377,"date":"2025-03-22T16:05:00","date_gmt":"2025-03-22T16:05:00","guid":{"rendered":"https:\/\/aromasentia.com\/product\/coconut-leaf-fruit-bowl-set-whitewash\/"},"modified":"2025-12-30T20:00:17","modified_gmt":"2025-12-30T20:00:17","slug":"kokosnussblatt-obstschalen-set-whitewash","status":"publish","type":"product","link":"https:\/\/aromasentia.com\/de\/kokosnussblatt-obstschalen-set-whitewash\/","title":{"rendered":"Kokosnussblatt-Obstschalen-Set \u2013 Whitewash"},"content":{"rendered":"<p><span style=\"color: rgb(75, 80, 88);\"><strong>Kokosnussblatt-Obstschalen, 3er-Set \u2013 Whitewash<\/strong> werden aus echten Kokosnussbl\u00e4ttern hergestellt, einer besonderen Art, die sich durch Erhitzen formen und biegen l\u00e4sst. Jedes Blatt ist ein <strong>einzigartiges Naturprodukt<\/strong> und hat eine leicht unterschiedliche Gr\u00f6\u00dfe und Form. Holen Sie sich die Natur ins Haus mit diesen wundersch\u00f6nen (und erschwinglichen) Naturkunstwerken, die Ihre Kunden unbedingt besitzen wollen. Erh\u00e4ltlich in Dreier-Sets in Whitewash, Natural und Chocolate. Diese wundersch\u00f6nen Farben mit Used-Look bieten Ihren Kunden mehr Auswahl.<\/span><\/p>\n<p><span style=\"color: rgb(75, 80, 88);\">Alle Sets sind durchdachte <strong>umweltfreundliche Geschenke<\/strong>, einzeln in handgefertigtes Papier verpackt, um sie w\u00e4hrend des Transports zu sch\u00fctzen, und in einer Schachtel aus Recyclingkarton verpackt. Mit diesen Obstschalen-Sets aus Kokosnussbl\u00e4ttern k\u00f6nnen Sie eine exotische Tischdekoration kreieren. Sie sind leicht zu reinigen, verwenden Sie einfach einen feuchten Schwamm oder ein Tuch.<\/span><\/p>\n<p><span style=\"color: rgb(75, 80, 88);\"><strong>Bitte beachten:<\/strong> Diese Produkte werden aus nat\u00fcrlichen Materialien hergestellt, daher k\u00f6nnen die genaue Farbe und das Finish variieren. Jedes ist etwas anders und daher einzigartig.&nbsp;<\/span><\/p>\n<p><span style=\"color: rgb(75, 80, 88);\"><strong>Gr\u00f6\u00dfen: Gro\u00df 40 x 20 cm, Mittel 30 x 15 cm und Klein 25 x 11 cm.&nbsp;<\/strong><\/span><\/p>\n<p><span style=\"color: rgb(75, 80, 88);\"><em>Verkauft in 3er-Sets \u2013 Handgefertigt auf Bali \u2013 Umweltfreundlich \u2013 Vegan \u2013 Tolles \u00d6ko-Geschenk<\/em>&nbsp;<\/span><\/p>\n<p><span style=\"color: rgb(141, 186, 216);\"><strong>Bieten Sie Ihren Kunden eine sch\u00f6ne und exotische Wohndekoration, bestellen Sie jetzt.<\/strong><\/span><\/p>\n","protected":false},"excerpt":{"rendered":"<p>Kokosnussblatt-Obstschalen, 3er-Set \u2013 Whitewash werden aus echten Kokosnussbl\u00e4ttern hergestellt, einer besonderen Art, die sich durch Erhitzen formen und biegen l\u00e4sst. Jedes Blatt ist ein einzigartiges Naturprodukt und hat eine leicht unterschiedliche Gr\u00f6\u00dfe und Form. Holen Sie sich die Natur ins Haus mit diesen wundersch\u00f6nen (und erschwinglichen) Naturkunstwerken, die Ihre Kunden unbedingt besitzen wollen. Erh\u00e4ltlich in [&hellip;]<\/p>\n","protected":false},"featured_media":362765,"comment_status":"closed","ping_status":"open","template":"","meta":{"_angie_page":false},"product_brand":[],"product_cat":[16895,14451],"product_tag":[],"class_list":{"0":"post-229377","1":"product","2":"type-product","3":"status-publish","4":"has-post-thumbnail","6":"product_cat-dekoration","7":"product_cat-haus-und-gartendeko","8":"pa_collection-coconut-leaf-fruit-bowl-sets-de","9":"pa_made-in-indonesien","11":"first","12":"instock","13":"purchasable","14":"product-type-simple"},"supplier_id":null,"supplier_sku":"CLFB-02","barcode":null,"atum_controlled":true,"out_stock_date":null,"out_stock_threshold":null,"inheritable":false,"inbound_stock":null,"stock_on_hold":0,"sold_today":0,"sales_last_days":0,"reserved_stock":null,"customer_returns":null,"warehouse_damage":null,"lost_in_post":null,"other_logs":null,"out_stock_days":0,"lost_sales":0,"has_location":null,"update_date":"2026-05-04T00:02:51","atum_locations":[],"atum_stock_status":"instock","restock_status":false,"low_stock_amount":"","sales_update_date":"2026-01-30T01:25:57","calc_backorders":null,"_links":{"self":[{"href":"https:\/\/aromasentia.com\/de\/wp-json\/wp\/v2\/product\/229377","targetHints":{"allow":["GET"]}}],"collection":[{"href":"https:\/\/aromasentia.com\/de\/wp-json\/wp\/v2\/product"}],"about":[{"href":"https:\/\/aromasentia.com\/de\/wp-json\/wp\/v2\/types\/product"}],"replies":[{"embeddable":true,"href":"https:\/\/aromasentia.com\/de\/wp-json\/wp\/v2\/comments?post=229377"}],"version-history":[{"count":0,"href":"https:\/\/aromasentia.com\/de\/wp-json\/wp\/v2\/product\/229377\/revisions"}],"wp:featuredmedia":[{"embeddable":true,"href":"https:\/\/aromasentia.com\/de\/wp-json\/wp\/v2\/media\/362765"}],"wp:attachment":[{"href":"https:\/\/aromasentia.com\/de\/wp-json\/wp\/v2\/media?parent=229377"}],"wp:term":[{"taxonomy":"product_brand","embeddable":true,"href":"https:\/\/aromasentia.com\/de\/wp-json\/wp\/v2\/product_brand?post=229377"},{"taxonomy":"product_cat","embeddable":true,"href":"https:\/\/aromasentia.com\/de\/wp-json\/wp\/v2\/product_cat?post=229377"},{"taxonomy":"product_tag","embeddable":true,"href":"https:\/\/aromasentia.com\/de\/wp-json\/wp\/v2\/product_tag?post=229377"}],"curies":[{"name":"wp","href":"https:\/\/api.w.org\/{rel}","templated":true}]}}