{"id":229361,"date":"2025-03-22T16:05:00","date_gmt":"2025-03-22T16:05:00","guid":{"rendered":"https:\/\/aromasentia.com\/product\/coconut-leaf-wind-chimes-natural\/"},"modified":"2025-12-30T20:00:17","modified_gmt":"2025-12-30T20:00:17","slug":"windspiele-aus-kokosnussblaettern-natuerlich","status":"publish","type":"product","link":"https:\/\/aromasentia.com\/de\/windspiele-aus-kokosnussblaettern-natuerlich\/","title":{"rendered":"Windspiele aus Kokosnussbl\u00e4ttern &#8211; Nat\u00fcrlich"},"content":{"rendered":"<p><span style=\"background-color: transparent;\"><strong>Diese Kokosnuss<\/strong><\/span><span style=\"color: rgb(75, 80, 88);\"><strong>&nbsp;Blatt-Windspiele &#8211; Nat\u00fcrlich<\/strong> werden aus einem echten Kokosnussblatt hergestellt und auf Bali handgefertigt. Sie bestehen aus einem echten Kokosnussblatt, einer besonderen Art, die durch Erhitzen verformt und in Formen gebogen werden kann und sich perfekt f\u00fcr den Innenbereich eignet. Sie k\u00f6nnen aber auch im Garten oder auf der Terrasse verwendet werden, wo die Windspiele sanft in der Brise spielen k\u00f6nnen. &nbsp; In den Wintermonaten oder bei nassem Wetter sollten die Windspiele ins Haus gebracht oder an einem gesch\u00fctzten Ort im Garten aufgestellt werden. Vielleicht gef\u00e4llt Ihnen auch die nat\u00fcrliche Kokosnusslampe.&nbsp;<\/span><\/p>\n<p><span style=\"color: rgb(75, 80, 88);\"><em><strong>Ethisch \u2013 Handgefertigt in Java \u2013 Umweltfreundlich<\/strong><\/em><\/span><\/p>\n<p><span style=\"color: rgb(141, 186, 216);\"><strong>Bestellen Sie noch heute und lassen Sie Ihre Kunden den Klang dieses wundersch\u00f6nen Windspiels h\u00f6ren.<\/strong><\/span><\/p>\n","protected":false},"excerpt":{"rendered":"<p>Diese Kokosnuss&nbsp;Blatt-Windspiele &#8211; Nat\u00fcrlich werden aus einem echten Kokosnussblatt hergestellt und auf Bali handgefertigt. Sie bestehen aus einem echten Kokosnussblatt, einer besonderen Art, die durch Erhitzen verformt und in Formen gebogen werden kann und sich perfekt f\u00fcr den Innenbereich eignet. Sie k\u00f6nnen aber auch im Garten oder auf der Terrasse verwendet werden, wo die Windspiele [&hellip;]<\/p>\n","protected":false},"featured_media":362657,"comment_status":"closed","ping_status":"open","template":"","meta":{"_angie_page":false},"product_brand":[],"product_cat":[14451,17981],"product_tag":[],"class_list":{"0":"post-229361","1":"product","2":"type-product","3":"status-publish","4":"has-post-thumbnail","6":"product_cat-haus-und-gartendeko","7":"product_cat-windspiele","8":"pa_collection-coconut-leaf-wind-chimes-de","9":"pa_made-in-indonesien","11":"first","12":"instock","13":"purchasable","14":"product-type-simple"},"supplier_id":null,"supplier_sku":"CLCH-01","barcode":null,"atum_controlled":true,"out_stock_date":null,"out_stock_threshold":null,"inheritable":false,"inbound_stock":null,"stock_on_hold":0,"sold_today":0,"sales_last_days":0,"reserved_stock":null,"customer_returns":null,"warehouse_damage":null,"lost_in_post":null,"other_logs":null,"out_stock_days":0,"lost_sales":0,"has_location":null,"update_date":"2026-05-08T05:06:10","atum_locations":[],"atum_stock_status":"instock","restock_status":false,"low_stock_amount":"","sales_update_date":"2026-02-06T00:02:08","calc_backorders":null,"_links":{"self":[{"href":"https:\/\/aromasentia.com\/de\/wp-json\/wp\/v2\/product\/229361","targetHints":{"allow":["GET"]}}],"collection":[{"href":"https:\/\/aromasentia.com\/de\/wp-json\/wp\/v2\/product"}],"about":[{"href":"https:\/\/aromasentia.com\/de\/wp-json\/wp\/v2\/types\/product"}],"replies":[{"embeddable":true,"href":"https:\/\/aromasentia.com\/de\/wp-json\/wp\/v2\/comments?post=229361"}],"version-history":[{"count":0,"href":"https:\/\/aromasentia.com\/de\/wp-json\/wp\/v2\/product\/229361\/revisions"}],"wp:featuredmedia":[{"embeddable":true,"href":"https:\/\/aromasentia.com\/de\/wp-json\/wp\/v2\/media\/362657"}],"wp:attachment":[{"href":"https:\/\/aromasentia.com\/de\/wp-json\/wp\/v2\/media?parent=229361"}],"wp:term":[{"taxonomy":"product_brand","embeddable":true,"href":"https:\/\/aromasentia.com\/de\/wp-json\/wp\/v2\/product_brand?post=229361"},{"taxonomy":"product_cat","embeddable":true,"href":"https:\/\/aromasentia.com\/de\/wp-json\/wp\/v2\/product_cat?post=229361"},{"taxonomy":"product_tag","embeddable":true,"href":"https:\/\/aromasentia.com\/de\/wp-json\/wp\/v2\/product_tag?post=229361"}],"curies":[{"name":"wp","href":"https:\/\/api.w.org\/{rel}","templated":true}]}}