{"id":229321,"date":"2025-03-22T16:05:00","date_gmt":"2025-03-22T16:05:00","guid":{"rendered":"https:\/\/aromasentia.com\/product\/classic-cushion-cover-herringbone-fine-grey-40x40cm\/"},"modified":"2025-12-30T20:00:10","modified_gmt":"2025-12-30T20:00:10","slug":"klassischer-kissenbezug-herringbone-fine-grey-40-x-40-cm","status":"publish","type":"product","link":"https:\/\/aromasentia.com\/de\/klassischer-kissenbezug-herringbone-fine-grey-40-x-40-cm\/","title":{"rendered":"Klassischer Kissenbezug \u2013 Herringbone Fine Grey \u2013 40 x 40 cm"},"content":{"rendered":"<p>Indische klassische Kissenbez\u00fcge sind \u00e4u\u00dferst dekorativ, mit traditionellen indischen geometrischen Designs und Mustern. Hergestellt aus hochwertiger Baumwolle in neutralen Farben wie Beige, Grau oder Schwarz.<br style=\"box-sizing: inherit; color: rgb(29, 28, 29); font-family: Slack-Lato, Slack-Fractions, appleLogo, sans-serif; font-size: 15px; font-style: normal; font-variant-ligatures: common-ligatures; font-variant-caps: normal; font-weight: 400; letter-spacing: normal; orphans: 2; text-align: left; text-indent: 0px; text-transform: none; white-space: normal; widows: 2; word-spacing: 0px; -webkit-text-stroke-width: 0px; background-color: rgb(255, 255, 255); text-decoration-thickness: initial; text-decoration-style: initial; text-decoration-color: initial;\">Diese neutralen Farben machen sie vielseitig einsetzbar und leicht mit anderen Einrichtungsstilen zu kombinieren.<\/p>\n<p>Sie k\u00f6nnen in einer Vielzahl von R\u00e4umen verwendet werden, einschlie\u00dflich Wohnzimmern, Schlafzimmern und sogar im Freien. Beliebte Wahl f\u00fcr alle, die ihrer Einrichtung einen Hauch von traditionellem indischen Design verleihen wollen.<\/p>\n<p><em>Gr\u00f6\u00dfe: 40&#215;40 cm<\/em><\/p>\n<p><strong>Die Innenseiten sind nicht im Lieferumfang enthalten &#8211; Sie k\u00f6nnen sie separat bestellen&nbsp;<\/strong><a href=\"https:\/\/aromasentia.com\/inner\"><u><strong>hier<\/strong><\/u><\/a><strong>.&nbsp;<\/strong><\/p>\n","protected":false},"excerpt":{"rendered":"<p>Indische klassische Kissenbez\u00fcge sind \u00e4u\u00dferst dekorativ, mit traditionellen indischen geometrischen Designs und Mustern. Hergestellt aus hochwertiger Baumwolle in neutralen Farben wie Beige, Grau oder Schwarz.Diese neutralen Farben machen sie vielseitig einsetzbar und leicht mit anderen Einrichtungsstilen zu kombinieren. Sie k\u00f6nnen in einer Vielzahl von R\u00e4umen verwendet werden, einschlie\u00dflich Wohnzimmern, Schlafzimmern und sogar im Freien. Beliebte [&hellip;]<\/p>\n","protected":false},"featured_media":362287,"comment_status":"closed","ping_status":"open","template":"","meta":{"_angie_page":false},"product_brand":[],"product_cat":[14451,17813,16872],"product_tag":[],"class_list":{"0":"post-229321","1":"product","2":"type-product","3":"status-publish","4":"has-post-thumbnail","6":"product_cat-haus-und-gartendeko","7":"product_cat-kissenbezuge","8":"product_cat-textilien","9":"pa_collection-classic-cushion-cover-de","10":"pa_made-in-indien","12":"first","13":"instock","14":"purchasable","15":"product-type-simple"},"supplier_id":null,"supplier_sku":"CICC-01","barcode":null,"atum_controlled":true,"out_stock_date":null,"out_stock_threshold":null,"inheritable":false,"inbound_stock":null,"stock_on_hold":0,"sold_today":0,"sales_last_days":0,"reserved_stock":null,"customer_returns":null,"warehouse_damage":null,"lost_in_post":null,"other_logs":null,"out_stock_days":0,"lost_sales":0,"has_location":null,"update_date":"2026-04-27T06:57:28","atum_locations":[],"atum_stock_status":"instock","restock_status":false,"low_stock_amount":"","sales_update_date":"2026-01-30T01:25:25","calc_backorders":null,"_links":{"self":[{"href":"https:\/\/aromasentia.com\/de\/wp-json\/wp\/v2\/product\/229321","targetHints":{"allow":["GET"]}}],"collection":[{"href":"https:\/\/aromasentia.com\/de\/wp-json\/wp\/v2\/product"}],"about":[{"href":"https:\/\/aromasentia.com\/de\/wp-json\/wp\/v2\/types\/product"}],"replies":[{"embeddable":true,"href":"https:\/\/aromasentia.com\/de\/wp-json\/wp\/v2\/comments?post=229321"}],"version-history":[{"count":0,"href":"https:\/\/aromasentia.com\/de\/wp-json\/wp\/v2\/product\/229321\/revisions"}],"wp:featuredmedia":[{"embeddable":true,"href":"https:\/\/aromasentia.com\/de\/wp-json\/wp\/v2\/media\/362287"}],"wp:attachment":[{"href":"https:\/\/aromasentia.com\/de\/wp-json\/wp\/v2\/media?parent=229321"}],"wp:term":[{"taxonomy":"product_brand","embeddable":true,"href":"https:\/\/aromasentia.com\/de\/wp-json\/wp\/v2\/product_brand?post=229321"},{"taxonomy":"product_cat","embeddable":true,"href":"https:\/\/aromasentia.com\/de\/wp-json\/wp\/v2\/product_cat?post=229321"},{"taxonomy":"product_tag","embeddable":true,"href":"https:\/\/aromasentia.com\/de\/wp-json\/wp\/v2\/product_tag?post=229321"}],"curies":[{"name":"wp","href":"https:\/\/api.w.org\/{rel}","templated":true}]}}