{"id":229293,"date":"2025-03-22T16:05:00","date_gmt":"2025-03-22T16:05:00","guid":{"rendered":"https:\/\/aromasentia.com\/product\/cantal-grass-bunch-rust\/"},"modified":"2025-12-30T20:00:03","modified_gmt":"2025-12-30T20:00:03","slug":"cantal-grasbuendel-rost","status":"publish","type":"product","link":"https:\/\/aromasentia.com\/de\/cantal-grasbuendel-rost\/","title":{"rendered":"Cantal-Grasb\u00fcndel &#8211; Rost"},"content":{"rendered":"<p>Verleihen Sie Ihrer Einrichtung einen Hauch von herbstlicher Sch\u00f6nheit mit dem Cantal Grass Bunch &#8211; Rust. Dieser dekorative Strau\u00df Cantal-Gras in einem warmen Rostton verleiht jedem Blumenarrangement oder Wohnaccessoire eine nat\u00fcrliche Textur und erdige T\u00f6ne. Er eignet sich perfekt f\u00fcr rustikale Gestecke, Kr\u00e4nze oder einfach nur in einer Vase. Die federartigen Federn verleihen ihm Weichheit und einen Hauch von wildem, von der Wiese inspiriertem Charme. Eine wunderbare Art und Weise, dauerhafte nat\u00fcrliche Elemente in Ihre Inneneinrichtung zu integrieren, und das mit dauerhaftem Stil.<\/p>\n","protected":false},"excerpt":{"rendered":"<p>Verleihen Sie Ihrer Einrichtung einen Hauch von herbstlicher Sch\u00f6nheit mit dem Cantal Grass Bunch &#8211; Rust. Dieser dekorative Strau\u00df Cantal-Gras in einem warmen Rostton verleiht jedem Blumenarrangement oder Wohnaccessoire eine nat\u00fcrliche Textur und erdige T\u00f6ne. Er eignet sich perfekt f\u00fcr rustikale Gestecke, Kr\u00e4nze oder einfach nur in einer Vase. Die federartigen Federn verleihen ihm Weichheit [&hellip;]<\/p>\n","protected":false},"featured_media":362160,"comment_status":"closed","ping_status":"open","template":"","meta":{"_angie_page":false},"product_brand":[],"product_cat":[16895,14451],"product_tag":[],"class_list":{"0":"post-229293","1":"product","2":"type-product","3":"status-publish","4":"has-post-thumbnail","6":"product_cat-dekoration","7":"product_cat-haus-und-gartendeko","8":"pa_collection-cantal-grass-bunch-de","9":"pa_made-in-indonesien","11":"first","12":"instock","13":"purchasable","14":"product-type-simple"},"supplier_id":null,"supplier_sku":"CGB-04","barcode":null,"atum_controlled":true,"out_stock_date":null,"out_stock_threshold":null,"inheritable":false,"inbound_stock":null,"stock_on_hold":0,"sold_today":0,"sales_last_days":0,"reserved_stock":null,"customer_returns":null,"warehouse_damage":null,"lost_in_post":null,"other_logs":null,"out_stock_days":0,"lost_sales":0,"has_location":null,"update_date":"2026-04-27T06:56:28","atum_locations":[],"atum_stock_status":"instock","restock_status":false,"low_stock_amount":"","sales_update_date":"2026-01-30T01:24:37","calc_backorders":null,"_links":{"self":[{"href":"https:\/\/aromasentia.com\/de\/wp-json\/wp\/v2\/product\/229293","targetHints":{"allow":["GET"]}}],"collection":[{"href":"https:\/\/aromasentia.com\/de\/wp-json\/wp\/v2\/product"}],"about":[{"href":"https:\/\/aromasentia.com\/de\/wp-json\/wp\/v2\/types\/product"}],"replies":[{"embeddable":true,"href":"https:\/\/aromasentia.com\/de\/wp-json\/wp\/v2\/comments?post=229293"}],"version-history":[{"count":0,"href":"https:\/\/aromasentia.com\/de\/wp-json\/wp\/v2\/product\/229293\/revisions"}],"wp:featuredmedia":[{"embeddable":true,"href":"https:\/\/aromasentia.com\/de\/wp-json\/wp\/v2\/media\/362160"}],"wp:attachment":[{"href":"https:\/\/aromasentia.com\/de\/wp-json\/wp\/v2\/media?parent=229293"}],"wp:term":[{"taxonomy":"product_brand","embeddable":true,"href":"https:\/\/aromasentia.com\/de\/wp-json\/wp\/v2\/product_brand?post=229293"},{"taxonomy":"product_cat","embeddable":true,"href":"https:\/\/aromasentia.com\/de\/wp-json\/wp\/v2\/product_cat?post=229293"},{"taxonomy":"product_tag","embeddable":true,"href":"https:\/\/aromasentia.com\/de\/wp-json\/wp\/v2\/product_tag?post=229293"}],"curies":[{"name":"wp","href":"https:\/\/api.w.org\/{rel}","templated":true}]}}