{"id":229289,"date":"2025-03-22T16:05:00","date_gmt":"2025-03-22T16:05:00","guid":{"rendered":"https:\/\/aromasentia.com\/product\/cantal-grass-bunch-black\/"},"modified":"2025-12-30T20:00:03","modified_gmt":"2025-12-30T20:00:03","slug":"cantal-grasbuendel-schwarz","status":"publish","type":"product","link":"https:\/\/aromasentia.com\/de\/cantal-grasbuendel-schwarz\/","title":{"rendered":"Cantal-Grasb\u00fcndel &#8211; Schwarz"},"content":{"rendered":"<p><span style=\"color: rgb(75, 80, 88);\">Holen Sie Ihren Kunden mit diesem <strong>Cantal-Gras-Bund \u2013 Schwarz<\/strong> die Natur ins Haus. Frische Farben, die gro\u00dfz\u00fcgig und elegant wirken.<\/span><\/p>\n<p><span style=\"color: rgb(75, 80, 88);\">Sie eignen sich perfekt zur Dekoration von Fluren, Wohnzimmern oder B\u00fcror\u00e4umen. Sie k\u00f6nnen sie sogar als moderne Dekoration f\u00fcr Hochzeiten oder Partys mit Naturthema verkaufen.<\/span><\/p>\n<p><span style=\"color: rgb(75, 80, 88);\">Bringen Sie mit dieser Blattdekoration Leben in jedes Zuhause. Es vermittelt den begehrenswerten Boho-Stil und das Gef\u00fchl, der Natur nahe zu sein.<\/span><\/p>\n<p><span style=\"color: rgb(75, 80, 88);\">Umweltfreundliche Materialien liegen voll im Trend, insbesondere Produkte aus Gras sind modisch und verkaufen sich gut.<\/span><\/p>\n<p><span style=\"color: rgb(75, 80, 88);\"><strong>BITTE BEACHTEN: Aufgrund der Verwendung nat\u00fcrlicher Materialien kann es zu Farb- und Gr\u00f6\u00dfenunterschieden gegen\u00fcber dem Bild kommen.<\/strong><\/span><\/p>\n<p><span style=\"color: rgb(141, 186, 216);\"><strong>Bestellen Sie jetzt und bieten Sie Ihren Kunden dieses trendige Boho-Dekor.<\/strong><\/span><\/p>\n","protected":false},"excerpt":{"rendered":"<p>Holen Sie Ihren Kunden mit diesem Cantal-Gras-Bund \u2013 Schwarz die Natur ins Haus. Frische Farben, die gro\u00dfz\u00fcgig und elegant wirken. Sie eignen sich perfekt zur Dekoration von Fluren, Wohnzimmern oder B\u00fcror\u00e4umen. Sie k\u00f6nnen sie sogar als moderne Dekoration f\u00fcr Hochzeiten oder Partys mit Naturthema verkaufen. Bringen Sie mit dieser Blattdekoration Leben in jedes Zuhause. Es [&hellip;]<\/p>\n","protected":false},"featured_media":362119,"comment_status":"closed","ping_status":"open","template":"","meta":{"_angie_page":false},"product_brand":[],"product_cat":[16895,14451],"product_tag":[],"class_list":{"0":"post-229289","1":"product","2":"type-product","3":"status-publish","4":"has-post-thumbnail","6":"product_cat-dekoration","7":"product_cat-haus-und-gartendeko","8":"pa_collection-cantal-grass-bunch-de","9":"pa_made-in-indonesien","11":"first","12":"instock","13":"purchasable","14":"product-type-simple"},"supplier_id":null,"supplier_sku":"CGB-10","barcode":null,"atum_controlled":true,"out_stock_date":null,"out_stock_threshold":null,"inheritable":false,"inbound_stock":null,"stock_on_hold":0,"sold_today":0,"sales_last_days":0,"reserved_stock":null,"customer_returns":null,"warehouse_damage":null,"lost_in_post":null,"other_logs":null,"out_stock_days":0,"lost_sales":0,"has_location":null,"update_date":"2026-04-27T06:56:38","atum_locations":[],"atum_stock_status":"instock","restock_status":false,"low_stock_amount":"","sales_update_date":"2026-01-20T05:13:23","calc_backorders":null,"_links":{"self":[{"href":"https:\/\/aromasentia.com\/de\/wp-json\/wp\/v2\/product\/229289","targetHints":{"allow":["GET"]}}],"collection":[{"href":"https:\/\/aromasentia.com\/de\/wp-json\/wp\/v2\/product"}],"about":[{"href":"https:\/\/aromasentia.com\/de\/wp-json\/wp\/v2\/types\/product"}],"replies":[{"embeddable":true,"href":"https:\/\/aromasentia.com\/de\/wp-json\/wp\/v2\/comments?post=229289"}],"version-history":[{"count":0,"href":"https:\/\/aromasentia.com\/de\/wp-json\/wp\/v2\/product\/229289\/revisions"}],"wp:featuredmedia":[{"embeddable":true,"href":"https:\/\/aromasentia.com\/de\/wp-json\/wp\/v2\/media\/362119"}],"wp:attachment":[{"href":"https:\/\/aromasentia.com\/de\/wp-json\/wp\/v2\/media?parent=229289"}],"wp:term":[{"taxonomy":"product_brand","embeddable":true,"href":"https:\/\/aromasentia.com\/de\/wp-json\/wp\/v2\/product_brand?post=229289"},{"taxonomy":"product_cat","embeddable":true,"href":"https:\/\/aromasentia.com\/de\/wp-json\/wp\/v2\/product_cat?post=229289"},{"taxonomy":"product_tag","embeddable":true,"href":"https:\/\/aromasentia.com\/de\/wp-json\/wp\/v2\/product_tag?post=229289"}],"curies":[{"name":"wp","href":"https:\/\/api.w.org\/{rel}","templated":true}]}}