{"id":229201,"date":"2025-03-22T16:05:12","date_gmt":"2025-03-22T16:05:12","guid":{"rendered":"https:\/\/aromasentia.com\/product\/extra-large-drama-dreancatcher-pastal-rainbow\/"},"modified":"2025-12-30T19:59:48","modified_gmt":"2025-12-30T19:59:48","slug":"extra-grosser-drama-traumfaenger-pastellregenbogen","status":"publish","type":"product","link":"https:\/\/aromasentia.com\/de\/extra-grosser-drama-traumfaenger-pastellregenbogen\/","title":{"rendered":"Extra gro\u00dfer Drama-Traumf\u00e4nger \u2013 Pastellregenbogen"},"content":{"rendered":"<p>Wir bringen den einfachen Traumf\u00e4nger auf die n\u00e4chste Ebene. Inspiriert vom balinesischen Tempelschirm, bekannt als Payung. Jeder Tempel hat seinen eigenen Schirm, um b\u00f6se Geister einzufangen und gute Geister anzulocken. Verschiedene Stile werden f\u00fcr verschiedene Zeremonien verwendet. Tempelschirme sind ein wichtiger Bestandteil des balinesischen Alltags.<\/p>\n<p>Unsere Traumf\u00e4nger wurden sorgf\u00e4ltig von talentierten Kunsthandwerkern in Indonesien gefertigt. Am besten h\u00e4ngen sie am Fenster oder an der Schlafzimmerwand auf. Schlie\u00dflich besteht die Aufgabe eines Traumf\u00e4ngers darin, schlechte Tr\u00e4ume zu verhindern. Diese dramatischen Traumf\u00e4nger-Kreationen verleihen Ihrem Zuhause eine wahrhaft exotische Note.<\/p>\n<p><strong>Ma\u00dfe:<\/strong><\/p>\n<p><strong>L\u00e4nge ohne Griff: ca. 110 cm<\/strong><\/p>\n<p><strong>L\u00e4nge mit Griff: ca. 140 cm<\/strong><\/p>\n","protected":false},"excerpt":{"rendered":"<p>Wir bringen den einfachen Traumf\u00e4nger auf die n\u00e4chste Ebene. Inspiriert vom balinesischen Tempelschirm, bekannt als Payung. Jeder Tempel hat seinen eigenen Schirm, um b\u00f6se Geister einzufangen und gute Geister anzulocken. Verschiedene Stile werden f\u00fcr verschiedene Zeremonien verwendet. Tempelschirme sind ein wichtiger Bestandteil des balinesischen Alltags. Unsere Traumf\u00e4nger wurden sorgf\u00e4ltig von talentierten Kunsthandwerkern in Indonesien gefertigt. [&hellip;]<\/p>\n","protected":false},"featured_media":365913,"comment_status":"closed","ping_status":"open","template":"","meta":{"_angie_page":false},"product_brand":[],"product_cat":[14451,14452],"product_tag":[],"class_list":{"0":"post-229201","1":"product","2":"type-product","3":"status-publish","4":"has-post-thumbnail","6":"product_cat-haus-und-gartendeko","7":"product_cat-makramees-und-traumfanger","8":"pa_collection-rainbow-dreamcatchers-de","9":"pa_made-in-indonesien","11":"first","12":"instock","13":"purchasable","14":"product-type-simple"},"supplier_id":null,"supplier_sku":"DRDC-01","barcode":null,"atum_controlled":true,"out_stock_date":null,"out_stock_threshold":null,"inheritable":false,"inbound_stock":null,"stock_on_hold":0,"sold_today":0,"sales_last_days":0,"reserved_stock":null,"customer_returns":null,"warehouse_damage":null,"lost_in_post":null,"other_logs":null,"out_stock_days":0,"lost_sales":0,"has_location":null,"update_date":"2026-04-27T06:59:11","atum_locations":[],"atum_stock_status":"instock","restock_status":false,"low_stock_amount":"","sales_update_date":"2025-10-09T03:28:58","calc_backorders":null,"_links":{"self":[{"href":"https:\/\/aromasentia.com\/de\/wp-json\/wp\/v2\/product\/229201","targetHints":{"allow":["GET"]}}],"collection":[{"href":"https:\/\/aromasentia.com\/de\/wp-json\/wp\/v2\/product"}],"about":[{"href":"https:\/\/aromasentia.com\/de\/wp-json\/wp\/v2\/types\/product"}],"replies":[{"embeddable":true,"href":"https:\/\/aromasentia.com\/de\/wp-json\/wp\/v2\/comments?post=229201"}],"version-history":[{"count":0,"href":"https:\/\/aromasentia.com\/de\/wp-json\/wp\/v2\/product\/229201\/revisions"}],"wp:featuredmedia":[{"embeddable":true,"href":"https:\/\/aromasentia.com\/de\/wp-json\/wp\/v2\/media\/365913"}],"wp:attachment":[{"href":"https:\/\/aromasentia.com\/de\/wp-json\/wp\/v2\/media?parent=229201"}],"wp:term":[{"taxonomy":"product_brand","embeddable":true,"href":"https:\/\/aromasentia.com\/de\/wp-json\/wp\/v2\/product_brand?post=229201"},{"taxonomy":"product_cat","embeddable":true,"href":"https:\/\/aromasentia.com\/de\/wp-json\/wp\/v2\/product_cat?post=229201"},{"taxonomy":"product_tag","embeddable":true,"href":"https:\/\/aromasentia.com\/de\/wp-json\/wp\/v2\/product_tag?post=229201"}],"curies":[{"name":"wp","href":"https:\/\/api.w.org\/{rel}","templated":true}]}}