{"id":229193,"date":"2025-03-22T16:05:12","date_gmt":"2025-03-22T16:05:12","guid":{"rendered":"https:\/\/aromasentia.com\/product\/lrg-diy-peg-photo-frames-mozart\/"},"modified":"2025-12-30T19:59:41","modified_gmt":"2025-12-30T19:59:41","slug":"lrg-diy-peg-photo-frames-mozart","status":"publish","type":"product","link":"https:\/\/aromasentia.com\/de\/lrg-diy-peg-photo-frames-mozart\/","title":{"rendered":"Lrg DIY Peg Photo Frames &#8211; Mozart"},"content":{"rendered":"<p>Zeigen Sie Ihre wertvollen Erinnerungen mit diesem gro\u00dfen DIY-Fotorahmen mit Klammern &#8211; Mozart. Mit diesem kreativen Fotorahmen k\u00f6nnen Sie ganz einfach mehrere Fotos, Notizen oder Erinnerungsst\u00fccke mit kleinen Klammern oder Clips in einem gro\u00dfen Rahmen mit dem Thema &#8222;Mozart&#8220; pr\u00e4sentieren &#8211; vielleicht mit musikalischen Motiven oder einem klassischen, eleganten Stil. Er eignet sich perfekt, um eine Sammlung von Erinnerungen auf witzige, austauschbare und k\u00fcnstlerische Weise zu pr\u00e4sentieren, und verleiht Ihrer Wanddekoration einen pers\u00f6nlichen und leichten Vintage- oder kulturellen Touch.<\/p>\n","protected":false},"excerpt":{"rendered":"<p>Zeigen Sie Ihre wertvollen Erinnerungen mit diesem gro\u00dfen DIY-Fotorahmen mit Klammern &#8211; Mozart. Mit diesem kreativen Fotorahmen k\u00f6nnen Sie ganz einfach mehrere Fotos, Notizen oder Erinnerungsst\u00fccke mit kleinen Klammern oder Clips in einem gro\u00dfen Rahmen mit dem Thema &#8222;Mozart&#8220; pr\u00e4sentieren &#8211; vielleicht mit musikalischen Motiven oder einem klassischen, eleganten Stil. Er eignet sich perfekt, um [&hellip;]<\/p>\n","protected":false},"featured_media":365839,"comment_status":"closed","ping_status":"open","template":"","meta":[],"product_brand":[],"product_cat":[14451],"product_tag":[],"class_list":{"0":"post-229193","1":"product","2":"type-product","3":"status-publish","4":"has-post-thumbnail","6":"product_cat-haus-und-gartendeko","7":"pa_made-in-china","9":"first","10":"instock","11":"purchasable","12":"product-type-simple"},"supplier_id":null,"supplier_sku":"DMPF-02","barcode":null,"atum_controlled":true,"out_stock_date":null,"out_stock_threshold":null,"inheritable":false,"inbound_stock":null,"stock_on_hold":0,"sold_today":0,"sales_last_days":0,"reserved_stock":null,"customer_returns":null,"warehouse_damage":null,"lost_in_post":null,"other_logs":null,"out_stock_days":0,"lost_sales":0,"has_location":null,"update_date":"2026-01-30T01:25:24","atum_locations":[],"atum_stock_status":"instock","restock_status":false,"low_stock_amount":"","sales_update_date":"2026-01-30T01:25:24","calc_backorders":null,"_links":{"self":[{"href":"https:\/\/aromasentia.com\/de\/wp-json\/wp\/v2\/product\/229193","targetHints":{"allow":["GET"]}}],"collection":[{"href":"https:\/\/aromasentia.com\/de\/wp-json\/wp\/v2\/product"}],"about":[{"href":"https:\/\/aromasentia.com\/de\/wp-json\/wp\/v2\/types\/product"}],"replies":[{"embeddable":true,"href":"https:\/\/aromasentia.com\/de\/wp-json\/wp\/v2\/comments?post=229193"}],"version-history":[{"count":0,"href":"https:\/\/aromasentia.com\/de\/wp-json\/wp\/v2\/product\/229193\/revisions"}],"wp:featuredmedia":[{"embeddable":true,"href":"https:\/\/aromasentia.com\/de\/wp-json\/wp\/v2\/media\/365839"}],"wp:attachment":[{"href":"https:\/\/aromasentia.com\/de\/wp-json\/wp\/v2\/media?parent=229193"}],"wp:term":[{"taxonomy":"product_brand","embeddable":true,"href":"https:\/\/aromasentia.com\/de\/wp-json\/wp\/v2\/product_brand?post=229193"},{"taxonomy":"product_cat","embeddable":true,"href":"https:\/\/aromasentia.com\/de\/wp-json\/wp\/v2\/product_cat?post=229193"},{"taxonomy":"product_tag","embeddable":true,"href":"https:\/\/aromasentia.com\/de\/wp-json\/wp\/v2\/product_tag?post=229193"}],"curies":[{"name":"wp","href":"https:\/\/api.w.org\/{rel}","templated":true}]}}