{"id":229181,"date":"2025-03-22T16:05:12","date_gmt":"2025-03-22T16:05:12","guid":{"rendered":"https:\/\/aromasentia.com\/product\/cotton-wall-art-mermaid\/"},"modified":"2025-12-30T19:59:41","modified_gmt":"2025-12-30T19:59:41","slug":"baumwoll-wandtuecher-meerjungfrau","status":"publish","type":"product","link":"https:\/\/aromasentia.com\/de\/baumwoll-wandtuecher-meerjungfrau\/","title":{"rendered":"Baumwoll-Wandt\u00fccher- Meerjungfrau"},"content":{"rendered":"<p><span style=\"color: rgb(75, 80, 88);\">Diese Wandbeh\u00e4nge aus Baumwolle sind wahre Kunstwerke. Sie stecken voller symbolischer Bedeutungen aus alten indischen Traditionen. Nicht zu verwechseln mit billigen, maschinengedruckten Massenprodukten.<\/span><\/p>\n<p><span style=\"color: rgb(75, 80, 88);\">Sie haben kr\u00e4ftige, leuchtende Farben (Schwarz ist sehr schwarz) und lebendige, exotische Designs. Tolle Qualit\u00e4t, wundersch\u00f6nes Design und ein hervorragendes Preis-Leistungs-Verh\u00e4ltnis \u2013 wie k\u00f6nnten Ihre Kunden da widerstehen?<\/span><\/p>\n<p><span style=\"color: rgb(75, 80, 88);\">Den Wandbeh\u00e4ngen liegt eine kleine Karte mit einem Foto des Produkts, einem Barcode und einer Beschreibung bei. Gr\u00f6\u00dfe: Breite 78 cm, H\u00f6he 112 cm<\/span><\/p>\n<p><span style=\"color: rgb(75, 80, 88);\">Bestellen Sie noch heute welche und sehen Sie zu, wie sie aus den Regalen fliegen.<\/span><\/p>\n","protected":false},"excerpt":{"rendered":"<p>Diese Wandbeh\u00e4nge aus Baumwolle sind wahre Kunstwerke. Sie stecken voller symbolischer Bedeutungen aus alten indischen Traditionen. Nicht zu verwechseln mit billigen, maschinengedruckten Massenprodukten. Sie haben kr\u00e4ftige, leuchtende Farben (Schwarz ist sehr schwarz) und lebendige, exotische Designs. Tolle Qualit\u00e4t, wundersch\u00f6nes Design und ein hervorragendes Preis-Leistungs-Verh\u00e4ltnis \u2013 wie k\u00f6nnten Ihre Kunden da widerstehen? Den Wandbeh\u00e4ngen liegt eine [&hellip;]<\/p>\n","protected":false},"featured_media":365788,"comment_status":"closed","ping_status":"open","template":"","meta":{"_angie_page":false},"product_brand":[],"product_cat":[14451,16872,18111],"product_tag":[],"class_list":{"0":"post-229181","1":"product","2":"type-product","3":"status-publish","4":"has-post-thumbnail","6":"product_cat-haus-und-gartendeko","7":"product_cat-textilien","8":"product_cat-wandbehange","9":"pa_collection-indian-cotton-wall-art-de","10":"pa_made-in-indien","12":"first","13":"instock","14":"purchasable","15":"product-type-simple"},"supplier_id":null,"supplier_sku":"CWA-17","barcode":null,"atum_controlled":true,"out_stock_date":null,"out_stock_threshold":null,"inheritable":false,"inbound_stock":null,"stock_on_hold":0,"sold_today":0,"sales_last_days":0,"reserved_stock":null,"customer_returns":null,"warehouse_damage":null,"lost_in_post":null,"other_logs":null,"out_stock_days":0,"lost_sales":0,"has_location":null,"update_date":"2026-04-27T06:58:43","atum_locations":[],"atum_stock_status":"instock","restock_status":false,"low_stock_amount":"","sales_update_date":"2026-02-06T00:00:47","calc_backorders":null,"_links":{"self":[{"href":"https:\/\/aromasentia.com\/de\/wp-json\/wp\/v2\/product\/229181","targetHints":{"allow":["GET"]}}],"collection":[{"href":"https:\/\/aromasentia.com\/de\/wp-json\/wp\/v2\/product"}],"about":[{"href":"https:\/\/aromasentia.com\/de\/wp-json\/wp\/v2\/types\/product"}],"replies":[{"embeddable":true,"href":"https:\/\/aromasentia.com\/de\/wp-json\/wp\/v2\/comments?post=229181"}],"version-history":[{"count":0,"href":"https:\/\/aromasentia.com\/de\/wp-json\/wp\/v2\/product\/229181\/revisions"}],"wp:featuredmedia":[{"embeddable":true,"href":"https:\/\/aromasentia.com\/de\/wp-json\/wp\/v2\/media\/365788"}],"wp:attachment":[{"href":"https:\/\/aromasentia.com\/de\/wp-json\/wp\/v2\/media?parent=229181"}],"wp:term":[{"taxonomy":"product_brand","embeddable":true,"href":"https:\/\/aromasentia.com\/de\/wp-json\/wp\/v2\/product_brand?post=229181"},{"taxonomy":"product_cat","embeddable":true,"href":"https:\/\/aromasentia.com\/de\/wp-json\/wp\/v2\/product_cat?post=229181"},{"taxonomy":"product_tag","embeddable":true,"href":"https:\/\/aromasentia.com\/de\/wp-json\/wp\/v2\/product_tag?post=229181"}],"curies":[{"name":"wp","href":"https:\/\/api.w.org\/{rel}","templated":true}]}}