{"id":229113,"date":"2025-03-22T16:05:12","date_gmt":"2025-03-22T16:05:12","guid":{"rendered":"https:\/\/aromasentia.com\/product\/love-chime-blue\/"},"modified":"2025-12-30T19:59:26","modified_gmt":"2025-12-30T19:59:26","slug":"windspiele-herz-blau","status":"publish","type":"product","link":"https:\/\/aromasentia.com\/de\/windspiele-herz-blau\/","title":{"rendered":"Windspiele Herz- Blau"},"content":{"rendered":"<p><span style=\"color: rgb(75, 80, 88);\"><strong>Diese absolut atemberaubenden <strong>EU-Glaswindspiele &#8211; Love Chime &#8211; Blau<\/strong> werden in Indonesien von Hand aus <strong>recyceltem Glas<\/strong> und <strong>Treibholz<\/strong> hergestellt und sind wahre Kunstwerke.<\/span><\/p>\n<p><span style=\"color: rgb(75, 80, 88);\">Eine tolle M\u00f6glichkeit, Altglas wiederzuverwerten. Dies ist ein ideales <strong>umweltfreundliches Geschenk<\/strong>, das <strong>die Natur ins Haus holt<\/strong>. F\u00fcr eine bessere Wirkung k\u00f6nnen Ihre Kunden es an ihren Lieblingsbaum im Garten h\u00e4ngen oder es ruhig auf dem Balkon klingeln lassen.<\/span><\/p>\n<p><span style=\"color: rgb(75, 80, 88);\">Viele Menschen glauben, dass Windspiele <strong>die Umgebung vor b\u00f6sen Geistern und Ungl\u00fcck sch\u00fctzen<\/strong>. Ein aufgeh\u00e4ngtes Glasglockenspiel erzeugt ein zartes Klingeln, wenn es vom Wind ber\u00fchrt wird. Es soll positive Energie erhalten und so Wohlstand anziehen.&nbsp;<\/span><\/p>\n<p><span style=\"color: rgb(75, 80, 88);\">Ihr bezaubernder Klang und die sch\u00f6nen Farben locken Kunden sofort in Ihr Gesch\u00e4ft, und die sch\u00f6nen Designs sind ein Blickfang. &nbsp;Windspiele sind fertig zum Aufh\u00e4ngen und sorgen f\u00fcr eine auff\u00e4llige Pr\u00e4sentation. Das k\u00f6nnte Ihnen auch gefallen:<\/span><a href=\"https:\/\/aromasentia.com\/vdc\"><span style=\"color: rgb(149, 122, 101);\">Bali Natural Dream Catchers<\/span><\/a><span style=\"color: rgb(75, 80, 88);\">.<\/span><\/p>\n<p><span style=\"color: rgb(141, 186, 216);\"><strong>Zum Produktportfolio hinzuf\u00fcgen und jetzt bestellen, damit die Kassen Ihrer Kunden klingeln.<\/strong><\/span><\/p>\n","protected":false},"excerpt":{"rendered":"<p>Diese absolut atemberaubenden EU-Glaswindspiele &#8211; Love Chime &#8211; Blau werden in Indonesien von Hand aus recyceltem Glas und Treibholz hergestellt und sind wahre Kunstwerke. Eine tolle M\u00f6glichkeit, Altglas wiederzuverwerten. Dies ist ein ideales umweltfreundliches Geschenk, das die Natur ins Haus holt. F\u00fcr eine bessere Wirkung k\u00f6nnen Ihre Kunden es an ihren Lieblingsbaum im Garten h\u00e4ngen [&hellip;]<\/p>\n","protected":false},"featured_media":367476,"comment_status":"closed","ping_status":"open","template":"","meta":{"_angie_page":false},"product_brand":[],"product_cat":[14451,17981],"product_tag":[],"class_list":{"0":"post-229113","1":"product","2":"type-product","3":"status-publish","4":"has-post-thumbnail","6":"product_cat-haus-und-gartendeko","7":"product_cat-windspiele","8":"pa_collection-recycled-glass-wind-chimes-de","9":"pa_made-in-indonesien","11":"first","12":"instock","13":"purchasable","14":"product-type-simple"},"supplier_id":null,"supplier_sku":"GWC-08","barcode":null,"atum_controlled":true,"out_stock_date":null,"out_stock_threshold":null,"inheritable":false,"inbound_stock":null,"stock_on_hold":0,"sold_today":0,"sales_last_days":0,"reserved_stock":null,"customer_returns":null,"warehouse_damage":null,"lost_in_post":null,"other_logs":null,"out_stock_days":0,"lost_sales":0,"has_location":null,"update_date":"2026-05-08T05:10:47","atum_locations":[],"atum_stock_status":"instock","restock_status":false,"low_stock_amount":"","sales_update_date":"2025-09-05T00:28:33","calc_backorders":null,"_links":{"self":[{"href":"https:\/\/aromasentia.com\/de\/wp-json\/wp\/v2\/product\/229113","targetHints":{"allow":["GET"]}}],"collection":[{"href":"https:\/\/aromasentia.com\/de\/wp-json\/wp\/v2\/product"}],"about":[{"href":"https:\/\/aromasentia.com\/de\/wp-json\/wp\/v2\/types\/product"}],"replies":[{"embeddable":true,"href":"https:\/\/aromasentia.com\/de\/wp-json\/wp\/v2\/comments?post=229113"}],"version-history":[{"count":0,"href":"https:\/\/aromasentia.com\/de\/wp-json\/wp\/v2\/product\/229113\/revisions"}],"wp:featuredmedia":[{"embeddable":true,"href":"https:\/\/aromasentia.com\/de\/wp-json\/wp\/v2\/media\/367476"}],"wp:attachment":[{"href":"https:\/\/aromasentia.com\/de\/wp-json\/wp\/v2\/media?parent=229113"}],"wp:term":[{"taxonomy":"product_brand","embeddable":true,"href":"https:\/\/aromasentia.com\/de\/wp-json\/wp\/v2\/product_brand?post=229113"},{"taxonomy":"product_cat","embeddable":true,"href":"https:\/\/aromasentia.com\/de\/wp-json\/wp\/v2\/product_cat?post=229113"},{"taxonomy":"product_tag","embeddable":true,"href":"https:\/\/aromasentia.com\/de\/wp-json\/wp\/v2\/product_tag?post=229113"}],"curies":[{"name":"wp","href":"https:\/\/api.w.org\/{rel}","templated":true}]}}