{"id":229077,"date":"2025-03-22T16:05:12","date_gmt":"2025-03-22T16:05:12","guid":{"rendered":"https:\/\/aromasentia.com\/product\/ex-large-ball-top-terarium-on-dark-tung-wood-23x23cm\/"},"modified":"2025-12-30T19:59:26","modified_gmt":"2025-12-30T19:59:26","slug":"ehemaliges-grosses-terrarium-mit-kugeldeckel-auf-dunklem-tungholz-23-x-23-cm","status":"publish","type":"product","link":"https:\/\/aromasentia.com\/de\/ehemaliges-grosses-terrarium-mit-kugeldeckel-auf-dunklem-tungholz-23-x-23-cm\/","title":{"rendered":"Ehemaliges gro\u00dfes Terrarium mit Kugeldeckel auf dunklem Tungholz \u2013 23 x 23 cm"},"content":{"rendered":"<p><span style=\"color: rgb(75, 80, 88);\"><strong>Extra gro\u00dfes Kugelterrarium aus dunklem Tungholz<\/strong> ist ein ger\u00e4umiger Glasbeh\u00e4lter mit kugelf\u00f6rmigem Deckel, der sich zur Pr\u00e4sentation von Pflanzen, Miniaturen oder anderen Dekorationselementen eignet. Der dunkle Tungholzboden verleiht dem Glas einen Hauch von Eleganz und einen nat\u00fcrlichen Kontrast.<\/span><\/p>\n<p><span style=\"color: rgb(75, 80, 88);\">Das Einrichten eines Terrariums kann Spa\u00df machen und kreativ sein. Es ist eine sch\u00f6ne M\u00f6glichkeit, die Natur ins Haus zu holen. Terrarien sind vielseitig einsetzbar und eignen sich hervorragend als Geschenk f\u00fcr verschiedenste Zielgruppen, von Pflanzen- und Wohndekor-Enthusiasten bis hin zu allen, die gerne basteln oder ihre eigene Dekoration gestalten.<\/span><\/p>\n<p><span style=\"color: rgb(75, 80, 88);\">Das glatte Glas und das dunkle Holz machen es zu einer schicken Erg\u00e4nzung f\u00fcr jeden Raum. Es kann als Blickfang auf Couchtischen, Beistelltischen oder Regalen dienen und macht sich auch gut auf Arbeitsplatten oder Fensterb\u00e4nken. Es ist definitiv ein warmer, einladender Akzent im Eingangsbereich oder auf Konsolentischen.<\/span><\/p>\n<p><span style=\"color: rgb(75, 80, 88);\">Terrarien eignen sich auch hervorragend, um einen B\u00fcroraum mit etwas Gr\u00fcn aufzuhellen. Stellen Sie sie auf Schreibtische, B\u00fccherregale oder in den Empfangsbereich, um einen Hauch von Natur zu verbreiten.<\/span><\/p>\n<p><span style=\"color: rgb(75, 80, 88);\">Verwenden Sie sie individuell f\u00fcr Hochzeiten, Partys oder andere Veranstaltungen als Tischdekoration oder Gastgeschenk. Ihre Kunden werden sie lieben.&nbsp;<\/span><\/p>\n<p><span style=\"color: rgb(75, 80, 88);\"><strong>Gr\u00f6\u00dfe<\/strong>: ca. 23&#215;23 cm<\/span><\/p>\n<p><span style=\"color: rgb(75, 80, 88);\">Terrarien in verschiedenen Ausf\u00fchrungen erfreuen sich seit Jahren gro\u00dfer Beliebtheit und bleiben ein Trend in der Wohn- und Gartengestaltung. Sie <strong>passen gut zu den aktuellen Trends in Sachen Indoor-Garten, Nachhaltigkeit und minimalistischem Design.<\/strong><\/span><\/p>\n","protected":false},"excerpt":{"rendered":"<p>Extra gro\u00dfes Kugelterrarium aus dunklem Tungholz ist ein ger\u00e4umiger Glasbeh\u00e4lter mit kugelf\u00f6rmigem Deckel, der sich zur Pr\u00e4sentation von Pflanzen, Miniaturen oder anderen Dekorationselementen eignet. Der dunkle Tungholzboden verleiht dem Glas einen Hauch von Eleganz und einen nat\u00fcrlichen Kontrast. Das Einrichten eines Terrariums kann Spa\u00df machen und kreativ sein. Es ist eine sch\u00f6ne M\u00f6glichkeit, die Natur [&hellip;]<\/p>\n","protected":false},"featured_media":367283,"comment_status":"closed","ping_status":"open","template":"","meta":{"_angie_page":false},"product_brand":[],"product_cat":[17577,14451],"product_tag":[],"class_list":{"0":"post-229077","1":"product","2":"type-product","3":"status-publish","4":"has-post-thumbnail","6":"product_cat-glasdekor","7":"product_cat-haus-und-gartendeko","8":"pa_collection-glass-terrariums-de","9":"pa_made-in-china","11":"first","12":"instock","13":"purchasable","14":"product-type-simple"},"supplier_id":null,"supplier_sku":"Gter-15","barcode":null,"atum_controlled":true,"out_stock_date":null,"out_stock_threshold":null,"inheritable":false,"inbound_stock":null,"stock_on_hold":0,"sold_today":0,"sales_last_days":0,"reserved_stock":null,"customer_returns":null,"warehouse_damage":null,"lost_in_post":null,"other_logs":null,"out_stock_days":0,"lost_sales":0,"has_location":null,"update_date":"2026-05-08T05:10:47","atum_locations":[],"atum_stock_status":"instock","restock_status":false,"low_stock_amount":"","sales_update_date":"2026-01-30T01:26:01","calc_backorders":null,"_links":{"self":[{"href":"https:\/\/aromasentia.com\/de\/wp-json\/wp\/v2\/product\/229077","targetHints":{"allow":["GET"]}}],"collection":[{"href":"https:\/\/aromasentia.com\/de\/wp-json\/wp\/v2\/product"}],"about":[{"href":"https:\/\/aromasentia.com\/de\/wp-json\/wp\/v2\/types\/product"}],"replies":[{"embeddable":true,"href":"https:\/\/aromasentia.com\/de\/wp-json\/wp\/v2\/comments?post=229077"}],"version-history":[{"count":0,"href":"https:\/\/aromasentia.com\/de\/wp-json\/wp\/v2\/product\/229077\/revisions"}],"wp:featuredmedia":[{"embeddable":true,"href":"https:\/\/aromasentia.com\/de\/wp-json\/wp\/v2\/media\/367283"}],"wp:attachment":[{"href":"https:\/\/aromasentia.com\/de\/wp-json\/wp\/v2\/media?parent=229077"}],"wp:term":[{"taxonomy":"product_brand","embeddable":true,"href":"https:\/\/aromasentia.com\/de\/wp-json\/wp\/v2\/product_brand?post=229077"},{"taxonomy":"product_cat","embeddable":true,"href":"https:\/\/aromasentia.com\/de\/wp-json\/wp\/v2\/product_cat?post=229077"},{"taxonomy":"product_tag","embeddable":true,"href":"https:\/\/aromasentia.com\/de\/wp-json\/wp\/v2\/product_tag?post=229077"}],"curies":[{"name":"wp","href":"https:\/\/api.w.org\/{rel}","templated":true}]}}