{"id":229017,"date":"2025-03-22T16:05:12","date_gmt":"2025-03-22T16:05:12","guid":{"rendered":"https:\/\/aromasentia.com\/product\/large-ganpati-iron-frame-turquoise-relief-0-7x1m\/"},"modified":"2025-12-30T19:59:10","modified_gmt":"2025-12-30T19:59:10","slug":"grosser-ganpati-tuerkis-relief-07x1m","status":"publish","type":"product","link":"https:\/\/aromasentia.com\/de\/grosser-ganpati-tuerkis-relief-07x1m\/","title":{"rendered":"Gro\u00dfer Ganpati T\u00fcrkis Relief &#8211; 0,7x1m"},"content":{"rendered":"<p>Laden Sie gl\u00fccksverhei\u00dfende Energien mit diesem gro\u00dfen Ganpati-Eisenrahmen mit t\u00fcrkisfarbenem Relief ein. Dieser auff\u00e4llige 0,7x1m gro\u00dfe Eisenrahmen zeigt ein wundersch\u00f6nes Relief von Lord Ganpati (Ganesha) mit leuchtenden t\u00fcrkisen Akzenten, die Weisheit, Schutz und Ruhe symbolisieren. Seine betr\u00e4chtliche Gr\u00f6\u00dfe und detaillierte Handwerkskunst schaffen ein fesselndes spirituelles Herzst\u00fcck, das sich perfekt f\u00fcr einen Meditationsraum, einen Eingangsbereich oder jeden anderen Raum eignet, in dem Segen und positive Schwingungen erw\u00fcnscht sind, indem es traditionelle Ikonographie mit auff\u00e4lligen Farben verbindet.<\/p>\n","protected":false},"excerpt":{"rendered":"<p>Laden Sie gl\u00fccksverhei\u00dfende Energien mit diesem gro\u00dfen Ganpati-Eisenrahmen mit t\u00fcrkisfarbenem Relief ein. Dieser auff\u00e4llige 0,7x1m gro\u00dfe Eisenrahmen zeigt ein wundersch\u00f6nes Relief von Lord Ganpati (Ganesha) mit leuchtenden t\u00fcrkisen Akzenten, die Weisheit, Schutz und Ruhe symbolisieren. Seine betr\u00e4chtliche Gr\u00f6\u00dfe und detaillierte Handwerkskunst schaffen ein fesselndes spirituelles Herzst\u00fcck, das sich perfekt f\u00fcr einen Meditationsraum, einen Eingangsbereich oder [&hellip;]<\/p>\n","protected":false},"featured_media":366820,"comment_status":"closed","ping_status":"open","template":"","meta":{"_angie_page":false},"product_brand":[],"product_cat":[14451,16979],"product_tag":[],"class_list":{"0":"post-229017","1":"product","2":"type-product","3":"status-publish","4":"has-post-thumbnail","6":"product_cat-haus-und-gartendeko","7":"product_cat-statuen-und-figuren","8":"pa_collection-extra-large-buddha-statues-de","9":"pa_made-in-indonesien","11":"first","12":"instock","13":"purchasable","14":"product-type-simple"},"supplier_id":null,"supplier_sku":"GAS-13","barcode":null,"atum_controlled":true,"out_stock_date":null,"out_stock_threshold":null,"inheritable":false,"inbound_stock":null,"stock_on_hold":0,"sold_today":0,"sales_last_days":0,"reserved_stock":null,"customer_returns":null,"warehouse_damage":null,"lost_in_post":null,"other_logs":null,"out_stock_days":0,"lost_sales":0,"has_location":null,"update_date":"2026-04-27T07:04:52","atum_locations":[],"atum_stock_status":"instock","restock_status":false,"low_stock_amount":"","sales_update_date":"2025-09-05T00:28:25","calc_backorders":null,"_links":{"self":[{"href":"https:\/\/aromasentia.com\/de\/wp-json\/wp\/v2\/product\/229017","targetHints":{"allow":["GET"]}}],"collection":[{"href":"https:\/\/aromasentia.com\/de\/wp-json\/wp\/v2\/product"}],"about":[{"href":"https:\/\/aromasentia.com\/de\/wp-json\/wp\/v2\/types\/product"}],"replies":[{"embeddable":true,"href":"https:\/\/aromasentia.com\/de\/wp-json\/wp\/v2\/comments?post=229017"}],"version-history":[{"count":0,"href":"https:\/\/aromasentia.com\/de\/wp-json\/wp\/v2\/product\/229017\/revisions"}],"wp:featuredmedia":[{"embeddable":true,"href":"https:\/\/aromasentia.com\/de\/wp-json\/wp\/v2\/media\/366820"}],"wp:attachment":[{"href":"https:\/\/aromasentia.com\/de\/wp-json\/wp\/v2\/media?parent=229017"}],"wp:term":[{"taxonomy":"product_brand","embeddable":true,"href":"https:\/\/aromasentia.com\/de\/wp-json\/wp\/v2\/product_brand?post=229017"},{"taxonomy":"product_cat","embeddable":true,"href":"https:\/\/aromasentia.com\/de\/wp-json\/wp\/v2\/product_cat?post=229017"},{"taxonomy":"product_tag","embeddable":true,"href":"https:\/\/aromasentia.com\/de\/wp-json\/wp\/v2\/product_tag?post=229017"}],"curies":[{"name":"wp","href":"https:\/\/api.w.org\/{rel}","templated":true}]}}