{"id":229013,"date":"2025-03-22T16:05:12","date_gmt":"2025-03-22T16:05:12","guid":{"rendered":"https:\/\/aromasentia.com\/product\/grand-cadre-en-fer-ganpati-en-relief-dore-antique-07x1m\/"},"modified":"2025-12-30T19:59:10","modified_gmt":"2025-12-30T19:59:10","slug":"grosser-ganpati-antik-gold-relief-07-x-1-m","status":"publish","type":"product","link":"https:\/\/aromasentia.com\/de\/grosser-ganpati-antik-gold-relief-07-x-1-m\/","title":{"rendered":"Gro\u00dfer Ganpati Antik-Gold-Relief, 0,7 x 1 \u00a0m"},"content":{"rendered":"<p>Schm\u00fccken Sie Ihren heiligen Raum mit diesem Grand Cadre en Fer Ganpati en Relief Dor\u00e9 Antique. Dieser gro\u00dfe Eisenrahmen mit den Ma\u00dfen 0,7 x 1 m zeigt ein beeindruckendes Relief von Lord Ganpati (Ganesha), dem Beseitiger von Hindernissen und Gl\u00fccksbringer, in antikem Gold. Seine beeindruckende Gr\u00f6\u00dfe und die aufw\u00e4ndigen Details machen ihn zu einem kraftvollen und verhei\u00dfungsvollen Blickpunkt f\u00fcr jeden Raum, Meditationsbereich oder Tempel, der mit seiner traditionellen, opulenten Kunstfertigkeit Segen, Weisheit und g\u00f6ttliche Pr\u00e4senz heraufbeschw\u00f6rt.<\/p>\n","protected":false},"excerpt":{"rendered":"<p>Schm\u00fccken Sie Ihren heiligen Raum mit diesem Grand Cadre en Fer Ganpati en Relief Dor\u00e9 Antique. Dieser gro\u00dfe Eisenrahmen mit den Ma\u00dfen 0,7 x 1 m zeigt ein beeindruckendes Relief von Lord Ganpati (Ganesha), dem Beseitiger von Hindernissen und Gl\u00fccksbringer, in antikem Gold. Seine beeindruckende Gr\u00f6\u00dfe und die aufw\u00e4ndigen Details machen ihn zu einem kraftvollen [&hellip;]<\/p>\n","protected":false},"featured_media":366811,"comment_status":"closed","ping_status":"open","template":"","meta":{"_angie_page":false},"product_brand":[],"product_cat":[14451,16979],"product_tag":[],"class_list":{"0":"post-229013","1":"product","2":"type-product","3":"status-publish","4":"has-post-thumbnail","6":"product_cat-haus-und-gartendeko","7":"product_cat-statuen-und-figuren","8":"pa_collection-extra-large-buddha-statues-de","9":"pa_made-in-indonesien","11":"first","12":"instock","13":"purchasable","14":"product-type-simple"},"supplier_id":null,"supplier_sku":"GAS-12","barcode":null,"atum_controlled":true,"out_stock_date":null,"out_stock_threshold":null,"inheritable":false,"inbound_stock":null,"stock_on_hold":0,"sold_today":0,"sales_last_days":0,"reserved_stock":null,"customer_returns":null,"warehouse_damage":null,"lost_in_post":null,"other_logs":null,"out_stock_days":0,"lost_sales":0,"has_location":null,"update_date":"2026-04-27T07:04:52","atum_locations":[],"atum_stock_status":"instock","restock_status":false,"low_stock_amount":"","sales_update_date":"2025-09-05T00:28:25","calc_backorders":null,"_links":{"self":[{"href":"https:\/\/aromasentia.com\/de\/wp-json\/wp\/v2\/product\/229013","targetHints":{"allow":["GET"]}}],"collection":[{"href":"https:\/\/aromasentia.com\/de\/wp-json\/wp\/v2\/product"}],"about":[{"href":"https:\/\/aromasentia.com\/de\/wp-json\/wp\/v2\/types\/product"}],"replies":[{"embeddable":true,"href":"https:\/\/aromasentia.com\/de\/wp-json\/wp\/v2\/comments?post=229013"}],"version-history":[{"count":0,"href":"https:\/\/aromasentia.com\/de\/wp-json\/wp\/v2\/product\/229013\/revisions"}],"wp:featuredmedia":[{"embeddable":true,"href":"https:\/\/aromasentia.com\/de\/wp-json\/wp\/v2\/media\/366811"}],"wp:attachment":[{"href":"https:\/\/aromasentia.com\/de\/wp-json\/wp\/v2\/media?parent=229013"}],"wp:term":[{"taxonomy":"product_brand","embeddable":true,"href":"https:\/\/aromasentia.com\/de\/wp-json\/wp\/v2\/product_brand?post=229013"},{"taxonomy":"product_cat","embeddable":true,"href":"https:\/\/aromasentia.com\/de\/wp-json\/wp\/v2\/product_cat?post=229013"},{"taxonomy":"product_tag","embeddable":true,"href":"https:\/\/aromasentia.com\/de\/wp-json\/wp\/v2\/product_tag?post=229013"}],"curies":[{"name":"wp","href":"https:\/\/api.w.org\/{rel}","templated":true}]}}