{"id":228925,"date":"2025-03-22T16:05:12","date_gmt":"2025-03-22T16:05:12","guid":{"rendered":"https:\/\/aromasentia.com\/product\/protection-dream-cather-med-macrame-eye-white-gey-brown\/"},"modified":"2025-12-30T19:58:55","modified_gmt":"2025-12-30T19:58:55","slug":"schutz-traumfaenger-mittleres-makramee-boeser-blick-weiss-grau-braun","status":"publish","type":"product","link":"https:\/\/aromasentia.com\/de\/schutz-traumfaenger-mittleres-makramee-boeser-blick-weiss-grau-braun\/","title":{"rendered":"Schutz-Traumf\u00e4nger &#8211; Mittleres Makramee b\u00f6ser Blick Wei\u00df\/ Grau\/Braun"},"content":{"rendered":"<p>In vielen alten Kulturen ist das B\u00f6se Auge ein Symbol f\u00fcr den Schutz vor dem B\u00f6sen. Diese Kombination aus Traumf\u00e4nger und B\u00f6sem Auge beschw\u00f6rt die Magie von beidem herauf.<\/p>\n<p>Ihre Kunden k\u00f6nnen ihn im Schlafzimmer aufh\u00e4ngen, um sich vor b\u00f6sen Albtr\u00e4umen zu sch\u00fctzen &#8211; die guten Tr\u00e4ume gehen durch den Traumf\u00e4nger und die schlechten verfangen sich im Netz und gehen mit dem ersten Licht der Morgend\u00e4mmerung unter.<\/p>\n<p>Traumf\u00e4nger sind immer beliebt, diese Serie ist etwas Besonderes in Kombination mit den Elementen des b\u00f6sen Auges. &nbsp;You might also like&nbsp;<\/p>\n<p><a href=\"https:\/\/aromasentia.com\/mdc\"><strong>Pastell Macram&eacute; Dream Catchers<\/strong><\/a>.<\/p>\n<p>Handgefertigt mit Makramee-Details und nat\u00fcrlichen Rattan-Rahmen. Ein wundersch\u00f6nes Geschenk in lebendigem Design, das Ihre Kunden lieben werden.<\/p>\n<p>Bestellen Sie also noch heute und sichern Sie sich ein paar zus\u00e4tzliche Verk\u00e4ufe.<\/p>\n<p><strong>Gr\u00f6\u00dfen: &nbsp;Dream Cather Rahmen 52x1x09cm &nbsp;mit Federn&nbsp;<\/strong><\/p>\n<p><strong>52x1x09x64cm<\/strong><\/p>\n","protected":false},"excerpt":{"rendered":"<p>In vielen alten Kulturen ist das B\u00f6se Auge ein Symbol f\u00fcr den Schutz vor dem B\u00f6sen. Diese Kombination aus Traumf\u00e4nger und B\u00f6sem Auge beschw\u00f6rt die Magie von beidem herauf. Ihre Kunden k\u00f6nnen ihn im Schlafzimmer aufh\u00e4ngen, um sich vor b\u00f6sen Albtr\u00e4umen zu sch\u00fctzen &#8211; die guten Tr\u00e4ume gehen durch den Traumf\u00e4nger und die schlechten verfangen [&hellip;]<\/p>\n","protected":false},"featured_media":366213,"comment_status":"closed","ping_status":"open","template":"","meta":[],"product_brand":[],"product_cat":[14451,14452,14060],"product_tag":[],"class_list":{"0":"post-228925","1":"product","2":"type-product","3":"status-publish","4":"has-post-thumbnail","6":"product_cat-haus-und-gartendeko","7":"product_cat-makramees-und-traumfanger","8":"product_cat-vintage-geschenke-und-souvenirs","9":"pa_collection-protection-dream-catcher-de","10":"pa_made-in-indonesien","12":"first","13":"instock","14":"purchasable","15":"product-type-simple"},"supplier_id":null,"supplier_sku":"EyeDC-05","barcode":null,"atum_controlled":true,"out_stock_date":null,"out_stock_threshold":null,"inheritable":false,"inbound_stock":null,"stock_on_hold":0,"sold_today":0,"sales_last_days":0,"reserved_stock":null,"customer_returns":null,"warehouse_damage":null,"lost_in_post":null,"other_logs":null,"out_stock_days":0,"lost_sales":0,"has_location":null,"update_date":"2026-02-06T00:01:44","atum_locations":[],"atum_stock_status":"instock","restock_status":false,"low_stock_amount":"","sales_update_date":"2026-02-06T00:01:44","calc_backorders":null,"_links":{"self":[{"href":"https:\/\/aromasentia.com\/de\/wp-json\/wp\/v2\/product\/228925","targetHints":{"allow":["GET"]}}],"collection":[{"href":"https:\/\/aromasentia.com\/de\/wp-json\/wp\/v2\/product"}],"about":[{"href":"https:\/\/aromasentia.com\/de\/wp-json\/wp\/v2\/types\/product"}],"replies":[{"embeddable":true,"href":"https:\/\/aromasentia.com\/de\/wp-json\/wp\/v2\/comments?post=228925"}],"version-history":[{"count":0,"href":"https:\/\/aromasentia.com\/de\/wp-json\/wp\/v2\/product\/228925\/revisions"}],"wp:featuredmedia":[{"embeddable":true,"href":"https:\/\/aromasentia.com\/de\/wp-json\/wp\/v2\/media\/366213"}],"wp:attachment":[{"href":"https:\/\/aromasentia.com\/de\/wp-json\/wp\/v2\/media?parent=228925"}],"wp:term":[{"taxonomy":"product_brand","embeddable":true,"href":"https:\/\/aromasentia.com\/de\/wp-json\/wp\/v2\/product_brand?post=228925"},{"taxonomy":"product_cat","embeddable":true,"href":"https:\/\/aromasentia.com\/de\/wp-json\/wp\/v2\/product_cat?post=228925"},{"taxonomy":"product_tag","embeddable":true,"href":"https:\/\/aromasentia.com\/de\/wp-json\/wp\/v2\/product_tag?post=228925"}],"curies":[{"name":"wp","href":"https:\/\/api.w.org\/{rel}","templated":true}]}}