{"id":228921,"date":"2025-03-22T16:05:12","date_gmt":"2025-03-22T16:05:12","guid":{"rendered":"https:\/\/aromasentia.com\/product\/protection-dream-cather-lrg-macrame-evil-eye-blue-white-black\/"},"modified":"2025-12-30T19:58:55","modified_gmt":"2025-12-30T19:58:55","slug":"schutz-traumfaenger-grosses-makramee-boeser-blick-blau-weiss-schwarz","status":"publish","type":"product","link":"https:\/\/aromasentia.com\/de\/schutz-traumfaenger-grosses-makramee-boeser-blick-blau-weiss-schwarz\/","title":{"rendered":"Schutz-Traumf\u00e4nger- Gro\u00dfes Makramee b\u00f6ser Blick Blau\/Wei\u00df\/Schwarz"},"content":{"rendered":"<p>In vielen alten Kulturen ist das B\u00f6se Auge ein Symbol f\u00fcr den Schutz vor dem B\u00f6sen. Diese Kombination aus Traumf\u00e4nger und B\u00f6sem Auge beschw\u00f6rt die Magie von beidem herauf.<\/p>\n<p>Ihre Kunden k\u00f6nnen ihn im Schlafzimmer aufh\u00e4ngen, um sich vor b\u00f6sen Albtr\u00e4umen zu sch\u00fctzen &#8211; die guten Tr\u00e4ume gehen durch den Traumf\u00e4nger und die schlechten verfangen sich im Netz und gehen mit dem ersten Licht der Morgend\u00e4mmerung unter.<\/p>\n<p>Traumf\u00e4nger sind immer beliebt, diese Serie ist etwas Besonderes in Kombination mit den Elementen des b\u00f6sen Auges. &nbsp;You might also like&nbsp;<\/p>\n<p><a href=\"https:\/\/aromasentia.com\/mdc\"><strong>Pastell Macram&eacute; Dream Catchers<\/strong><\/a>.<\/p>\n<p>Handgefertigt mit Makramee-Details und nat\u00fcrlichen Rattan-Rahmen. Ein wundersch\u00f6nes Geschenk in lebendigem Design, das Ihre Kunden lieben werden.<\/p>\n<p>Bestellen Sie also noch heute und sichern Sie sich zus\u00e4tzliche Ums\u00e4tze.<\/p>\n<p><strong>Gr\u00f6\u00dfen: &nbsp;Traumf\u00e4ngerrahmen 70x1x23cm &nbsp;mit Federn 70x1x23x85cm<\/strong><\/p>\n","protected":false},"excerpt":{"rendered":"<p>In vielen alten Kulturen ist das B\u00f6se Auge ein Symbol f\u00fcr den Schutz vor dem B\u00f6sen. Diese Kombination aus Traumf\u00e4nger und B\u00f6sem Auge beschw\u00f6rt die Magie von beidem herauf. Ihre Kunden k\u00f6nnen ihn im Schlafzimmer aufh\u00e4ngen, um sich vor b\u00f6sen Albtr\u00e4umen zu sch\u00fctzen &#8211; die guten Tr\u00e4ume gehen durch den Traumf\u00e4nger und die schlechten verfangen [&hellip;]<\/p>\n","protected":false},"featured_media":366188,"comment_status":"closed","ping_status":"open","template":"","meta":{"_angie_page":false},"product_brand":[],"product_cat":[14451,14452,14060],"product_tag":[],"class_list":{"0":"post-228921","1":"product","2":"type-product","3":"status-publish","4":"has-post-thumbnail","6":"product_cat-haus-und-gartendeko","7":"product_cat-makramees-und-traumfanger","8":"product_cat-vintage-geschenke-und-souvenirs","9":"pa_collection-protection-dream-catcher-de","10":"pa_made-in-indonesien","12":"first","13":"instock","14":"purchasable","15":"product-type-simple"},"supplier_id":null,"supplier_sku":"EyeDC-04","barcode":null,"atum_controlled":true,"out_stock_date":null,"out_stock_threshold":null,"inheritable":false,"inbound_stock":null,"stock_on_hold":0,"sold_today":0,"sales_last_days":0,"reserved_stock":null,"customer_returns":null,"warehouse_damage":null,"lost_in_post":null,"other_logs":null,"out_stock_days":0,"lost_sales":0,"has_location":null,"update_date":"2026-04-27T07:02:18","atum_locations":[],"atum_stock_status":"instock","restock_status":false,"low_stock_amount":"","sales_update_date":"2026-01-30T01:26:10","calc_backorders":null,"_links":{"self":[{"href":"https:\/\/aromasentia.com\/de\/wp-json\/wp\/v2\/product\/228921","targetHints":{"allow":["GET"]}}],"collection":[{"href":"https:\/\/aromasentia.com\/de\/wp-json\/wp\/v2\/product"}],"about":[{"href":"https:\/\/aromasentia.com\/de\/wp-json\/wp\/v2\/types\/product"}],"replies":[{"embeddable":true,"href":"https:\/\/aromasentia.com\/de\/wp-json\/wp\/v2\/comments?post=228921"}],"version-history":[{"count":0,"href":"https:\/\/aromasentia.com\/de\/wp-json\/wp\/v2\/product\/228921\/revisions"}],"wp:featuredmedia":[{"embeddable":true,"href":"https:\/\/aromasentia.com\/de\/wp-json\/wp\/v2\/media\/366188"}],"wp:attachment":[{"href":"https:\/\/aromasentia.com\/de\/wp-json\/wp\/v2\/media?parent=228921"}],"wp:term":[{"taxonomy":"product_brand","embeddable":true,"href":"https:\/\/aromasentia.com\/de\/wp-json\/wp\/v2\/product_brand?post=228921"},{"taxonomy":"product_cat","embeddable":true,"href":"https:\/\/aromasentia.com\/de\/wp-json\/wp\/v2\/product_cat?post=228921"},{"taxonomy":"product_tag","embeddable":true,"href":"https:\/\/aromasentia.com\/de\/wp-json\/wp\/v2\/product_tag?post=228921"}],"curies":[{"name":"wp","href":"https:\/\/api.w.org\/{rel}","templated":true}]}}