{"id":228865,"date":"2025-03-22T16:05:23","date_gmt":"2025-03-22T16:05:23","guid":{"rendered":"https:\/\/aromasentia.com\/product\/inner-cushion-30x50-cm-300gm\/"},"modified":"2025-12-30T19:58:39","modified_gmt":"2025-12-30T19:58:39","slug":"inner-cushion-30x50-cm-300gm","status":"publish","type":"product","link":"https:\/\/aromasentia.com\/de\/inner-cushion-30x50-cm-300gm\/","title":{"rendered":"Inner Cushion 30&#215;50 cm 300gm"},"content":{"rendered":"<p><span style=\"color: rgb(75, 80, 88);\"><strong>Recycelte Kissen ohne Bezug<\/strong> sind eine nachhaltige Wahl f\u00fcr Komfort und ein bewusstes Leben. Gef\u00fcllt mit <strong>100 % PET-Fasern aus recycelten Plastikflaschen<\/strong> tragen diese Kissen nicht nur zum Umweltschutz bei, sondern bieten auch eine luxuri\u00f6se und langlebige Alternative zu herk\u00f6mmlichen Polyestereinlagen.&nbsp;<\/span><\/p>\n<p><span style=\"color: rgb(75, 80, 88);\">Die einzigartige Zusammensetzung dieser Kissen sorgt f\u00fcr eine erstklassige Optik und Haptik, vergleichbar mit hochwertigen Polyestereinlagen, und \u00fcbertrifft diese gleichzeitig in der Haltbarkeit.<strong>W\u00e4hlen Sie eine umweltfreundlichere Option, ohne Kompromisse beim Komfort einzugehen \u2013 unsere recycelten Kissen ohne Bezug sind ein Beweis f\u00fcr Luxus und Nachhaltigkeit.<\/strong><\/span><\/p>\n","protected":false},"excerpt":{"rendered":"<p>Recycelte Kissen ohne Bezug sind eine nachhaltige Wahl f\u00fcr Komfort und ein bewusstes Leben. Gef\u00fcllt mit 100 % PET-Fasern aus recycelten Plastikflaschen tragen diese Kissen nicht nur zum Umweltschutz bei, sondern bieten auch eine luxuri\u00f6se und langlebige Alternative zu herk\u00f6mmlichen Polyestereinlagen.&nbsp; Die einzigartige Zusammensetzung dieser Kissen sorgt f\u00fcr eine erstklassige Optik und Haptik, vergleichbar mit [&hellip;]<\/p>\n","protected":false},"featured_media":369139,"comment_status":"closed","ping_status":"open","template":"","meta":{"_angie_page":false},"product_brand":[],"product_cat":[14451,17813,16872],"product_tag":[],"class_list":{"0":"post-228865","1":"product","2":"type-product","3":"status-publish","4":"has-post-thumbnail","6":"product_cat-haus-und-gartendeko","7":"product_cat-kissenbezuge","8":"product_cat-textilien","9":"pa_collection-inners-for-cushions-de","10":"pa_made-in-china","12":"first","13":"instock","14":"purchasable","15":"product-type-simple"},"supplier_id":null,"supplier_sku":"Inner-06DS","barcode":null,"atum_controlled":true,"out_stock_date":null,"out_stock_threshold":null,"inheritable":false,"inbound_stock":null,"stock_on_hold":0,"sold_today":0,"sales_last_days":0,"reserved_stock":null,"customer_returns":null,"warehouse_damage":null,"lost_in_post":null,"other_logs":null,"out_stock_days":0,"lost_sales":0,"has_location":null,"update_date":"2026-05-08T05:10:51","atum_locations":[],"atum_stock_status":"instock","restock_status":false,"low_stock_amount":"","sales_update_date":"2025-09-05T00:28:58","calc_backorders":null,"_links":{"self":[{"href":"https:\/\/aromasentia.com\/de\/wp-json\/wp\/v2\/product\/228865","targetHints":{"allow":["GET"]}}],"collection":[{"href":"https:\/\/aromasentia.com\/de\/wp-json\/wp\/v2\/product"}],"about":[{"href":"https:\/\/aromasentia.com\/de\/wp-json\/wp\/v2\/types\/product"}],"replies":[{"embeddable":true,"href":"https:\/\/aromasentia.com\/de\/wp-json\/wp\/v2\/comments?post=228865"}],"version-history":[{"count":0,"href":"https:\/\/aromasentia.com\/de\/wp-json\/wp\/v2\/product\/228865\/revisions"}],"wp:featuredmedia":[{"embeddable":true,"href":"https:\/\/aromasentia.com\/de\/wp-json\/wp\/v2\/media\/369139"}],"wp:attachment":[{"href":"https:\/\/aromasentia.com\/de\/wp-json\/wp\/v2\/media?parent=228865"}],"wp:term":[{"taxonomy":"product_brand","embeddable":true,"href":"https:\/\/aromasentia.com\/de\/wp-json\/wp\/v2\/product_brand?post=228865"},{"taxonomy":"product_cat","embeddable":true,"href":"https:\/\/aromasentia.com\/de\/wp-json\/wp\/v2\/product_cat?post=228865"},{"taxonomy":"product_tag","embeddable":true,"href":"https:\/\/aromasentia.com\/de\/wp-json\/wp\/v2\/product_tag?post=228865"}],"curies":[{"name":"wp","href":"https:\/\/api.w.org\/{rel}","templated":true}]}}