{"id":228853,"date":"2025-03-22T16:05:23","date_gmt":"2025-03-22T16:05:23","guid":{"rendered":"https:\/\/aromasentia.com\/product\/inner-cushion-60x60-cm-700gm\/"},"modified":"2025-12-30T19:58:39","modified_gmt":"2025-12-30T19:58:39","slug":"inner-cushion-60x60-cm-700gm","status":"publish","type":"product","link":"https:\/\/aromasentia.com\/de\/inner-cushion-60x60-cm-700gm\/","title":{"rendered":"Inner Cushion 60&#215;60 cm 700gm"},"content":{"rendered":"<p>Sorgen Sie f\u00fcr pl\u00fcschigen Komfort f\u00fcr Ihre gr\u00f6\u00dferen Kissen mit diesem Innenkissen 60&#215;60 cm, das 700 Gramm wiegt. Dieses hochwertige Innenkissen ist gro\u00dfz\u00fcgig mit 700 Gramm gef\u00fcllt und bietet einen hervorragenden Loft und Halt f\u00fcr Ihre 60&#215;60 cm gro\u00dfen Zierkissenbez\u00fcge. Sie sorgt f\u00fcr ein volles, luxuri\u00f6ses Aussehen und Gef\u00fchl und stellt sicher, dass Ihre Kissen nicht nur stilvoll, sondern auch herrlich bequem zum Faulenzen und Entspannen sind. Eine perfekte Einlage, um die perfekte F\u00fclle und einladende Weichheit zu erreichen.<\/p>\n","protected":false},"excerpt":{"rendered":"<p>Sorgen Sie f\u00fcr pl\u00fcschigen Komfort f\u00fcr Ihre gr\u00f6\u00dferen Kissen mit diesem Innenkissen 60&#215;60 cm, das 700 Gramm wiegt. Dieses hochwertige Innenkissen ist gro\u00dfz\u00fcgig mit 700 Gramm gef\u00fcllt und bietet einen hervorragenden Loft und Halt f\u00fcr Ihre 60&#215;60 cm gro\u00dfen Zierkissenbez\u00fcge. Sie sorgt f\u00fcr ein volles, luxuri\u00f6ses Aussehen und Gef\u00fchl und stellt sicher, dass Ihre Kissen [&hellip;]<\/p>\n","protected":false},"featured_media":369104,"comment_status":"closed","ping_status":"open","template":"","meta":{"_angie_page":false},"product_brand":[],"product_cat":[14451,17813,16872],"product_tag":[],"class_list":{"0":"post-228853","1":"product","2":"type-product","3":"status-publish","4":"has-post-thumbnail","6":"product_cat-haus-und-gartendeko","7":"product_cat-kissenbezuge","8":"product_cat-textilien","9":"pa_collection-inners-for-cushions-de","10":"pa_made-in-china","12":"first","13":"instock","14":"purchasable","15":"product-type-simple"},"supplier_id":null,"supplier_sku":"Inner-04DS","barcode":null,"atum_controlled":true,"out_stock_date":null,"out_stock_threshold":null,"inheritable":false,"inbound_stock":null,"stock_on_hold":0,"sold_today":0,"sales_last_days":0,"reserved_stock":null,"customer_returns":null,"warehouse_damage":null,"lost_in_post":null,"other_logs":null,"out_stock_days":0,"lost_sales":0,"has_location":null,"update_date":"2026-04-27T07:09:00","atum_locations":[],"atum_stock_status":"instock","restock_status":false,"low_stock_amount":"","sales_update_date":"2026-01-30T01:25:02","calc_backorders":null,"_links":{"self":[{"href":"https:\/\/aromasentia.com\/de\/wp-json\/wp\/v2\/product\/228853","targetHints":{"allow":["GET"]}}],"collection":[{"href":"https:\/\/aromasentia.com\/de\/wp-json\/wp\/v2\/product"}],"about":[{"href":"https:\/\/aromasentia.com\/de\/wp-json\/wp\/v2\/types\/product"}],"replies":[{"embeddable":true,"href":"https:\/\/aromasentia.com\/de\/wp-json\/wp\/v2\/comments?post=228853"}],"version-history":[{"count":0,"href":"https:\/\/aromasentia.com\/de\/wp-json\/wp\/v2\/product\/228853\/revisions"}],"wp:featuredmedia":[{"embeddable":true,"href":"https:\/\/aromasentia.com\/de\/wp-json\/wp\/v2\/media\/369104"}],"wp:attachment":[{"href":"https:\/\/aromasentia.com\/de\/wp-json\/wp\/v2\/media?parent=228853"}],"wp:term":[{"taxonomy":"product_brand","embeddable":true,"href":"https:\/\/aromasentia.com\/de\/wp-json\/wp\/v2\/product_brand?post=228853"},{"taxonomy":"product_cat","embeddable":true,"href":"https:\/\/aromasentia.com\/de\/wp-json\/wp\/v2\/product_cat?post=228853"},{"taxonomy":"product_tag","embeddable":true,"href":"https:\/\/aromasentia.com\/de\/wp-json\/wp\/v2\/product_tag?post=228853"}],"curies":[{"name":"wp","href":"https:\/\/api.w.org\/{rel}","templated":true}]}}