{"id":228845,"date":"2025-03-22T16:05:23","date_gmt":"2025-03-22T16:05:23","guid":{"rendered":"https:\/\/aromasentia.com\/product\/indian-chimes-elephant-lrg-mirror-4-bells-24x60cm\/"},"modified":"2025-12-30T19:58:39","modified_gmt":"2025-12-30T19:58:39","slug":"indisches-glockenspiel-elefant-grosser-spiegel-4-glocken-24-x-60-cm","status":"publish","type":"product","link":"https:\/\/aromasentia.com\/de\/indisches-glockenspiel-elefant-grosser-spiegel-4-glocken-24-x-60-cm\/","title":{"rendered":"Indisches Glockenspiel \u2013 Elefant, gro\u00dfer Spiegel, 4 Glocken \u2013 24 x 60 cm"},"content":{"rendered":"<p>Dieses Windspiel besticht durch ein wundersch\u00f6n gearbeitetes Elefanten-Design, ein Symbol f\u00fcr Weisheit, St\u00e4rke und Gl\u00fcck. Herzst\u00fcck des Designs ist ein dekorativer gro\u00dfer Spiegel, der Licht reflektiert und ein dynamisches visuelles Element hinzuf\u00fcgt. Vier h\u00e4ngende Messingglocken, verziert mit leuchtenden Perlen, erzeugen einen sanften, melodischen Klang und schaffen so eine beruhigende und friedliche Atmosph\u00e4re.<\/p>\n","protected":false},"excerpt":{"rendered":"<p>Dieses Windspiel besticht durch ein wundersch\u00f6n gearbeitetes Elefanten-Design, ein Symbol f\u00fcr Weisheit, St\u00e4rke und Gl\u00fcck. Herzst\u00fcck des Designs ist ein dekorativer gro\u00dfer Spiegel, der Licht reflektiert und ein dynamisches visuelles Element hinzuf\u00fcgt. Vier h\u00e4ngende Messingglocken, verziert mit leuchtenden Perlen, erzeugen einen sanften, melodischen Klang und schaffen so eine beruhigende und friedliche Atmosph\u00e4re.<\/p>\n","protected":false},"featured_media":369086,"comment_status":"closed","ping_status":"open","template":"","meta":[],"product_brand":[],"product_cat":[14451,17981],"product_tag":[],"class_list":{"0":"post-228845","1":"product","2":"type-product","3":"status-publish","4":"has-post-thumbnail","6":"product_cat-haus-und-gartendeko","7":"product_cat-windspiele","8":"pa_collection-indian-chimes-de","9":"pa_made-in-indien","11":"first","12":"instock","13":"purchasable","14":"product-type-simple"},"supplier_id":null,"supplier_sku":"INDBC-22","barcode":null,"atum_controlled":true,"out_stock_date":null,"out_stock_threshold":null,"inheritable":false,"inbound_stock":null,"stock_on_hold":0,"sold_today":0,"sales_last_days":0,"reserved_stock":null,"customer_returns":null,"warehouse_damage":null,"lost_in_post":null,"other_logs":null,"out_stock_days":0,"lost_sales":0,"has_location":null,"update_date":"2026-02-05T22:39:51","atum_locations":[],"atum_stock_status":"instock","restock_status":false,"low_stock_amount":"","sales_update_date":"2026-01-30T01:24:38","calc_backorders":null,"_links":{"self":[{"href":"https:\/\/aromasentia.com\/de\/wp-json\/wp\/v2\/product\/228845","targetHints":{"allow":["GET"]}}],"collection":[{"href":"https:\/\/aromasentia.com\/de\/wp-json\/wp\/v2\/product"}],"about":[{"href":"https:\/\/aromasentia.com\/de\/wp-json\/wp\/v2\/types\/product"}],"replies":[{"embeddable":true,"href":"https:\/\/aromasentia.com\/de\/wp-json\/wp\/v2\/comments?post=228845"}],"version-history":[{"count":0,"href":"https:\/\/aromasentia.com\/de\/wp-json\/wp\/v2\/product\/228845\/revisions"}],"wp:featuredmedia":[{"embeddable":true,"href":"https:\/\/aromasentia.com\/de\/wp-json\/wp\/v2\/media\/369086"}],"wp:attachment":[{"href":"https:\/\/aromasentia.com\/de\/wp-json\/wp\/v2\/media?parent=228845"}],"wp:term":[{"taxonomy":"product_brand","embeddable":true,"href":"https:\/\/aromasentia.com\/de\/wp-json\/wp\/v2\/product_brand?post=228845"},{"taxonomy":"product_cat","embeddable":true,"href":"https:\/\/aromasentia.com\/de\/wp-json\/wp\/v2\/product_cat?post=228845"},{"taxonomy":"product_tag","embeddable":true,"href":"https:\/\/aromasentia.com\/de\/wp-json\/wp\/v2\/product_tag?post=228845"}],"curies":[{"name":"wp","href":"https:\/\/api.w.org\/{rel}","templated":true}]}}