{"id":228825,"date":"2025-03-22T16:05:23","date_gmt":"2025-03-22T16:05:23","guid":{"rendered":"https:\/\/aromasentia.com\/product\/indian-chimes-brass-om-with-chakra-beads-string-bells-53cm\/"},"modified":"2025-12-30T19:58:31","modified_gmt":"2025-12-30T19:58:31","slug":"indisches-glockenspiel-messing-om-mit-chakra-perlen-glockenschnur-53-cm","status":"publish","type":"product","link":"https:\/\/aromasentia.com\/de\/indisches-glockenspiel-messing-om-mit-chakra-perlen-glockenschnur-53-cm\/","title":{"rendered":"Indisches Glockenspiel \u2013 Messing OM mit Chakra-Perlen-Glockenschnur \u2013 53 cm"},"content":{"rendered":"<p>Mit dem verehrten OM-Symbol \u2013 einem heiligen Klang in vielen spirituellen Praktiken \u2013 wird es durch leuchtende Chakra-Perlen verst\u00e4rkt und ist somit eine ideale Erg\u00e4nzung f\u00fcr jeden Raum, der Frieden und Ausgeglichenheit f\u00f6rdern soll. Die sanften T\u00f6ne der Glocken schaffen eine beruhigende Atmosph\u00e4re, perfekt f\u00fcr Meditation, Yoga oder die Inneneinrichtung.<\/p>\n","protected":false},"excerpt":{"rendered":"<p>Mit dem verehrten OM-Symbol \u2013 einem heiligen Klang in vielen spirituellen Praktiken \u2013 wird es durch leuchtende Chakra-Perlen verst\u00e4rkt und ist somit eine ideale Erg\u00e4nzung f\u00fcr jeden Raum, der Frieden und Ausgeglichenheit f\u00f6rdern soll. Die sanften T\u00f6ne der Glocken schaffen eine beruhigende Atmosph\u00e4re, perfekt f\u00fcr Meditation, Yoga oder die Inneneinrichtung.<\/p>\n","protected":false},"featured_media":369041,"comment_status":"closed","ping_status":"open","template":"","meta":[],"product_brand":[],"product_cat":[14451,17981],"product_tag":[],"class_list":{"0":"post-228825","1":"product","2":"type-product","3":"status-publish","4":"has-post-thumbnail","6":"product_cat-haus-und-gartendeko","7":"product_cat-windspiele","8":"pa_collection-indian-chimes-de","9":"pa_made-in-indien","11":"first","12":"instock","13":"purchasable","14":"product-type-simple"},"supplier_id":null,"supplier_sku":"INDBC-16","barcode":null,"atum_controlled":true,"out_stock_date":null,"out_stock_threshold":null,"inheritable":false,"inbound_stock":null,"stock_on_hold":0,"sold_today":0,"sales_last_days":0,"reserved_stock":null,"customer_returns":null,"warehouse_damage":null,"lost_in_post":null,"other_logs":null,"out_stock_days":0,"lost_sales":0,"has_location":null,"update_date":"2026-01-30T01:25:29","atum_locations":[],"atum_stock_status":"instock","restock_status":false,"low_stock_amount":"","sales_update_date":"2026-01-30T01:25:29","calc_backorders":null,"_links":{"self":[{"href":"https:\/\/aromasentia.com\/de\/wp-json\/wp\/v2\/product\/228825","targetHints":{"allow":["GET"]}}],"collection":[{"href":"https:\/\/aromasentia.com\/de\/wp-json\/wp\/v2\/product"}],"about":[{"href":"https:\/\/aromasentia.com\/de\/wp-json\/wp\/v2\/types\/product"}],"replies":[{"embeddable":true,"href":"https:\/\/aromasentia.com\/de\/wp-json\/wp\/v2\/comments?post=228825"}],"version-history":[{"count":0,"href":"https:\/\/aromasentia.com\/de\/wp-json\/wp\/v2\/product\/228825\/revisions"}],"wp:featuredmedia":[{"embeddable":true,"href":"https:\/\/aromasentia.com\/de\/wp-json\/wp\/v2\/media\/369041"}],"wp:attachment":[{"href":"https:\/\/aromasentia.com\/de\/wp-json\/wp\/v2\/media?parent=228825"}],"wp:term":[{"taxonomy":"product_brand","embeddable":true,"href":"https:\/\/aromasentia.com\/de\/wp-json\/wp\/v2\/product_brand?post=228825"},{"taxonomy":"product_cat","embeddable":true,"href":"https:\/\/aromasentia.com\/de\/wp-json\/wp\/v2\/product_cat?post=228825"},{"taxonomy":"product_tag","embeddable":true,"href":"https:\/\/aromasentia.com\/de\/wp-json\/wp\/v2\/product_tag?post=228825"}],"curies":[{"name":"wp","href":"https:\/\/api.w.org\/{rel}","templated":true}]}}