{"id":228785,"date":"2025-03-22T16:05:23","date_gmt":"2025-03-22T16:05:23","guid":{"rendered":"https:\/\/aromasentia.com\/product\/indian-chimes-med-tree-of-life-chakra-beads-5-bells-10x36cm\/"},"modified":"2025-12-30T19:58:23","modified_gmt":"2025-12-30T19:58:23","slug":"indisches-glockenspiel-medaillon-lebensbaum-chakraperlen-5-gloeckchen-10x36cm","status":"publish","type":"product","link":"https:\/\/aromasentia.com\/de\/indisches-glockenspiel-medaillon-lebensbaum-chakraperlen-5-gloeckchen-10x36cm\/","title":{"rendered":"Indisches Glockenspiel &#8211; Medaillon Lebensbaum &#8211; Chakraperlen 5 Gl\u00f6ckchen &#8211; 10x36cm"},"content":{"rendered":"<p>Dieses in Indien gefertigte, 36 cm lange Windspiel zeigt ein in ein Messingmedaillon eingraviertes Lebensbaum-Motiv. Das Windspiel ist mit Chakra-Perlen verziert, die die sieben Energiezentren repr\u00e4sentieren. F\u00fcnf goldene Gl\u00f6ckchen baumeln darunter und geben bei jedem Windsto\u00df sanfte, beruhigende Kl\u00e4nge von sich.<\/p>\n","protected":false},"excerpt":{"rendered":"<p>Dieses in Indien gefertigte, 36 cm lange Windspiel zeigt ein in ein Messingmedaillon eingraviertes Lebensbaum-Motiv. Das Windspiel ist mit Chakra-Perlen verziert, die die sieben Energiezentren repr\u00e4sentieren. F\u00fcnf goldene Gl\u00f6ckchen baumeln darunter und geben bei jedem Windsto\u00df sanfte, beruhigende Kl\u00e4nge von sich.<\/p>\n","protected":false},"featured_media":368919,"comment_status":"closed","ping_status":"open","template":"","meta":[],"product_brand":[],"product_cat":[14451,17981],"product_tag":[],"class_list":{"0":"post-228785","1":"product","2":"type-product","3":"status-publish","4":"has-post-thumbnail","6":"product_cat-haus-und-gartendeko","7":"product_cat-windspiele","8":"pa_collection-indian-chimes-de","9":"pa_made-in-indien","11":"first","12":"instock","13":"purchasable","14":"product-type-simple"},"supplier_id":null,"supplier_sku":"INDBC-06","barcode":null,"atum_controlled":true,"out_stock_date":null,"out_stock_threshold":null,"inheritable":false,"inbound_stock":null,"stock_on_hold":0,"sold_today":0,"sales_last_days":0,"reserved_stock":null,"customer_returns":null,"warehouse_damage":null,"lost_in_post":null,"other_logs":null,"out_stock_days":0,"lost_sales":0,"has_location":null,"update_date":"2026-01-30T01:24:47","atum_locations":[],"atum_stock_status":"instock","restock_status":false,"low_stock_amount":"","sales_update_date":"2026-01-30T01:24:47","calc_backorders":null,"_links":{"self":[{"href":"https:\/\/aromasentia.com\/de\/wp-json\/wp\/v2\/product\/228785","targetHints":{"allow":["GET"]}}],"collection":[{"href":"https:\/\/aromasentia.com\/de\/wp-json\/wp\/v2\/product"}],"about":[{"href":"https:\/\/aromasentia.com\/de\/wp-json\/wp\/v2\/types\/product"}],"replies":[{"embeddable":true,"href":"https:\/\/aromasentia.com\/de\/wp-json\/wp\/v2\/comments?post=228785"}],"version-history":[{"count":0,"href":"https:\/\/aromasentia.com\/de\/wp-json\/wp\/v2\/product\/228785\/revisions"}],"wp:featuredmedia":[{"embeddable":true,"href":"https:\/\/aromasentia.com\/de\/wp-json\/wp\/v2\/media\/368919"}],"wp:attachment":[{"href":"https:\/\/aromasentia.com\/de\/wp-json\/wp\/v2\/media?parent=228785"}],"wp:term":[{"taxonomy":"product_brand","embeddable":true,"href":"https:\/\/aromasentia.com\/de\/wp-json\/wp\/v2\/product_brand?post=228785"},{"taxonomy":"product_cat","embeddable":true,"href":"https:\/\/aromasentia.com\/de\/wp-json\/wp\/v2\/product_cat?post=228785"},{"taxonomy":"product_tag","embeddable":true,"href":"https:\/\/aromasentia.com\/de\/wp-json\/wp\/v2\/product_tag?post=228785"}],"curies":[{"name":"wp","href":"https:\/\/api.w.org\/{rel}","templated":true}]}}