{"id":228761,"date":"2025-03-22T16:05:23","date_gmt":"2025-03-22T16:05:23","guid":{"rendered":"https:\/\/aromasentia.com\/product\/indian-cotton-rug-70x170cm-yellow-blue\/"},"modified":"2025-12-30T19:58:23","modified_gmt":"2025-12-30T19:58:23","slug":"indischer-baumwollteppich-70-x-170-cm-gelb-blau","status":"publish","type":"product","link":"https:\/\/aromasentia.com\/de\/indischer-baumwollteppich-70-x-170-cm-gelb-blau\/","title":{"rendered":"Indischer Baumwollteppich \u2013 70 x 170 cm \u2013 Gelb\/Blau"},"content":{"rendered":"<p>Der gelbe indische Baumwollteppich in der Gr\u00f6\u00dfe einer Yogamatte ist ideal f\u00fcr Flure, B\u00e4der, Wohnr\u00e4ume oder Yoga. Hergestellt aus 100% indischer Baumwolle in einem Familienbetrieb in Panipat. Diese kleine Stadt n\u00f6rdlich von Delhi ist bekannt f\u00fcr ihre Weber und ber\u00fchmt f\u00fcr ihre handgefertigten Textilien.<\/p>\n<p>Seine fr\u00f6hliche Farbe wird jedes Interieur beleben. Indische Baumwollteppiche sind f\u00fcr ihre Langlebigkeit und Weichheit bekannt. Sehr angenehm f\u00fcr die F\u00fc\u00dfe, bieten sie Komfort f\u00fcr alle Haushaltsmitglieder.<\/p>\n<p>Gr\u00f6\u00dfe: 170x70cm<\/p>\n","protected":false},"excerpt":{"rendered":"<p>Der gelbe indische Baumwollteppich in der Gr\u00f6\u00dfe einer Yogamatte ist ideal f\u00fcr Flure, B\u00e4der, Wohnr\u00e4ume oder Yoga. Hergestellt aus 100% indischer Baumwolle in einem Familienbetrieb in Panipat. Diese kleine Stadt n\u00f6rdlich von Delhi ist bekannt f\u00fcr ihre Weber und ber\u00fchmt f\u00fcr ihre handgefertigten Textilien. Seine fr\u00f6hliche Farbe wird jedes Interieur beleben. Indische Baumwollteppiche sind f\u00fcr [&hellip;]<\/p>\n","protected":false},"featured_media":368761,"comment_status":"closed","ping_status":"open","template":"","meta":{"_angie_page":false},"product_brand":[],"product_cat":[14451,16871,16872],"product_tag":[],"class_list":{"0":"post-228761","1":"product","2":"type-product","3":"status-publish","4":"has-post-thumbnail","6":"product_cat-haus-und-gartendeko","7":"product_cat-teppiche","8":"product_cat-textilien","9":"pa_collection-indian-cotton-rug-de","10":"pa_made-in-indien","12":"first","13":"instock","14":"purchasable","15":"product-type-simple"},"supplier_id":null,"supplier_sku":"ICR-05","barcode":null,"atum_controlled":true,"out_stock_date":null,"out_stock_threshold":null,"inheritable":false,"inbound_stock":null,"stock_on_hold":0,"sold_today":0,"sales_last_days":0,"reserved_stock":null,"customer_returns":null,"warehouse_damage":null,"lost_in_post":null,"other_logs":null,"out_stock_days":0,"lost_sales":0,"has_location":null,"update_date":"2026-04-27T07:08:29","atum_locations":[],"atum_stock_status":"instock","restock_status":false,"low_stock_amount":"","sales_update_date":"2026-01-30T01:26:09","calc_backorders":null,"_links":{"self":[{"href":"https:\/\/aromasentia.com\/de\/wp-json\/wp\/v2\/product\/228761","targetHints":{"allow":["GET"]}}],"collection":[{"href":"https:\/\/aromasentia.com\/de\/wp-json\/wp\/v2\/product"}],"about":[{"href":"https:\/\/aromasentia.com\/de\/wp-json\/wp\/v2\/types\/product"}],"replies":[{"embeddable":true,"href":"https:\/\/aromasentia.com\/de\/wp-json\/wp\/v2\/comments?post=228761"}],"version-history":[{"count":0,"href":"https:\/\/aromasentia.com\/de\/wp-json\/wp\/v2\/product\/228761\/revisions"}],"wp:featuredmedia":[{"embeddable":true,"href":"https:\/\/aromasentia.com\/de\/wp-json\/wp\/v2\/media\/368761"}],"wp:attachment":[{"href":"https:\/\/aromasentia.com\/de\/wp-json\/wp\/v2\/media?parent=228761"}],"wp:term":[{"taxonomy":"product_brand","embeddable":true,"href":"https:\/\/aromasentia.com\/de\/wp-json\/wp\/v2\/product_brand?post=228761"},{"taxonomy":"product_cat","embeddable":true,"href":"https:\/\/aromasentia.com\/de\/wp-json\/wp\/v2\/product_cat?post=228761"},{"taxonomy":"product_tag","embeddable":true,"href":"https:\/\/aromasentia.com\/de\/wp-json\/wp\/v2\/product_tag?post=228761"}],"curies":[{"name":"wp","href":"https:\/\/api.w.org\/{rel}","templated":true}]}}