{"id":228721,"date":"2025-03-22T16:05:23","date_gmt":"2025-03-22T16:05:23","guid":{"rendered":"https:\/\/aromasentia.com\/product\/albasia-wood-fish-stand-greywash\/"},"modified":"2025-12-30T19:58:15","modified_gmt":"2025-12-30T19:58:15","slug":"pflanzenstaender-aus-albesia-holz-graugewaschen-fisch","status":"publish","type":"product","link":"https:\/\/aromasentia.com\/de\/pflanzenstaender-aus-albesia-holz-graugewaschen-fisch\/","title":{"rendered":"Pflanzenst\u00e4nder aus Albesia Holz &#8211; Graugewaschen-Fisch"},"content":{"rendered":"<p>Aroma Sentia \u2013 Fischst\u00e4nder aus Ping-Albasia-Holz \u2013 Greywash \u2013 werden aus 100 % echtem Albasia-Holz hergestellt, das sorgf\u00e4ltig ausgew\u00e4hlt wurde, um Ihnen ein einzigartiges M\u00f6belst\u00fcck zu bieten, das \u00fcberall auff\u00e4llt, wo Sie es hinstellen.<\/p>\n<p>Die St\u00e4nder werden von indonesischen Kunsthandwerkern auf Bali von Hand geschnitten, geschliffen und mit feinster Beize handbemalt.<\/p>\n<p>Sch\u00f6ne, leuchtende Farben in Kombination mit einem Used-Look bieten Ihren Kunden eine gr\u00f6\u00dfere Auswahl. Flach verpackt spart sie Platz bei Lagerung oder Nichtgebrauch.<\/p>\n<p>Lassen Sie Ihre Kunden eine kleine indonesische Pflanzenecke gestalten und bestellen Sie noch heute!<\/p>\n","protected":false},"excerpt":{"rendered":"<p>Aroma Sentia \u2013 Fischst\u00e4nder aus Ping-Albasia-Holz \u2013 Greywash \u2013 werden aus 100 % echtem Albasia-Holz hergestellt, das sorgf\u00e4ltig ausgew\u00e4hlt wurde, um Ihnen ein einzigartiges M\u00f6belst\u00fcck zu bieten, das \u00fcberall auff\u00e4llt, wo Sie es hinstellen. Die St\u00e4nder werden von indonesischen Kunsthandwerkern auf Bali von Hand geschnitten, geschliffen und mit feinster Beize handbemalt. Sch\u00f6ne, leuchtende Farben in [&hellip;]<\/p>\n","protected":false},"featured_media":368359,"comment_status":"closed","ping_status":"open","template":"","meta":{"_angie_page":false},"product_brand":[],"product_cat":[14451,16883],"product_tag":[],"class_list":{"0":"post-228721","1":"product","2":"type-product","3":"status-publish","4":"has-post-thumbnail","6":"product_cat-haus-und-gartendeko","7":"product_cat-mobel","8":"pa_collection-albasia-wooden-plant-stands-de","9":"pa_made-in-indonesien","11":"first","12":"instock","13":"purchasable","14":"product-type-simple"},"supplier_id":null,"supplier_sku":"HPS-08","barcode":null,"atum_controlled":true,"out_stock_date":null,"out_stock_threshold":null,"inheritable":false,"inbound_stock":null,"stock_on_hold":0,"sold_today":0,"sales_last_days":0,"reserved_stock":null,"customer_returns":null,"warehouse_damage":null,"lost_in_post":null,"other_logs":null,"out_stock_days":0,"lost_sales":0,"has_location":null,"update_date":"2026-04-27T07:07:58","atum_locations":[],"atum_stock_status":"instock","restock_status":false,"low_stock_amount":"","sales_update_date":"2026-02-06T00:02:28","calc_backorders":null,"_links":{"self":[{"href":"https:\/\/aromasentia.com\/de\/wp-json\/wp\/v2\/product\/228721","targetHints":{"allow":["GET"]}}],"collection":[{"href":"https:\/\/aromasentia.com\/de\/wp-json\/wp\/v2\/product"}],"about":[{"href":"https:\/\/aromasentia.com\/de\/wp-json\/wp\/v2\/types\/product"}],"replies":[{"embeddable":true,"href":"https:\/\/aromasentia.com\/de\/wp-json\/wp\/v2\/comments?post=228721"}],"version-history":[{"count":0,"href":"https:\/\/aromasentia.com\/de\/wp-json\/wp\/v2\/product\/228721\/revisions"}],"wp:featuredmedia":[{"embeddable":true,"href":"https:\/\/aromasentia.com\/de\/wp-json\/wp\/v2\/media\/368359"}],"wp:attachment":[{"href":"https:\/\/aromasentia.com\/de\/wp-json\/wp\/v2\/media?parent=228721"}],"wp:term":[{"taxonomy":"product_brand","embeddable":true,"href":"https:\/\/aromasentia.com\/de\/wp-json\/wp\/v2\/product_brand?post=228721"},{"taxonomy":"product_cat","embeddable":true,"href":"https:\/\/aromasentia.com\/de\/wp-json\/wp\/v2\/product_cat?post=228721"},{"taxonomy":"product_tag","embeddable":true,"href":"https:\/\/aromasentia.com\/de\/wp-json\/wp\/v2\/product_tag?post=228721"}],"curies":[{"name":"wp","href":"https:\/\/api.w.org\/{rel}","templated":true}]}}