{"id":228617,"date":"2025-03-22T16:05:35","date_gmt":"2025-03-22T16:05:35","guid":{"rendered":"https:\/\/aromasentia.com\/product\/molton-glass-on-wood-whisky-set\/"},"modified":"2025-12-30T19:57:51","modified_gmt":"2025-12-30T19:57:51","slug":"geschmolzenes-glas-auf-holz-whisky-set","status":"publish","type":"product","link":"https:\/\/aromasentia.com\/de\/geschmolzenes-glas-auf-holz-whisky-set\/","title":{"rendered":"Geschmolzenes Glas auf Holz &#8211; Whisky Set"},"content":{"rendered":"<p>Geschmolzenes Glas auf Holz \u2013 Das Whisky-Set wird auf Bali von Hand aus recyceltem Glas und balinesischem Gamal-Holz gefertigt.<\/p>\n<p>Dieses atemberaubende Whisky-Set aus geschmolzener Kunst vereint das Beste aus zwei Welten: nat\u00fcrlich und k\u00fcnstlich, erdig und schick, praktisch und spirituell. Das Glas ist mundgeblasen und wird noch hei\u00df \u00fcber ein St\u00fcck Gamal-Wurzel gelegt. Das Glas h\u00e4rtet dann aus und passt sich der Form des Holzes an, wodurch eine perfekte Passform gew\u00e4hrleistet wird.<\/p>\n<p>Sie werden aus einem Naturprodukt mit Handwerkzeugen nach traditioneller balinesischer Art gefertigt. Holen Sie sich die Natur ins Haus mit diesen wundersch\u00f6nen (und erschwinglichen) Naturkunstwerken, die Ihre Kunden unbedingt besitzen m\u00f6chten.&nbsp;<\/p>\n<p><span style=\"color: rgb(141, 186, 216);\"><strong>BITTE BEACHTEN<\/strong><\/span><strong><span style=\"color: rgb(141, 186, 216);\"><strong>:<\/strong> Dieses Produkt dient als Dekoration und ist nicht f\u00fcr Getr\u00e4nke geeignet.<\/span>&nbsp;<\/strong><\/p>\n<p><strong>Gr\u00f6\u00dfe der Flasche: H: 22 cm, B: 7 cm, L: 7 cm, Fassungsverm\u00f6gen: 500 ml. Gr\u00f6\u00dfe des Glases: H: 7 cm, Durchmesser 5 cm, Fassungsverm\u00f6gen 70 ml.<\/strong><\/p>\n","protected":false},"excerpt":{"rendered":"<p>Geschmolzenes Glas auf Holz \u2013 Das Whisky-Set wird auf Bali von Hand aus recyceltem Glas und balinesischem Gamal-Holz gefertigt. Dieses atemberaubende Whisky-Set aus geschmolzener Kunst vereint das Beste aus zwei Welten: nat\u00fcrlich und k\u00fcnstlich, erdig und schick, praktisch und spirituell. Das Glas ist mundgeblasen und wird noch hei\u00df \u00fcber ein St\u00fcck Gamal-Wurzel gelegt. Das Glas [&hellip;]<\/p>\n","protected":false},"featured_media":371394,"comment_status":"closed","ping_status":"open","template":"","meta":{"_angie_page":false},"product_brand":[],"product_cat":[17577,14451],"product_tag":[],"class_list":{"0":"post-228617","1":"product","2":"type-product","3":"status-publish","4":"has-post-thumbnail","6":"product_cat-glasdekor","7":"product_cat-haus-und-gartendeko","8":"pa_collection-molten-glass-on-wood-de","9":"pa_made-in-indonesien","11":"first","12":"instock","13":"purchasable","14":"product-type-simple"},"supplier_id":null,"supplier_sku":"MGW-07","barcode":null,"atum_controlled":true,"out_stock_date":null,"out_stock_threshold":null,"inheritable":false,"inbound_stock":null,"stock_on_hold":0,"sold_today":0,"sales_last_days":0,"reserved_stock":null,"customer_returns":null,"warehouse_damage":null,"lost_in_post":null,"other_logs":null,"out_stock_days":0,"lost_sales":0,"has_location":null,"update_date":"2026-05-08T05:13:10","atum_locations":[],"atum_stock_status":"instock","restock_status":false,"low_stock_amount":"","sales_update_date":"2026-02-06T00:02:05","calc_backorders":null,"_links":{"self":[{"href":"https:\/\/aromasentia.com\/de\/wp-json\/wp\/v2\/product\/228617","targetHints":{"allow":["GET"]}}],"collection":[{"href":"https:\/\/aromasentia.com\/de\/wp-json\/wp\/v2\/product"}],"about":[{"href":"https:\/\/aromasentia.com\/de\/wp-json\/wp\/v2\/types\/product"}],"replies":[{"embeddable":true,"href":"https:\/\/aromasentia.com\/de\/wp-json\/wp\/v2\/comments?post=228617"}],"version-history":[{"count":0,"href":"https:\/\/aromasentia.com\/de\/wp-json\/wp\/v2\/product\/228617\/revisions"}],"wp:featuredmedia":[{"embeddable":true,"href":"https:\/\/aromasentia.com\/de\/wp-json\/wp\/v2\/media\/371394"}],"wp:attachment":[{"href":"https:\/\/aromasentia.com\/de\/wp-json\/wp\/v2\/media?parent=228617"}],"wp:term":[{"taxonomy":"product_brand","embeddable":true,"href":"https:\/\/aromasentia.com\/de\/wp-json\/wp\/v2\/product_brand?post=228617"},{"taxonomy":"product_cat","embeddable":true,"href":"https:\/\/aromasentia.com\/de\/wp-json\/wp\/v2\/product_cat?post=228617"},{"taxonomy":"product_tag","embeddable":true,"href":"https:\/\/aromasentia.com\/de\/wp-json\/wp\/v2\/product_tag?post=228617"}],"curies":[{"name":"wp","href":"https:\/\/api.w.org\/{rel}","templated":true}]}}