{"id":228613,"date":"2025-03-22T16:05:35","date_gmt":"2025-03-22T16:05:35","guid":{"rendered":"https:\/\/aromasentia.com\/product\/molten-glass-on-wood-open-lrg-bowl\/"},"modified":"2025-12-30T19:57:51","modified_gmt":"2025-12-30T19:57:51","slug":"geschmolzenes-glas-auf-holz-grosse-breite-schuessel","status":"publish","type":"product","link":"https:\/\/aromasentia.com\/de\/geschmolzenes-glas-auf-holz-grosse-breite-schuessel\/","title":{"rendered":"Geschmolzenes Glas auf Holz-Gro\u00dfe, Breite Sch\u00fcssel"},"content":{"rendered":"<p>Unser handgemachtes geschmolzenes Glas auf Holz ist wahrscheinlich der gr\u00f6\u00dfte Hit aus Bali seit Jahren und in Holland bereits ein riesiger Trend. Alles, was mit Zimmerpflanzen und Nat\u00fcrlichkeit zu tun hat, liegt voll im Trend, und dieses sch\u00f6ne Naturprodukt liegt genau richtig. Es wird auf Bali von Hand aus recyceltem Glas und balinesischem Gamal-Holz f\u00fcr <strong>Aroma Sentia<\/strong> gefertigt. Diese atemberaubende Vase aus geschmolzenem Kunstglas vereint das Beste aus zwei Welten: nat\u00fcrlich und k\u00fcnstlich; erdig und schick; praktisch und spirituell.&nbsp;<\/p>\n<p>Das Glas ist mundgeblasen und wird, noch hei\u00df, \u00fcber ein St\u00fcck Gamal-Wurzel gelegt, wodurch das Glas aush\u00e4rtet und die Form des Holzes annimmt, um eine perfekte Passform zu gew\u00e4hrleisten. Sie werden aus einem Naturprodukt mit Handwerkzeugen auf traditionelle balinesische Weise gefertigt. Es bietet einen einzigartigen Rahmen f\u00fcr Steine und Luftpflanzen, Schnittblumen oder eine Weinkaraffe.<\/p>\n<p>Holen Sie sich die Natur ins Haus mit diesen wundersch\u00f6nen (und erschwinglichen) Naturkunstwerken.<\/p>\n<p>Bitte beachten: Da dieses Produkt handgefertigt ist, k\u00f6nnen kleine Unvollkommenheiten wie kleine Blasen und leichte Kratzer im Glas vorhanden sein.<\/p>\n<p><strong>Bitte beachten: Da dieses Produkt handgefertigt ist, k\u00f6nnen kleine Unvollkommenheiten wie kleine Blasen und leichte Kratzer im Glas vorhanden sein. Meist einzeln sicher verpackt.<\/strong> <\/p>\n<p><strong>Hei\u00dfer Preis? F\u00fcr einen unserer Bestseller.<\/strong><\/p>\n","protected":false},"excerpt":{"rendered":"<p>Unser handgemachtes geschmolzenes Glas auf Holz ist wahrscheinlich der gr\u00f6\u00dfte Hit aus Bali seit Jahren und in Holland bereits ein riesiger Trend. Alles, was mit Zimmerpflanzen und Nat\u00fcrlichkeit zu tun hat, liegt voll im Trend, und dieses sch\u00f6ne Naturprodukt liegt genau richtig. Es wird auf Bali von Hand aus recyceltem Glas und balinesischem Gamal-Holz f\u00fcr [&hellip;]<\/p>\n","protected":false},"featured_media":371385,"comment_status":"closed","ping_status":"open","template":"","meta":{"_angie_page":false},"product_brand":[],"product_cat":[17577,14451],"product_tag":[],"class_list":{"0":"post-228613","1":"product","2":"type-product","3":"status-publish","4":"has-post-thumbnail","6":"product_cat-glasdekor","7":"product_cat-haus-und-gartendeko","8":"pa_collection-molten-glass-on-wood-de","9":"pa_made-in-indonesien","11":"first","12":"instock","13":"purchasable","14":"product-type-simple"},"supplier_id":null,"supplier_sku":"MGW-06","barcode":null,"atum_controlled":true,"out_stock_date":null,"out_stock_threshold":null,"inheritable":false,"inbound_stock":null,"stock_on_hold":0,"sold_today":0,"sales_last_days":0,"reserved_stock":null,"customer_returns":null,"warehouse_damage":null,"lost_in_post":null,"other_logs":null,"out_stock_days":0,"lost_sales":0,"has_location":null,"update_date":"2026-04-27T07:12:41","atum_locations":[],"atum_stock_status":"instock","restock_status":false,"low_stock_amount":"","sales_update_date":"2025-09-05T00:29:24","calc_backorders":null,"_links":{"self":[{"href":"https:\/\/aromasentia.com\/de\/wp-json\/wp\/v2\/product\/228613","targetHints":{"allow":["GET"]}}],"collection":[{"href":"https:\/\/aromasentia.com\/de\/wp-json\/wp\/v2\/product"}],"about":[{"href":"https:\/\/aromasentia.com\/de\/wp-json\/wp\/v2\/types\/product"}],"replies":[{"embeddable":true,"href":"https:\/\/aromasentia.com\/de\/wp-json\/wp\/v2\/comments?post=228613"}],"version-history":[{"count":0,"href":"https:\/\/aromasentia.com\/de\/wp-json\/wp\/v2\/product\/228613\/revisions"}],"wp:featuredmedia":[{"embeddable":true,"href":"https:\/\/aromasentia.com\/de\/wp-json\/wp\/v2\/media\/371385"}],"wp:attachment":[{"href":"https:\/\/aromasentia.com\/de\/wp-json\/wp\/v2\/media?parent=228613"}],"wp:term":[{"taxonomy":"product_brand","embeddable":true,"href":"https:\/\/aromasentia.com\/de\/wp-json\/wp\/v2\/product_brand?post=228613"},{"taxonomy":"product_cat","embeddable":true,"href":"https:\/\/aromasentia.com\/de\/wp-json\/wp\/v2\/product_cat?post=228613"},{"taxonomy":"product_tag","embeddable":true,"href":"https:\/\/aromasentia.com\/de\/wp-json\/wp\/v2\/product_tag?post=228613"}],"curies":[{"name":"wp","href":"https:\/\/api.w.org\/{rel}","templated":true}]}}