{"id":228609,"date":"2025-03-22T16:05:35","date_gmt":"2025-03-22T16:05:35","guid":{"rendered":"https:\/\/aromasentia.com\/product\/molten-glass-on-wood-hanging-bowl\/"},"modified":"2025-12-30T19:57:51","modified_gmt":"2025-12-30T19:57:51","slug":"geschmolzenes-glas-auf-holz-haengenden-schuessel","status":"publish","type":"product","link":"https:\/\/aromasentia.com\/de\/geschmolzenes-glas-auf-holz-haengenden-schuessel\/","title":{"rendered":"Geschmolzenes Glas auf Holz &#8211; h\u00e4ngenden Sch\u00fcssel"},"content":{"rendered":"<p>Unser handgemachtes geschmolzenes Glas auf Holz ist wahrscheinlich der gr\u00f6\u00dfte Hit aus Bali seit Jahren und in Holland bereits ein riesiger Trend. Alles, was mit Zimmerpflanzen und Nat\u00fcrlichkeit zu tun hat, liegt voll im Trend, und dieses sch\u00f6ne Naturprodukt liegt genau richtig. Es wird auf Bali von Hand aus recyceltem Glas und balinesischem Gamal-Holz f\u00fcr <strong>Aroma Sentia &nbsp; Europe<\/strong> gefertigt. Diese atemberaubende Kunstglasvase <strong>Geschmolzenes Glas auf Holz \u2013 H\u00e4ngeschale<\/strong> vereint das Beste aus zwei Welten: nat\u00fcrlich und k\u00fcnstlich; erdig und schick; praktisch und spirituell.&nbsp;<\/p>\n<p>Das Glas ist mundgeblasen und wird, noch hei\u00df, \u00fcber ein St\u00fcck Gamal-Wurzel gelegt, wodurch das Glas aush\u00e4rtet und die Form des Holzes annimmt, um eine perfekte Passform zu gew\u00e4hrleisten. Sie werden aus einem Naturprodukt mit Handwerkzeugen auf traditionelle balinesische Weise gefertigt. Es bietet einen einzigartigen Rahmen f\u00fcr Steine und Luftpflanzen, Schnittblumen oder eine Weinkaraffe.<\/p>\n<p>Holen Sie sich die Natur ins Haus mit diesen wundersch\u00f6nen (und erschwinglichen) Naturkunstwerken.<\/p>\n<p><strong><span style=\"color: rgb(75, 80, 88);\">Bitte beachten: Da dieses Produkt handgefertigt ist, k\u00f6nnen kleine Unvollkommenheiten im Glas auftreten, wie z. B. kleine Blasen und leichte Kratzer. Meistens einzeln sicher verpackt.&nbsp;<\/span><\/strong><\/p>\n<p><strong><span style=\"color: rgb(75, 80, 88);\"><span style=\"color: rgb(141, 186, 216);\"><strong>Ihre Kunden werden dieses Produkt lieben. Bestellen Sie noch heute<strong><span style=\"color: rgb(141, 186, 216);\">? <\/span><\/strong><\/strong><\/span><\/span><\/strong><\/p>\n<p><strong>Kann an der Wand befestigt werden&#8230;<\/strong>Sch\u00fcsselgr\u00f6\u00dfe: H: 27 cm, T: 5 cm, auf dem St\u00e4nder 30 cm<\/p>\n","protected":false},"excerpt":{"rendered":"<p>Unser handgemachtes geschmolzenes Glas auf Holz ist wahrscheinlich der gr\u00f6\u00dfte Hit aus Bali seit Jahren und in Holland bereits ein riesiger Trend. Alles, was mit Zimmerpflanzen und Nat\u00fcrlichkeit zu tun hat, liegt voll im Trend, und dieses sch\u00f6ne Naturprodukt liegt genau richtig. Es wird auf Bali von Hand aus recyceltem Glas und balinesischem Gamal-Holz f\u00fcr [&hellip;]<\/p>\n","protected":false},"featured_media":371352,"comment_status":"closed","ping_status":"open","template":"","meta":{"_angie_page":false},"product_brand":[],"product_cat":[17577,14451],"product_tag":[],"class_list":{"0":"post-228609","1":"product","2":"type-product","3":"status-publish","4":"has-post-thumbnail","6":"product_cat-glasdekor","7":"product_cat-haus-und-gartendeko","8":"pa_collection-molten-glass-on-wood-de","9":"pa_made-in-indonesien","11":"first","12":"instock","13":"purchasable","14":"product-type-simple"},"supplier_id":null,"supplier_sku":"MGW-05","barcode":null,"atum_controlled":true,"out_stock_date":null,"out_stock_threshold":null,"inheritable":false,"inbound_stock":null,"stock_on_hold":0,"sold_today":0,"sales_last_days":0,"reserved_stock":null,"customer_returns":null,"warehouse_damage":null,"lost_in_post":null,"other_logs":null,"out_stock_days":0,"lost_sales":0,"has_location":null,"update_date":"2026-04-27T07:12:41","atum_locations":[],"atum_stock_status":"instock","restock_status":false,"low_stock_amount":"","sales_update_date":"2026-01-30T01:24:32","calc_backorders":null,"_links":{"self":[{"href":"https:\/\/aromasentia.com\/de\/wp-json\/wp\/v2\/product\/228609","targetHints":{"allow":["GET"]}}],"collection":[{"href":"https:\/\/aromasentia.com\/de\/wp-json\/wp\/v2\/product"}],"about":[{"href":"https:\/\/aromasentia.com\/de\/wp-json\/wp\/v2\/types\/product"}],"replies":[{"embeddable":true,"href":"https:\/\/aromasentia.com\/de\/wp-json\/wp\/v2\/comments?post=228609"}],"version-history":[{"count":0,"href":"https:\/\/aromasentia.com\/de\/wp-json\/wp\/v2\/product\/228609\/revisions"}],"wp:featuredmedia":[{"embeddable":true,"href":"https:\/\/aromasentia.com\/de\/wp-json\/wp\/v2\/media\/371352"}],"wp:attachment":[{"href":"https:\/\/aromasentia.com\/de\/wp-json\/wp\/v2\/media?parent=228609"}],"wp:term":[{"taxonomy":"product_brand","embeddable":true,"href":"https:\/\/aromasentia.com\/de\/wp-json\/wp\/v2\/product_brand?post=228609"},{"taxonomy":"product_cat","embeddable":true,"href":"https:\/\/aromasentia.com\/de\/wp-json\/wp\/v2\/product_cat?post=228609"},{"taxonomy":"product_tag","embeddable":true,"href":"https:\/\/aromasentia.com\/de\/wp-json\/wp\/v2\/product_tag?post=228609"}],"curies":[{"name":"wp","href":"https:\/\/api.w.org\/{rel}","templated":true}]}}