{"id":228593,"date":"2025-03-22T16:05:35","date_gmt":"2025-03-22T16:05:35","guid":{"rendered":"https:\/\/aromasentia.com\/product\/molten-glass-on-wood-small-bowl\/"},"modified":"2025-12-30T19:57:43","modified_gmt":"2025-12-30T19:57:43","slug":"geschmolzenes-glas-auf-holz-kleine-schuessel","status":"publish","type":"product","link":"https:\/\/aromasentia.com\/de\/geschmolzenes-glas-auf-holz-kleine-schuessel\/","title":{"rendered":"Geschmolzenes Glas auf Holz &#8211; kleine Sch\u00fcssel"},"content":{"rendered":"<p><strong><span style=\"color: rgb(75, 80, 88);\">Aroma Sentia<\/span><\/strong><span style=\"color: rgb(75, 80, 88);\">&nbsp; handgemachtes geschmolzenes Glas auf Holz ist endlich da. Wahrscheinlich der gr\u00f6\u00dfte Trend aus Bali seit Jahren, in Holland bereits ein riesiger Trend. Alles, was mit Zimmerpflanzen und Nat\u00fcrlichkeit zu tun hat, ist ein totaler Trend, und dieses sch\u00f6ne und nat\u00fcrliche Produkt liegt genau richtig. Es wird auf Bali von Hand aus recyceltem Glas und balinesischem Gamal-Holz gefertigt. Diese atemberaubende Vase aus geschmolzenem Kunstglas vereint das Beste aus zwei Welten: nat\u00fcrlich und k\u00fcnstlich; erdig und schick; praktisch und spirituell.&nbsp;<\/span><\/p>\n<p><span style=\"color: rgb(75, 80, 88);\"><strong>Geschmolzenes Glas auf Holz \u2013 Kleine Schale<\/strong>&nbsp; wird mundgeblasen und noch hei\u00df \u00fcber ein St\u00fcck Gamal-Wurzel gelegt, wodurch das Glas aush\u00e4rtet und die Form des Holzes annimmt, wodurch eine perfekte Passform gew\u00e4hrleistet wird. Sie werden aus einem Naturprodukt mit Handwerkzeugen auf traditionelle balinesische Weise gefertigt. Sie bieten einen einzigartigen Rahmen f\u00fcr Steine und Luftpflanzen, Schnittblumen, ein Aquarium oder eine Weinkaraffe. Jeder Artikel ist einzigartig, da er aus nat\u00fcrlichem, nachhaltigem Gamal-Holz hergestellt wird und das recycelte Glas passend geformt wird, was seine Authentizit\u00e4t unterstreicht. Ihre Kunden werden es lieben. Sie k\u00f6nnen f\u00fcr Zimmerpflanzen, Zen-G\u00e4rten, Fischgl\u00e4ser oder Schwimmkerzen verwendet werden.<\/span><\/p>\n<p><span style=\"color: rgb(75, 80, 88);\"><strong>Holen Sie sich die Natur ins Haus mit diesen wundersch\u00f6nen (und erschwinglichen) nat\u00fcrlichen Kunstwerken, die Ihre Kunden unbedingt besitzen wollen. <\/strong><\/span><\/p>\n<p><span style=\"color: rgb(75, 80, 88);\">Sch\u00fcsselgr\u00f6\u00dfe: H: 9 cm, T: 7 cm, auf dem Holzst\u00e4nder: H: 14 cm<\/span><\/p>\n<p><span style=\"color: rgb(75, 80, 88);\">Barcode: 5055796593620<\/span><\/p>\n<p><strong><span style=\"color: rgb(75, 80, 88);\">Bitte beachten: Da dieses Produkt handgefertigt ist, k\u00f6nnen kleine Unvollkommenheiten im Glas vorhanden sein, wie z. B. kleine Blasen und leichte Kratzer. Meistens einzeln sicher verpackt.<\/span><\/strong><\/p>\n<p><strong><span style=\"color: rgb(141, 186, 216);\">Ihre Kunden werden dieses Produkt lieben. Bestellen Sie noch heute<strong><span style=\"color: rgb(141, 186, 216);\">? <\/span><\/strong><\/span><\/strong><\/p>\n","protected":false},"excerpt":{"rendered":"<p>Aroma Sentia&nbsp; handgemachtes geschmolzenes Glas auf Holz ist endlich da. Wahrscheinlich der gr\u00f6\u00dfte Trend aus Bali seit Jahren, in Holland bereits ein riesiger Trend. Alles, was mit Zimmerpflanzen und Nat\u00fcrlichkeit zu tun hat, ist ein totaler Trend, und dieses sch\u00f6ne und nat\u00fcrliche Produkt liegt genau richtig. Es wird auf Bali von Hand aus recyceltem Glas [&hellip;]<\/p>\n","protected":false},"featured_media":371188,"comment_status":"closed","ping_status":"open","template":"","meta":{"_angie_page":false},"product_brand":[],"product_cat":[17577,14451],"product_tag":[],"class_list":{"0":"post-228593","1":"product","2":"type-product","3":"status-publish","4":"has-post-thumbnail","6":"product_cat-glasdekor","7":"product_cat-haus-und-gartendeko","8":"pa_collection-molten-glass-on-wood-de","9":"pa_made-in-indonesien","11":"first","12":"instock","13":"purchasable","14":"product-type-simple"},"supplier_id":null,"supplier_sku":"MGW-01","barcode":null,"atum_controlled":true,"out_stock_date":null,"out_stock_threshold":null,"inheritable":false,"inbound_stock":null,"stock_on_hold":0,"sold_today":0,"sales_last_days":0,"reserved_stock":null,"customer_returns":null,"warehouse_damage":null,"lost_in_post":null,"other_logs":null,"out_stock_days":0,"lost_sales":0,"has_location":null,"update_date":"2026-05-08T05:13:10","atum_locations":[],"atum_stock_status":"instock","restock_status":false,"low_stock_amount":"","sales_update_date":"2025-09-05T00:29:23","calc_backorders":null,"_links":{"self":[{"href":"https:\/\/aromasentia.com\/de\/wp-json\/wp\/v2\/product\/228593","targetHints":{"allow":["GET"]}}],"collection":[{"href":"https:\/\/aromasentia.com\/de\/wp-json\/wp\/v2\/product"}],"about":[{"href":"https:\/\/aromasentia.com\/de\/wp-json\/wp\/v2\/types\/product"}],"replies":[{"embeddable":true,"href":"https:\/\/aromasentia.com\/de\/wp-json\/wp\/v2\/comments?post=228593"}],"version-history":[{"count":0,"href":"https:\/\/aromasentia.com\/de\/wp-json\/wp\/v2\/product\/228593\/revisions"}],"wp:featuredmedia":[{"embeddable":true,"href":"https:\/\/aromasentia.com\/de\/wp-json\/wp\/v2\/media\/371188"}],"wp:attachment":[{"href":"https:\/\/aromasentia.com\/de\/wp-json\/wp\/v2\/media?parent=228593"}],"wp:term":[{"taxonomy":"product_brand","embeddable":true,"href":"https:\/\/aromasentia.com\/de\/wp-json\/wp\/v2\/product_brand?post=228593"},{"taxonomy":"product_cat","embeddable":true,"href":"https:\/\/aromasentia.com\/de\/wp-json\/wp\/v2\/product_cat?post=228593"},{"taxonomy":"product_tag","embeddable":true,"href":"https:\/\/aromasentia.com\/de\/wp-json\/wp\/v2\/product_tag?post=228593"}],"curies":[{"name":"wp","href":"https:\/\/api.w.org\/{rel}","templated":true}]}}