{"id":228573,"date":"2025-03-22T16:05:35","date_gmt":"2025-03-22T16:05:35","guid":{"rendered":"https:\/\/aromasentia.com\/product\/pastel-blue-macrame-dream-catcher-9cm-asst-colours-2\/"},"modified":"2025-12-30T19:57:43","modified_gmt":"2025-12-30T19:57:43","slug":"pastel-blue-macrame-dream-catcher-9cm-asst-colours","status":"publish","type":"product","link":"https:\/\/aromasentia.com\/de\/pastel-blue-macrame-dream-catcher-9cm-asst-colours\/","title":{"rendered":"Pastel Blue Macram\u00e9 Dream Catcher 9cm (asst colours)"},"content":{"rendered":"<p>Diese wundersch\u00f6nen Traumf\u00e4nger werden auf der spirituell gesegneten Insel Bali handgefertigt.<\/p>\n<p>Die guten Tr\u00e4ume gehen durch den Traumf\u00e4nger, w\u00e4hrend die schlechten, die den Weg nicht kennen, sich im Netz verfangen und mit dem ersten Licht der Morgend\u00e4mmerung vergehen. Auf Bali sind die Einheimischen eng mit der Geisterwelt verbunden und haben den Traumf\u00e4nger \u00fcbernommen und seine Kraft erneuert.<\/p>\n<p><strong>Einzelst\u00fcck. W\u00e4hlen Sie aus drei Varianten.<\/strong><\/p>\n<ol>\n<li><span style=\"color: rgb(184, 49, 47);\"><strong>T\u00fcrkis &#8211; Grau &#8211; Pink<\/strong><\/span><\/li>\n<li><strong><span style=\"color: rgb(184, 49, 47);\">T\u00fcrkis\/Wei\u00df &#8211; Seeblau &#8211; Schwarz<\/span><\/strong><\/li>\n<li><span style=\"color: rgb(184, 49, 47);\"><strong>Wei\u00df\/Kaffee &#8211; Grau &#8211; T\u00fcrkis<\/strong><\/span><\/li>\n<\/ol>\n<p><strong>Mit Liebe aus Baumwolle und Federn hergestellt und mit zus\u00e4tzlichen Segnungen versehen.<\/strong><\/p>\n<p><strong>S\u00fc\u00dfe Tr\u00e4ume.<\/strong><\/p>\n","protected":false},"excerpt":{"rendered":"<p>Diese wundersch\u00f6nen Traumf\u00e4nger werden auf der spirituell gesegneten Insel Bali handgefertigt. Die guten Tr\u00e4ume gehen durch den Traumf\u00e4nger, w\u00e4hrend die schlechten, die den Weg nicht kennen, sich im Netz verfangen und mit dem ersten Licht der Morgend\u00e4mmerung vergehen. Auf Bali sind die Einheimischen eng mit der Geisterwelt verbunden und haben den Traumf\u00e4nger \u00fcbernommen und seine [&hellip;]<\/p>\n","protected":false},"featured_media":371057,"comment_status":"closed","ping_status":"open","template":"","meta":[],"product_brand":[],"product_cat":[14451,14452],"product_tag":[],"class_list":{"0":"post-228573","1":"product","2":"type-product","3":"status-publish","4":"has-post-thumbnail","6":"product_cat-haus-und-gartendeko","7":"product_cat-makramees-und-traumfanger","8":"pa_collection-pastel-macrame-dream-catchers-de","9":"pa_made-in-indonesien","11":"first","12":"instock","13":"purchasable","14":"product-type-simple"},"supplier_id":null,"supplier_sku":"DSMDC-02","barcode":null,"atum_controlled":true,"out_stock_date":null,"out_stock_threshold":null,"inheritable":false,"inbound_stock":null,"stock_on_hold":0,"sold_today":0,"sales_last_days":0,"reserved_stock":null,"customer_returns":null,"warehouse_damage":null,"lost_in_post":null,"other_logs":null,"out_stock_days":0,"lost_sales":0,"has_location":null,"update_date":"2026-01-30T01:25:26","atum_locations":[],"atum_stock_status":"instock","restock_status":false,"low_stock_amount":"","sales_update_date":"2026-01-30T01:25:26","calc_backorders":null,"_links":{"self":[{"href":"https:\/\/aromasentia.com\/de\/wp-json\/wp\/v2\/product\/228573","targetHints":{"allow":["GET"]}}],"collection":[{"href":"https:\/\/aromasentia.com\/de\/wp-json\/wp\/v2\/product"}],"about":[{"href":"https:\/\/aromasentia.com\/de\/wp-json\/wp\/v2\/types\/product"}],"replies":[{"embeddable":true,"href":"https:\/\/aromasentia.com\/de\/wp-json\/wp\/v2\/comments?post=228573"}],"version-history":[{"count":0,"href":"https:\/\/aromasentia.com\/de\/wp-json\/wp\/v2\/product\/228573\/revisions"}],"wp:featuredmedia":[{"embeddable":true,"href":"https:\/\/aromasentia.com\/de\/wp-json\/wp\/v2\/media\/371057"}],"wp:attachment":[{"href":"https:\/\/aromasentia.com\/de\/wp-json\/wp\/v2\/media?parent=228573"}],"wp:term":[{"taxonomy":"product_brand","embeddable":true,"href":"https:\/\/aromasentia.com\/de\/wp-json\/wp\/v2\/product_brand?post=228573"},{"taxonomy":"product_cat","embeddable":true,"href":"https:\/\/aromasentia.com\/de\/wp-json\/wp\/v2\/product_cat?post=228573"},{"taxonomy":"product_tag","embeddable":true,"href":"https:\/\/aromasentia.com\/de\/wp-json\/wp\/v2\/product_tag?post=228573"}],"curies":[{"name":"wp","href":"https:\/\/api.w.org\/{rel}","templated":true}]}}