{"id":228533,"date":"2025-03-22T16:05:35","date_gmt":"2025-03-22T16:05:35","guid":{"rendered":"https:\/\/aromasentia.com\/product\/macrame-soft-chandelier-black\/"},"modified":"2025-12-30T19:57:35","modified_gmt":"2025-12-30T19:57:35","slug":"weicher-makramee-kronleuchter-schwarz","status":"publish","type":"product","link":"https:\/\/aromasentia.com\/de\/weicher-makramee-kronleuchter-schwarz\/","title":{"rendered":"Weicher Makramee-Kronleuchter &#8211; Schwarz"},"content":{"rendered":"<p>Verleihen Sie jedem Raum einen Hauch von Boho-Glamour mit unserem <strong>Aroma Sentia<\/strong> <span style=\"color: rgb(141, 186, 216);\"><strong>Makramee-Kronleuchter<\/strong><\/span>.<\/p>\n<p>Wenn Sie dem Makramee-Wahnsinn noch nicht erlegen sind, wissen Sie nicht, was Sie verpassen.<\/p>\n<p>Dieser Kronleuchter wurde in Indonesien aus lokal produziertem Baumwollseil handgewebt und ist ein einzigartiges Dekor im Boho-Chic-Stil, das in Ihrem Gesch\u00e4ft fantastisch aussehen wird.<\/p>\n<p>Ungef\u00e4hre Gr\u00f6\u00dfe: H: 80 cm, B: 50 cm<\/p>\n<p><strong>NB: Leuchte nicht enthalten. Verwenden Sie nur LED-\/Energiesparlampen, die k\u00fchl bleiben und nicht zu hei\u00df werden.&nbsp;<\/strong><\/p>\n<p><em>* Ganz nat\u00fcrlich * Handgewebt * Lokal produziert * Fair gehandelt *<\/em><\/p>\n<p><span style=\"color: rgb(141, 186, 216);\"><strong>Bestellen Sie noch heute. Ihre Kunden werden es lieben.<\/strong><\/span><\/p>\n","protected":false},"excerpt":{"rendered":"<p>Verleihen Sie jedem Raum einen Hauch von Boho-Glamour mit unserem Aroma Sentia Makramee-Kronleuchter. Wenn Sie dem Makramee-Wahnsinn noch nicht erlegen sind, wissen Sie nicht, was Sie verpassen. Dieser Kronleuchter wurde in Indonesien aus lokal produziertem Baumwollseil handgewebt und ist ein einzigartiges Dekor im Boho-Chic-Stil, das in Ihrem Gesch\u00e4ft fantastisch aussehen wird. Ungef\u00e4hre Gr\u00f6\u00dfe: H: 80 [&hellip;]<\/p>\n","protected":false},"featured_media":370973,"comment_status":"closed","ping_status":"open","template":"","meta":[],"product_brand":[],"product_cat":[14451],"product_tag":[],"class_list":{"0":"post-228533","1":"product","2":"type-product","3":"status-publish","4":"has-post-thumbnail","6":"product_cat-haus-und-gartendeko","7":"pa_made-in-indonesien","9":"first","10":"instock","11":"purchasable","12":"product-type-simple"},"supplier_id":null,"supplier_sku":"MChand-02","barcode":null,"atum_controlled":true,"out_stock_date":null,"out_stock_threshold":null,"inheritable":false,"inbound_stock":null,"stock_on_hold":0,"sold_today":0,"sales_last_days":0,"reserved_stock":null,"customer_returns":null,"warehouse_damage":null,"lost_in_post":null,"other_logs":null,"out_stock_days":0,"lost_sales":0,"has_location":null,"update_date":"2026-01-30T01:25:38","atum_locations":[],"atum_stock_status":"instock","restock_status":false,"low_stock_amount":"","sales_update_date":"2026-01-30T01:25:38","calc_backorders":null,"_links":{"self":[{"href":"https:\/\/aromasentia.com\/de\/wp-json\/wp\/v2\/product\/228533","targetHints":{"allow":["GET"]}}],"collection":[{"href":"https:\/\/aromasentia.com\/de\/wp-json\/wp\/v2\/product"}],"about":[{"href":"https:\/\/aromasentia.com\/de\/wp-json\/wp\/v2\/types\/product"}],"replies":[{"embeddable":true,"href":"https:\/\/aromasentia.com\/de\/wp-json\/wp\/v2\/comments?post=228533"}],"version-history":[{"count":0,"href":"https:\/\/aromasentia.com\/de\/wp-json\/wp\/v2\/product\/228533\/revisions"}],"wp:featuredmedia":[{"embeddable":true,"href":"https:\/\/aromasentia.com\/de\/wp-json\/wp\/v2\/media\/370973"}],"wp:attachment":[{"href":"https:\/\/aromasentia.com\/de\/wp-json\/wp\/v2\/media?parent=228533"}],"wp:term":[{"taxonomy":"product_brand","embeddable":true,"href":"https:\/\/aromasentia.com\/de\/wp-json\/wp\/v2\/product_brand?post=228533"},{"taxonomy":"product_cat","embeddable":true,"href":"https:\/\/aromasentia.com\/de\/wp-json\/wp\/v2\/product_cat?post=228533"},{"taxonomy":"product_tag","embeddable":true,"href":"https:\/\/aromasentia.com\/de\/wp-json\/wp\/v2\/product_tag?post=228533"}],"curies":[{"name":"wp","href":"https:\/\/api.w.org\/{rel}","templated":true}]}}