{"id":228525,"date":"2025-03-22T16:05:35","date_gmt":"2025-03-22T16:05:35","guid":{"rendered":"https:\/\/aromasentia.com\/product\/macrame-wall-hanging-natural-abundance\/"},"modified":"2025-12-30T19:57:35","modified_gmt":"2025-12-30T19:57:35","slug":"macrame-wall-hanging-natural-abundance","status":"publish","type":"product","link":"https:\/\/aromasentia.com\/de\/macrame-wall-hanging-natural-abundance\/","title":{"rendered":"Macrame Wall Hanging &#8211; Natural Abundance"},"content":{"rendered":"<p><span style=\"color: rgb(75, 80, 88);\"><strong>Aroma Sentia <\/strong><strong> <\/strong><strong>Makramee-Wandbehang \u2013 Nat\u00fcrliche F\u00fclle<\/strong><\/span><span style=\"color: rgb(141, 186, 216);\"><strong>e<\/strong><\/span> Wandbehang voller Boho-Atmosph\u00e4re, ethisch bezogen, produziert und fair gehandelt. Diese Wandbeh\u00e4nge sind von Stammeskunstobjekten und Boho-Chic-Dekor inspiriert. Es handelt sich um einzigartige Designs, die in Indonesien von einem Familienunternehmen aus nat\u00fcrlichen Materialien sorgf\u00e4ltig von Hand gefertigt werden. Sie vermitteln ein minimalistisches Gef\u00fchl und schaffen eine entspannte Atmosph\u00e4re im Raum. Sie passen perfekt in die Einrichtung von Wohnzimmern, Schlafzimmern, Wohnungen, Studentenwohnheimen, Babyzimmern, Kinderzimmern und sogar einem gem\u00fctlichen Caf\u00e9. oder ein Studio.<\/p>\n<p>Sie sind das perfekte Statement-Akzentst\u00fcck f\u00fcr das Kopfende Ihres Kundenbetts, an der Galeriewand oder kleinen\/schmalen Akzentw\u00e4nden, \u00fcber einem Sofa oder Kaminsims oder neben einem Fenster und verleihen jedem Raum einen Boho-Touch.<\/p>\n<p><span style=\"color: rgb(141, 186, 216);\"><strong>Erg\u00e4nzen Sie Ihr Produktportfolio und bestellen Sie noch heute.<\/strong><\/span><\/p>\n","protected":false},"excerpt":{"rendered":"<p>Aroma Sentia Makramee-Wandbehang \u2013 Nat\u00fcrliche F\u00fcllee Wandbehang voller Boho-Atmosph\u00e4re, ethisch bezogen, produziert und fair gehandelt. Diese Wandbeh\u00e4nge sind von Stammeskunstobjekten und Boho-Chic-Dekor inspiriert. Es handelt sich um einzigartige Designs, die in Indonesien von einem Familienunternehmen aus nat\u00fcrlichen Materialien sorgf\u00e4ltig von Hand gefertigt werden. Sie vermitteln ein minimalistisches Gef\u00fchl und schaffen eine entspannte Atmosph\u00e4re im Raum. [&hellip;]<\/p>\n","protected":false},"featured_media":370891,"comment_status":"closed","ping_status":"open","template":"","meta":[],"product_brand":[],"product_cat":[14451,14452],"product_tag":[],"class_list":{"0":"post-228525","1":"product","2":"type-product","3":"status-publish","4":"has-post-thumbnail","6":"product_cat-haus-und-gartendeko","7":"product_cat-makramees-und-traumfanger","8":"pa_collection-macrame-wall-hanging-de","9":"pa_made-in-indonesien","11":"first","12":"instock","13":"purchasable","14":"product-type-simple"},"supplier_id":null,"supplier_sku":"MacW-05","barcode":null,"atum_controlled":true,"out_stock_date":null,"out_stock_threshold":null,"inheritable":false,"inbound_stock":null,"stock_on_hold":0,"sold_today":0,"sales_last_days":0,"reserved_stock":null,"customer_returns":null,"warehouse_damage":null,"lost_in_post":null,"other_logs":null,"out_stock_days":0,"lost_sales":0,"has_location":null,"update_date":"2026-01-30T01:25:29","atum_locations":[],"atum_stock_status":"instock","restock_status":false,"low_stock_amount":"","sales_update_date":"2026-01-30T01:25:29","calc_backorders":null,"_links":{"self":[{"href":"https:\/\/aromasentia.com\/de\/wp-json\/wp\/v2\/product\/228525","targetHints":{"allow":["GET"]}}],"collection":[{"href":"https:\/\/aromasentia.com\/de\/wp-json\/wp\/v2\/product"}],"about":[{"href":"https:\/\/aromasentia.com\/de\/wp-json\/wp\/v2\/types\/product"}],"replies":[{"embeddable":true,"href":"https:\/\/aromasentia.com\/de\/wp-json\/wp\/v2\/comments?post=228525"}],"version-history":[{"count":0,"href":"https:\/\/aromasentia.com\/de\/wp-json\/wp\/v2\/product\/228525\/revisions"}],"wp:featuredmedia":[{"embeddable":true,"href":"https:\/\/aromasentia.com\/de\/wp-json\/wp\/v2\/media\/370891"}],"wp:attachment":[{"href":"https:\/\/aromasentia.com\/de\/wp-json\/wp\/v2\/media?parent=228525"}],"wp:term":[{"taxonomy":"product_brand","embeddable":true,"href":"https:\/\/aromasentia.com\/de\/wp-json\/wp\/v2\/product_brand?post=228525"},{"taxonomy":"product_cat","embeddable":true,"href":"https:\/\/aromasentia.com\/de\/wp-json\/wp\/v2\/product_cat?post=228525"},{"taxonomy":"product_tag","embeddable":true,"href":"https:\/\/aromasentia.com\/de\/wp-json\/wp\/v2\/product_tag?post=228525"}],"curies":[{"name":"wp","href":"https:\/\/api.w.org\/{rel}","templated":true}]}}