{"id":228413,"date":"2025-03-22T16:05:35","date_gmt":"2025-03-22T16:05:35","guid":{"rendered":"https:\/\/aromasentia.com\/product\/macrame-angel-harmony\/"},"modified":"2025-12-30T19:57:11","modified_gmt":"2025-12-30T19:57:11","slug":"makramee-engel-harmonie","status":"publish","type":"product","link":"https:\/\/aromasentia.com\/de\/makramee-engel-harmonie\/","title":{"rendered":"Makramee-Engel &#8211; Harmonie"},"content":{"rendered":"<p>Der aus einer Mischung verschiedener Farben gefertigte Harmonieengel steht f\u00fcr Zusammenarbeit, Liebe und Freundschaft. Er ist der Engel der Liebe, der im Einklang miteinander lebt. Aus Harmonie entstehen nat\u00fcrlich Wohlstand und Frieden. Warum nicht in unserer heutigen Welt voller Zwietracht und selbsts\u00fcchtiger Missachtung etwas Liebe und Freude mit diesem Engel bringen? Der Harmonieengel ist ein perfektes Geschenk f\u00fcr einen geliebten Menschen zum Geburtstag oder Jahrestag oder einfach, um Freundschaft und Liebe auszudr\u00fccken.<\/p>\n<p>Der <strong>Hati-Hati Makramee-Engel \u2013 Harmonie<\/strong> wird in Bergd\u00f6rfern aus reiner indonesischer Baumwolle handgewebt. Jeder Engel wird mit einer Brosch\u00fcre und einer sch\u00f6nen Geschenkbox geliefert. Das macht ihn zu einem wunderbaren kulturellen und liebevollen Geschenk.<\/p>\n<p>Hati-Hati ist ein gebr\u00e4uchliches indonesisches Wort und bedeutet \u201ePass auf dich auf\u201c. Diese Engel sollen allen, die sie halten, Liebe und F\u00fcrsorge bringen.<\/p>\n<p><strong>Ihre Kunden k\u00f6nnen den Engel an eine T\u00fcrklinke, einen Kleiderschrankknopf, einen Weihnachtsbaum, eine Tasche oder einfach \u00fcberall dort h\u00e4ngen, wo sie positive Energie sp\u00fcren m\u00f6chten. Sie k\u00f6nnen diese Engel sogar sammeln!<\/strong><\/p>\n<p><a href=\"https:\/\/aromasentia.com\/hatia\"><span style=\"color: rgb(149, 122, 101);\">Vielleicht gefallen Ihnen auch die Hati Hati-Engel aus nachhaltigem Suar-Holz.<\/span><\/a><\/p>\n<p><em>Engelgr\u00f6\u00dfe: 22 x 14 x 1 cm<\/em><\/p>\n<p><span style=\"color: rgb(141, 186, 216);\"><strong>Denken Sie daran, beim Weitergeben dieses Engels zu l\u00e4cheln und \u201eHati-Hati!\u201c zu sagen.<\/strong><\/span><\/p>\n","protected":false},"excerpt":{"rendered":"<p>Der aus einer Mischung verschiedener Farben gefertigte Harmonieengel steht f\u00fcr Zusammenarbeit, Liebe und Freundschaft. Er ist der Engel der Liebe, der im Einklang miteinander lebt. Aus Harmonie entstehen nat\u00fcrlich Wohlstand und Frieden. Warum nicht in unserer heutigen Welt voller Zwietracht und selbsts\u00fcchtiger Missachtung etwas Liebe und Freude mit diesem Engel bringen? Der Harmonieengel ist ein [&hellip;]<\/p>\n","protected":false},"featured_media":370167,"comment_status":"closed","ping_status":"open","template":"","meta":{"_angie_page":false},"product_brand":[],"product_cat":[14451,14452],"product_tag":[],"class_list":{"0":"post-228413","1":"product","2":"type-product","3":"status-publish","4":"has-post-thumbnail","6":"product_cat-haus-und-gartendeko","7":"product_cat-makramees-und-traumfanger","8":"pa_collection-hati-hati-macrame-angel-in-gift-box-de","9":"pa_made-in-indonesien","11":"first","12":"instock","13":"purchasable","14":"product-type-simple"},"supplier_id":null,"supplier_sku":"MacA-04","barcode":null,"atum_controlled":true,"out_stock_date":null,"out_stock_threshold":null,"inheritable":false,"inbound_stock":null,"stock_on_hold":0,"sold_today":0,"sales_last_days":0,"reserved_stock":null,"customer_returns":null,"warehouse_damage":null,"lost_in_post":null,"other_logs":null,"out_stock_days":0,"lost_sales":0,"has_location":null,"update_date":"2026-05-08T05:13:07","atum_locations":[],"atum_stock_status":"instock","restock_status":false,"low_stock_amount":"","sales_update_date":"2026-01-30T01:24:27","calc_backorders":null,"_links":{"self":[{"href":"https:\/\/aromasentia.com\/de\/wp-json\/wp\/v2\/product\/228413","targetHints":{"allow":["GET"]}}],"collection":[{"href":"https:\/\/aromasentia.com\/de\/wp-json\/wp\/v2\/product"}],"about":[{"href":"https:\/\/aromasentia.com\/de\/wp-json\/wp\/v2\/types\/product"}],"replies":[{"embeddable":true,"href":"https:\/\/aromasentia.com\/de\/wp-json\/wp\/v2\/comments?post=228413"}],"version-history":[{"count":0,"href":"https:\/\/aromasentia.com\/de\/wp-json\/wp\/v2\/product\/228413\/revisions"}],"wp:featuredmedia":[{"embeddable":true,"href":"https:\/\/aromasentia.com\/de\/wp-json\/wp\/v2\/media\/370167"}],"wp:attachment":[{"href":"https:\/\/aromasentia.com\/de\/wp-json\/wp\/v2\/media?parent=228413"}],"wp:term":[{"taxonomy":"product_brand","embeddable":true,"href":"https:\/\/aromasentia.com\/de\/wp-json\/wp\/v2\/product_brand?post=228413"},{"taxonomy":"product_cat","embeddable":true,"href":"https:\/\/aromasentia.com\/de\/wp-json\/wp\/v2\/product_cat?post=228413"},{"taxonomy":"product_tag","embeddable":true,"href":"https:\/\/aromasentia.com\/de\/wp-json\/wp\/v2\/product_tag?post=228413"}],"curies":[{"name":"wp","href":"https:\/\/api.w.org\/{rel}","templated":true}]}}