{"id":228401,"date":"2025-03-22T16:05:35","date_gmt":"2025-03-22T16:05:35","guid":{"rendered":"https:\/\/aromasentia.com\/product\/macrame-angel-rainbow\/"},"modified":"2025-12-30T19:57:11","modified_gmt":"2025-12-30T19:57:11","slug":"makramee-engel-regenbogen","status":"publish","type":"product","link":"https:\/\/aromasentia.com\/de\/makramee-engel-regenbogen\/","title":{"rendered":"Makramee-Engel &#8211; Regenbogen"},"content":{"rendered":"<p>Nach einem Sturm kommt die Sonne heraus und der Regenbogen erscheint \u2013 in vielen Kulturen symbolisiert er die Zukunft und das Versprechen besserer Zeiten. Der Regenbogen steht auch f\u00fcr die vielen Facetten unseres Charakters und die Reise der Selbstfindung, die uns die m\u00f6glichen Wege erhellt. Der Regenbogenengel ist ein perfektes Geschenk f\u00fcr jemanden, der tiefgreifende Ver\u00e4nderungen vor sich hat oder einen neuen Lebensabschnitt beginnt. Der <strong>Hati-Hati Makramee-Engel \u2013 Regenbogen<\/strong> wird in Bergd\u00f6rfern aus reiner indonesischer Baumwolle handgewebt. Jeder Engel wird mit einer Brosch\u00fcre und einer sch\u00f6nen Geschenkbox geliefert. Das macht ihn zu einem wunderbaren kulturellen und liebevollen Geschenk. Hati-Hati ist ein gebr\u00e4uchliches indonesisches Wort und bedeutet \u201ePass auf dich auf\u201c. Diese Engel sollen allen, die sie halten, Liebe und F\u00fcrsorge bringen.<\/p>\n<p><strong>Ihre Kunden k\u00f6nnen den Engel an eine T\u00fcrklinke, einen Schrankknopf, den Weihnachtsbaum, eine Tasche oder einfach \u00fcberall dort h\u00e4ngen, wo sie positive Energie sp\u00fcren m\u00f6chten. Sie k\u00f6nnen diese Engel sogar sammeln!<\/strong><\/p>\n<p><span style=\"color: rgb(149, 122, 101);\">Vielleicht gefallen Ihnen auch die Hati Hati-Engel aus nachhaltigem Suar-Holz.<\/span><\/p>\n<p><em>Engelgr\u00f6\u00dfe: 22 x 14 x 1 cm<\/em><\/p>\n<p><span style=\"color: rgb(141, 186, 216);\"><strong>Denken Sie daran, beim Weitergeben dieses Engels zu l\u00e4cheln und \u201eHati-Hati!\u201c zu sagen.<\/strong><\/span><\/p>\n","protected":false},"excerpt":{"rendered":"<p>Nach einem Sturm kommt die Sonne heraus und der Regenbogen erscheint \u2013 in vielen Kulturen symbolisiert er die Zukunft und das Versprechen besserer Zeiten. Der Regenbogen steht auch f\u00fcr die vielen Facetten unseres Charakters und die Reise der Selbstfindung, die uns die m\u00f6glichen Wege erhellt. Der Regenbogenengel ist ein perfektes Geschenk f\u00fcr jemanden, der tiefgreifende [&hellip;]<\/p>\n","protected":false},"featured_media":370092,"comment_status":"closed","ping_status":"open","template":"","meta":{"_angie_page":false},"product_brand":[],"product_cat":[14451,14452],"product_tag":[],"class_list":{"0":"post-228401","1":"product","2":"type-product","3":"status-publish","4":"has-post-thumbnail","6":"product_cat-haus-und-gartendeko","7":"product_cat-makramees-und-traumfanger","8":"pa_collection-hati-hati-macrame-angel-in-gift-box-de","9":"pa_made-in-indonesien","11":"first","12":"instock","13":"purchasable","14":"product-type-simple"},"supplier_id":null,"supplier_sku":"MacA-01","barcode":null,"atum_controlled":true,"out_stock_date":null,"out_stock_threshold":null,"inheritable":false,"inbound_stock":null,"stock_on_hold":0,"sold_today":0,"sales_last_days":0,"reserved_stock":null,"customer_returns":null,"warehouse_damage":null,"lost_in_post":null,"other_logs":null,"out_stock_days":0,"lost_sales":0,"has_location":null,"update_date":"2026-04-27T07:11:45","atum_locations":[],"atum_stock_status":"instock","restock_status":false,"low_stock_amount":"","sales_update_date":"2026-01-20T05:13:36","calc_backorders":null,"_links":{"self":[{"href":"https:\/\/aromasentia.com\/de\/wp-json\/wp\/v2\/product\/228401","targetHints":{"allow":["GET"]}}],"collection":[{"href":"https:\/\/aromasentia.com\/de\/wp-json\/wp\/v2\/product"}],"about":[{"href":"https:\/\/aromasentia.com\/de\/wp-json\/wp\/v2\/types\/product"}],"replies":[{"embeddable":true,"href":"https:\/\/aromasentia.com\/de\/wp-json\/wp\/v2\/comments?post=228401"}],"version-history":[{"count":0,"href":"https:\/\/aromasentia.com\/de\/wp-json\/wp\/v2\/product\/228401\/revisions"}],"wp:featuredmedia":[{"embeddable":true,"href":"https:\/\/aromasentia.com\/de\/wp-json\/wp\/v2\/media\/370092"}],"wp:attachment":[{"href":"https:\/\/aromasentia.com\/de\/wp-json\/wp\/v2\/media?parent=228401"}],"wp:term":[{"taxonomy":"product_brand","embeddable":true,"href":"https:\/\/aromasentia.com\/de\/wp-json\/wp\/v2\/product_brand?post=228401"},{"taxonomy":"product_cat","embeddable":true,"href":"https:\/\/aromasentia.com\/de\/wp-json\/wp\/v2\/product_cat?post=228401"},{"taxonomy":"product_tag","embeddable":true,"href":"https:\/\/aromasentia.com\/de\/wp-json\/wp\/v2\/product_tag?post=228401"}],"curies":[{"name":"wp","href":"https:\/\/api.w.org\/{rel}","templated":true}]}}