{"id":228389,"date":"2025-03-22T16:05:35","date_gmt":"2025-03-22T16:05:35","guid":{"rendered":"https:\/\/aromasentia.com\/product\/1x-linen-cushion-60-x-60-fring-polos\/"},"modified":"2025-12-30T19:57:03","modified_gmt":"2025-12-30T19:57:03","slug":"leinenkissen-60x60cm-mit-fransen","status":"publish","type":"product","link":"https:\/\/aromasentia.com\/de\/leinenkissen-60x60cm-mit-fransen\/","title":{"rendered":"Leinenkissen 60x60cm mit Fransen"},"content":{"rendered":"<p><span style=\"color: rgb(75, 80, 88);\"><strong>Aroma Sentia Drosphip Europe<\/strong> 1x Leinenkissen 60 x 60 Fransen-Polos bestehen aus 100 % Leinen und sind eine perfekte umweltfreundliche Alternative. Leinen ist ein nachwachsender und vollst\u00e4ndig biologisch abbaubarer Rohstoff. F\u00fcr seinen Anbau werden keine D\u00fcngemittel verwendet und es ben\u00f6tigt keine Bew\u00e4sserung. Das Material f\u00fchlt sich sehr weich und bequem an und l\u00e4dt zum Entspannen ein. Mit jedem Waschen und Tragen wird es weicher. Das liegt daran, dass die Leinenfasern beim Waschen brechen. Je l\u00e4nger Sie es tragen, desto feiner wird es.<\/span><\/p>\n","protected":false},"excerpt":{"rendered":"<p>Aroma Sentia Drosphip Europe 1x Leinenkissen 60 x 60 Fransen-Polos bestehen aus 100 % Leinen und sind eine perfekte umweltfreundliche Alternative. Leinen ist ein nachwachsender und vollst\u00e4ndig biologisch abbaubarer Rohstoff. F\u00fcr seinen Anbau werden keine D\u00fcngemittel verwendet und es ben\u00f6tigt keine Bew\u00e4sserung. Das Material f\u00fchlt sich sehr weich und bequem an und l\u00e4dt zum Entspannen [&hellip;]<\/p>\n","protected":false},"featured_media":370033,"comment_status":"closed","ping_status":"open","template":"","meta":[],"product_brand":[],"product_cat":[14451,17813,16872],"product_tag":[],"class_list":{"0":"post-228389","1":"product","2":"type-product","3":"status-publish","4":"has-post-thumbnail","6":"product_cat-haus-und-gartendeko","7":"product_cat-kissenbezuge","8":"product_cat-textilien","9":"pa_collection-linen-cushion-coverings-de","10":"pa_made-in-indonesien","12":"first","13":"instock","14":"purchasable","15":"product-type-simple"},"supplier_id":null,"supplier_sku":"LinC-02","barcode":null,"atum_controlled":true,"out_stock_date":null,"out_stock_threshold":null,"inheritable":false,"inbound_stock":null,"stock_on_hold":0,"sold_today":0,"sales_last_days":0,"reserved_stock":null,"customer_returns":null,"warehouse_damage":null,"lost_in_post":null,"other_logs":null,"out_stock_days":0,"lost_sales":0,"has_location":null,"update_date":"2026-02-12T05:47:11","atum_locations":[],"atum_stock_status":"instock","restock_status":false,"low_stock_amount":"","sales_update_date":"2025-09-05T00:29:08","calc_backorders":null,"_links":{"self":[{"href":"https:\/\/aromasentia.com\/de\/wp-json\/wp\/v2\/product\/228389","targetHints":{"allow":["GET"]}}],"collection":[{"href":"https:\/\/aromasentia.com\/de\/wp-json\/wp\/v2\/product"}],"about":[{"href":"https:\/\/aromasentia.com\/de\/wp-json\/wp\/v2\/types\/product"}],"replies":[{"embeddable":true,"href":"https:\/\/aromasentia.com\/de\/wp-json\/wp\/v2\/comments?post=228389"}],"version-history":[{"count":0,"href":"https:\/\/aromasentia.com\/de\/wp-json\/wp\/v2\/product\/228389\/revisions"}],"wp:featuredmedia":[{"embeddable":true,"href":"https:\/\/aromasentia.com\/de\/wp-json\/wp\/v2\/media\/370033"}],"wp:attachment":[{"href":"https:\/\/aromasentia.com\/de\/wp-json\/wp\/v2\/media?parent=228389"}],"wp:term":[{"taxonomy":"product_brand","embeddable":true,"href":"https:\/\/aromasentia.com\/de\/wp-json\/wp\/v2\/product_brand?post=228389"},{"taxonomy":"product_cat","embeddable":true,"href":"https:\/\/aromasentia.com\/de\/wp-json\/wp\/v2\/product_cat?post=228389"},{"taxonomy":"product_tag","embeddable":true,"href":"https:\/\/aromasentia.com\/de\/wp-json\/wp\/v2\/product_tag?post=228389"}],"curies":[{"name":"wp","href":"https:\/\/api.w.org\/{rel}","templated":true}]}}